{"id":236,"date":"2024-04-20T18:18:12","date_gmt":"2024-04-20T18:18:12","guid":{"rendered":"https:\/\/bptps.lv\/?page_id=236"},"modified":"2024-12-23T12:34:50","modified_gmt":"2024-12-23T10:34:50","slug":"academic-philosophy","status":"publish","type":"page","link":"https:\/\/bptps.lv\/se\/academic-philosophy\/","title":{"rendered":"Akademisk filosofi"},"content":{"rendered":"[et_pb_section fb_built=\u201d1\u2033 admin_label=\u201dHeader\u201d _builder_version=\u201d4.22.1\u2033 _module_preset=\u201ddefault\u201d use_background_color_gradient=\u201don\u201d background_color_gradient_stops=\u201drgba(42,47,49,0.7) 0%|#000000 100%\u201d background_color_gradient_overlays_image=\u201don\u201d background_image=\u201dhttps:\/\/bptps.lv\/wp-content\/uploads\/2024\/01\/online-university-21.jpg\u201d da_disable_devices=\u201doff|off|off\u201d collapsed=\u201don\u201d global_colors_info=\u201d{}\u201d da_is_popup=\u201doff\u201d da_exit_intent=\u201doff\u201d da_has_close=\u201don\u201d da_alt_close=\u201doff\u201d da_dark_close=\u201dav\u201d da_not_modal=\u201dp\u00e5\u201d da_is_singular=\u201dav\u201d da_with_loader=\u201dav\u201d da_has_shadow=\u201dp\u00e5\u201d][et_pb_row column_structure=\u201d2_3,1_3\u2033 _builder_version=\u201d4.24.3\u2033 _module_preset=\u201dstandard\u201d width=\u201d85%\u201d global_colors_info=\u201d{}\u201d][et_pb_column type=\u201d2_3\u2033 _builder_version=\u201d4.19.2\u2033 _module_preset=\u201dstandard\u201d global_colors_info=\u201d{}\u201d][et_pb_text _builder_version=\u201d4.24.3\u2033 _module_preset=\u201dcdabf446-f986-4b7a-9cd0-68236c4ee1a9\u2033 header_text_color=\u201d#FFFFFFF\u201d header_font_size=\u201d64px\u201d width=\u201d100%\u201d custom_margin=\u201d||10px||false|false\u201d custom_padding=\u201d|0px||||\u201d global_colors_info=\u201d{}\u201d]<h1>Akademisk filosofi<\/h1>[\/et_pb_text][et_pb_text module_class=\u201ddivi-toggle-text\u201d _builder_version=\u201d4.24.3\u2033 _module_preset=\u201d83b54b2c-74f1-4fe8-b305-d7ca2a4f90bd\u201d text_text_color=\u201d#FFFFFFF\u201d text_font_size=\u201d19px\u201d width=\u201d100%\u201d custom_margin=\u201d|-373px||||\u201d custom_padding=\u201d|0px||||\u201d hover_enabled=\u201d0\u2033 global_colors_info=\u201d{}\u201d sticky_enabled=\u201d0\u2033]<p style=\"text-align: justify;\">V\u00e5r akademiska filosofi vid Baltic Playback Theatre and Psychodrama School (BPTPS) \u00e4r rotad i tron att utbildning \u00e4r en transformativ och st\u00e4rkande process. Vi ser l\u00e4rande som en resa f\u00f6r sj\u00e4lvuppt\u00e4ckt och tillv\u00e4xt, d\u00e4r individer uppmuntras att utforska sin kreativitet, utveckla sina f\u00e4rdigheter och f\u00f6rdjupa sin f\u00f6rst\u00e5else f\u00f6r sig sj\u00e4lva och omv\u00e4rlden.<\/p>\n<p style=\"text-align: justify;\">Centralt i v\u00e5r filosofi \u00e4r id\u00e9n att utbildning ska vara holistisk och inkluderande och omfatta olika perspektiv och erfarenheter. Vi v\u00e4rdes\u00e4tter upplevelsebaserat l\u00e4rande, aktivt deltagande och praktisk praktik som v\u00e4sentliga komponenter i effektiv utbildning. Genom att engagera sig i verkliga utmaningar och m\u00f6jligheter f\u00e5r eleverna praktiska f\u00e4rdigheter och kunskaper som de kan till\u00e4mpa i sina personliga och professionella liv.<\/p>\n<p style=\"text-align: justify;\">P\u00e5 BPTPS betonar vi vikten av att fr\u00e4mja en st\u00f6djande och samarbetande l\u00e4rmilj\u00f6. Vi tror p\u00e5 kraften i gemenskap och kollektiv visdom, d\u00e4r elever l\u00e4r av varandra, delar med sig av sina insikter och st\u00f6ttar varandra i deras utbildningsresa.<\/p>\n<p style=\"text-align: justify;\">Dessutom \u00e4r vi engagerade i att fr\u00e4mja social r\u00e4ttvisa, j\u00e4mlikhet och inkludering i alla aspekter av v\u00e5ra akademiska program. Vi inser vikten av m\u00e5ngfald och str\u00e4var efter att skapa l\u00e4randemilj\u00f6er som respekterar och hyllar varje individs unika identiteter och erfarenheter.<\/p>\n<p style=\"text-align: justify;\">Sammantaget styrs v\u00e5r akademiska filosofi av ett engagemang f\u00f6r spetskompetens, integritet och livsl\u00e5ngt l\u00e4rande. Vi str\u00e4var efter att ge individer m\u00f6jlighet att n\u00e5 sin fulla potential, g\u00f6ra meningsfulla bidrag till samh\u00e4llet och skapa positiv f\u00f6r\u00e4ndring i v\u00e4rlden.<\/p>[\/et_pb_text][\/et_pb_column][et_pb_column type=&#8221;1_3&#8243; _builder_version=&#8221;4.19.2&#8243; _module_preset=&#8221;default&#8221; global_colors_info=&#8221;{}&#8221;][\/et_pb_column][\/et_pb_row][\/et_pb_section][et_pb_section fb_built=&#8221;1&#8243; admin_label=&#8221;Call to Action&#8221; _builder_version=&#8221;4.22.1&#8243; _module_preset=&#8221;default&#8221; background_color=&#8221;#000000&#8243; use_background_color_gradient=&#8221;on&#8221; background_color_gradient_direction=&#8221;90deg&#8221; background_color_gradient_stops=&#8221;gcid-18a7d06a-1ed9-4e8b-bef0-ea365f6c384a 50%|#000000 50%&#8221; custom_padding=&#8221;0px||0px||true|false&#8221; background_last_edited=&#8221;on|desktop&#8221; use_background_color_gradient_tablet=&#8221;off&#8221; da_disable_devices=&#8221;off|off|off&#8221; locked=&#8221;off&#8221; collapsed=&#8221;off&#8221; global_colors_info=&#8221;{}&#8221; da_is_popup=&#8221;off&#8221; da_exit_intent=&#8221;off&#8221; da_has_close=&#8221;on&#8221; da_alt_close=&#8221;off&#8221; da_dark_close=&#8221;off&#8221; da_not_modal=&#8221;on&#8221; da_is_singular=&#8221;off&#8221; da_with_loader=&#8221;off&#8221; da_has_shadow=&#8221;on&#8221;][et_pb_row column_structure=&#8221;1_3,2_3&#8243; use_custom_gutter=&#8221;on&#8221; gutter_width=&#8221;1&#8243; make_equal=&#8221;on&#8221; _builder_version=&#8221;4.21.0&#8243; _module_preset=&#8221;default&#8221; custom_padding=&#8221;0px||0px||true|false&#8221; global_colors_info=&#8221;{}&#8221;][et_pb_column type=&#8221;1_3&#8243; _builder_version=&#8221;4.19.1&#8243; _module_preset=&#8221;default&#8221; global_colors_info=&#8221;{}&#8221;][et_pb_image src=&#8221;https:\/\/bptps.lv\/wp-content\/uploads\/2024\/05\/20240502_224337-1-scaled.jpg&#8221; title_text=&#8221;20240502_224337-1&#8243; _builder_version=&#8221;4.24.3&#8243; _module_preset=&#8221;default&#8221; custom_margin=&#8221;|||-24vw|false|false&#8221; custom_margin_tablet=&#8221;||30px|0vw|false|false&#8221; custom_margin_phone=&#8221;||30px|0vw|false|false&#8221; custom_margin_last_edited=&#8221;on|desktop&#8221; border_radii=&#8221;off|||30px|&#8221; global_colors_info=&#8221;{}&#8221;][\/et_pb_image][\/et_pb_column][et_pb_column type=&#8221;2_3&#8243; _builder_version=&#8221;4.21.0&#8243; _module_preset=&#8221;default&#8221; background_color=&#8221;gcid-18a7d06a-1ed9-4e8b-bef0-ea365f6c384a&#8221; custom_padding=&#8221;60px|60px|60px|60px|true|true&#8221; custom_padding_tablet=&#8221;30px|30px|30px|30px|true|true&#8221; custom_padding_phone=&#8221;20px|20px|20px|20px|true|true&#8221; custom_padding_last_edited=&#8221;on|tablet&#8221; border_radii=&#8221;off||30px||&#8221; global_colors_info=&#8221;{%22gcid-18a7d06a-1ed9-4e8b-bef0-ea365f6c384a%22:%91%22background_color%22%93}&#8221;][et_pb_text _builder_version=&#8221;4.21.0&#8243; _module_preset=&#8221;21c197a6-ebf4-4ccd-bf64-995217b0b0b8&#8243; global_colors_info=&#8221;{}&#8221;]<h2>Under utbildningen<\/h2>[\/et_pb_text][et_pb_text _builder_version=\u201d4.24.3\u2033 _module_preset=\u201d83b54b2c-74f1-4fe8-b305-d7ca2a4f90bd\u201d text_font_size=\u201d18px\u201d custom_margin=\u201d||30px||false|false\u201d hover_enabled=\u201d0\u2033 global_colors_info=\u201d{}\u201d sticky_enabled=\u201d0\u2033 custom_padding=\u201d||0px|||\u201d]<p style=\"text-align: justify;\">Uppspelningsteatermetoder g\u00f6r att du kan bli mer:<\/p>\n<table style=\"border-collapse: collapse; width: 100%;\" border=\"1\">\n<tbody>\n<tr>\n<td style=\"width: 50%;\">\n<p>I personlig utveckling<\/p>\n<ul>\n<li>\u00c4kta<\/li>\n<li>Spontan<\/li>\n<li>Fri<\/li>\n<li>F\u00f6rtroende<\/li>\n<li>Kreativ<\/li>\n<li>R\u00e5dig<\/li>\n<li>Flexibel<\/li>\n<li>Sj\u00e4lvs\u00e4ker<\/li>\n<li>\u00d6ppen<\/li>\n<li>Uttrycksfull<\/li>\n<li>Intressant<\/li>\n<\/ul>\n<\/td>\n<td style=\"width: 50%;\">\n<p>I sociala relationer<\/p>\n<ul>\n<li>Lugna<\/li>\n<li>Accepterar<\/li>\n<li>Balanserad<\/li>\n<li>Klok<\/li>\n<li>Aktiva<\/li>\n<li>Tolerant<\/li>\n<li>Kommunikationsv\u00e4nlig<\/li>\n<li>Medveten om komplexiteten och djupet i sociala processer<\/li>\n<\/ul>\n<\/td>\n<\/tr>\n<\/tbody>\n<\/table>\n<p style=\"text-align: justify;\">Utbildningsprogrammet f\u00f6r playbackteater garanterar utvecklingen av:<\/p>\n<ul style=\"text-align: justify;\">\n<li>Autenticitet \u2013 att vara sann mot sig sj\u00e4lv,<\/li>\n<li>Anpassningsf\u00f6rm\u00e5ga \u2013 k\u00e4nna sj\u00e4lvf\u00f6rtroende i alla situationer,<\/li>\n<li>M\u00e4nsklighet \u2013 i alla situationer.<\/li>\n<\/ul>\n<p style=\"text-align: justify;\">Efter avslutad kurs \u00e4r det om\u00f6jligt att inte \u00e4ndra sig.<\/p>[\/et_pb_text][\/et_pb_kolumn][\/et_pb_rad][\/et_pb_sektion]","protected":false},"excerpt":{"rendered":"<p>Akademisk filosofiV\u00e5r akademiska filosofi p\u00e5 Baltic Playback Theater and Psychodrama School (BPTPS) \u00e4r f\u00f6rankrad i tron att utbildning \u00e4r en transformerande och st\u00e4rkande process. Vi ser l\u00e4rande som en [\u2026]<\/p>","protected":false},"author":2,"featured_media":0,"parent":0,"menu_order":0,"comment_status":"closed","ping_status":"closed","template":"","meta":{"_et_pb_use_builder":"on","_et_pb_old_content":"","_et_gb_content_width":"","_price":"","_stock":"","_tribe_ticket_header":"","_tribe_default_ticket_provider":"","_tribe_ticket_capacity":"0","_ticket_start_date":"","_ticket_end_date":"","_tribe_ticket_show_description":"","_tribe_ticket_show_not_going":false,"_tribe_ticket_use_global_stock":"","_tribe_ticket_global_stock_level":"","_global_stock_mode":"","_global_stock_cap":"","_tribe_rsvp_for_event":"","_tribe_ticket_going_count":"","_tribe_ticket_not_going_count":"","_tribe_tickets_list":"[]","_tribe_ticket_has_attendee_info_fields":false,"footnotes":"","_tec_slr_enabled":"","_tec_slr_layout":""},"class_list":["post-236","page","type-page","status-publish","hentry"],"yoast_head":"<!-- This site is optimized with the Yoast SEO plugin v26.1.1 - https:\/\/yoast.com\/wordpress\/plugins\/seo\/ -->\n<title>Academic Philosophy - Baltic Playback Theatre and Psychodrama School<\/title>\n<meta name=\"description\" content=\"Our academic philosophy at Baltic Playback Theater and Psychodrama School is rooted in the belief that education is a transformative and empowering process.\" \/>\n<meta name=\"robots\" content=\"index, follow, max-snippet:-1, max-image-preview:large, max-video-preview:-1\" \/>\n<link rel=\"canonical\" href=\"https:\/\/bptps.lv\/se\/academic-philosophy\/\" \/>\n<meta property=\"og:locale\" content=\"sv_SE\" \/>\n<meta property=\"og:type\" content=\"article\" \/>\n<meta property=\"og:title\" content=\"Academic Philosophy - Baltic Playback Theatre and Psychodrama School\" \/>\n<meta property=\"og:description\" content=\"Our academic philosophy at Baltic Playback Theater and Psychodrama School is rooted in the belief that education is a transformative and empowering process.\" \/>\n<meta property=\"og:url\" content=\"https:\/\/bptps.lv\/se\/academic-philosophy\/\" \/>\n<meta property=\"og:site_name\" content=\"Baltic Playback Theatre and Psychodrama School\" \/>\n<meta property=\"article:publisher\" content=\"https:\/\/www.facebook.com\/profile.php?id=61558483709834\" \/>\n<meta property=\"article:modified_time\" content=\"2024-12-23T10:34:50+00:00\" \/>\n<meta name=\"twitter:card\" content=\"summary_large_image\" \/>\n<meta name=\"twitter:site\" content=\"@bptps_lv\" \/>\n<meta name=\"twitter:label1\" content=\"Ber\u00e4knad l\u00e4stid\" \/>\n\t<meta name=\"twitter:data1\" content=\"2 minuter\" \/>\n<script type=\"application\/ld+json\" class=\"yoast-schema-graph\">{\"@context\":\"https:\/\/schema.org\",\"@graph\":[{\"@type\":\"WebPage\",\"@id\":\"https:\/\/bptps.lv\/academic-philosophy\/\",\"url\":\"https:\/\/bptps.lv\/academic-philosophy\/\",\"name\":\"Academic Philosophy - Baltic Playback Theatre and Psychodrama School\",\"isPartOf\":{\"@id\":\"https:\/\/bptps.lv\/#website\"},\"datePublished\":\"2024-04-20T18:18:12+00:00\",\"dateModified\":\"2024-12-23T10:34:50+00:00\",\"description\":\"Our academic philosophy at Baltic Playback Theater and Psychodrama School is rooted in the belief that education is a transformative and empowering process.\",\"breadcrumb\":{\"@id\":\"https:\/\/bptps.lv\/academic-philosophy\/#breadcrumb\"},\"inLanguage\":\"sv-SE\",\"potentialAction\":[{\"@type\":\"ReadAction\",\"target\":[\"https:\/\/bptps.lv\/academic-philosophy\/\"]}]},{\"@type\":\"BreadcrumbList\",\"@id\":\"https:\/\/bptps.lv\/academic-philosophy\/#breadcrumb\",\"itemListElement\":[{\"@type\":\"ListItem\",\"position\":1,\"name\":\"Home\",\"item\":\"https:\/\/bptps.lv\/\"},{\"@type\":\"ListItem\",\"position\":2,\"name\":\"Academic Philosophy\"}]},{\"@type\":\"WebSite\",\"@id\":\"https:\/\/bptps.lv\/#website\",\"url\":\"https:\/\/bptps.lv\/\",\"name\":\"Baltic Playback Theatre and Psychodrama School\",\"description\":\"Baltic Playback Theatre and Psychodrama School\",\"publisher\":{\"@id\":\"https:\/\/bptps.lv\/#organization\"},\"potentialAction\":[{\"@type\":\"SearchAction\",\"target\":{\"@type\":\"EntryPoint\",\"urlTemplate\":\"https:\/\/bptps.lv\/?s={search_term_string}\"},\"query-input\":{\"@type\":\"PropertyValueSpecification\",\"valueRequired\":true,\"valueName\":\"search_term_string\"}}],\"inLanguage\":\"sv-SE\"},{\"@type\":\"Organization\",\"@id\":\"https:\/\/bptps.lv\/#organization\",\"name\":\"Baltic Playback Theatre and Psychodrama School\",\"url\":\"https:\/\/bptps.lv\/\",\"logo\":{\"@type\":\"ImageObject\",\"inLanguage\":\"sv-SE\",\"@id\":\"https:\/\/bptps.lv\/#\/schema\/logo\/image\/\",\"url\":\"https:\/\/bptps.lv\/wp-content\/uploads\/2024\/04\/BPTPS-logo1.jpg\",\"contentUrl\":\"https:\/\/bptps.lv\/wp-content\/uploads\/2024\/04\/BPTPS-logo1.jpg\",\"width\":1599,\"height\":1600,\"caption\":\"Baltic Playback Theatre and Psychodrama School\"},\"image\":{\"@id\":\"https:\/\/bptps.lv\/#\/schema\/logo\/image\/\"},\"sameAs\":[\"https:\/\/www.facebook.com\/profile.php?id=61558483709834\",\"https:\/\/x.com\/bptps_lv\",\"https:\/\/www.instagram.com\/bptps.lv\/\",\"https:\/\/www.linkedin.com\/in\/bptps-797117338\/\",\"https:\/\/t.me\/bptps_lv\",\"https:\/\/www.youtube.com\/@BPTPS_LV\"]}]}<\/script>\n<!-- \/ Yoast SEO plugin. -->","yoast_head_json":{"title":"Academic Philosophy - Baltic Playback Theatre and Psychodrama School","description":"Our academic philosophy at Baltic Playback Theater and Psychodrama School is rooted in the belief that education is a transformative and empowering process.","robots":{"index":"index","follow":"follow","max-snippet":"max-snippet:-1","max-image-preview":"max-image-preview:large","max-video-preview":"max-video-preview:-1"},"canonical":"https:\/\/bptps.lv\/se\/academic-philosophy\/","og_locale":"sv_SE","og_type":"article","og_title":"Academic Philosophy - Baltic Playback Theatre and Psychodrama School","og_description":"Our academic philosophy at Baltic Playback Theater and Psychodrama School is rooted in the belief that education is a transformative and empowering process.","og_url":"https:\/\/bptps.lv\/se\/academic-philosophy\/","og_site_name":"Baltic Playback Theatre and Psychodrama School","article_publisher":"https:\/\/www.facebook.com\/profile.php?id=61558483709834","article_modified_time":"2024-12-23T10:34:50+00:00","twitter_card":"summary_large_image","twitter_site":"@bptps_lv","twitter_misc":{"Ber\u00e4knad l\u00e4stid":"2 minuter"},"schema":{"@context":"https:\/\/schema.org","@graph":[{"@type":"WebPage","@id":"https:\/\/bptps.lv\/academic-philosophy\/","url":"https:\/\/bptps.lv\/academic-philosophy\/","name":"Academic Philosophy - Baltic Playback Theatre and Psychodrama School","isPartOf":{"@id":"https:\/\/bptps.lv\/#website"},"datePublished":"2024-04-20T18:18:12+00:00","dateModified":"2024-12-23T10:34:50+00:00","description":"Our academic philosophy at Baltic Playback Theater and Psychodrama School is rooted in the belief that education is a transformative and empowering process.","breadcrumb":{"@id":"https:\/\/bptps.lv\/academic-philosophy\/#breadcrumb"},"inLanguage":"sv-SE","potentialAction":[{"@type":"ReadAction","target":["https:\/\/bptps.lv\/academic-philosophy\/"]}]},{"@type":"BreadcrumbList","@id":"https:\/\/bptps.lv\/academic-philosophy\/#breadcrumb","itemListElement":[{"@type":"ListItem","position":1,"name":"Home","item":"https:\/\/bptps.lv\/"},{"@type":"ListItem","position":2,"name":"Academic Philosophy"}]},{"@type":"WebSite","@id":"https:\/\/bptps.lv\/#website","url":"https:\/\/bptps.lv\/","name":"Baltic Playback Theatre and Psychodrama School","description":"Baltic Playback Theatre and Psychodrama School","publisher":{"@id":"https:\/\/bptps.lv\/#organization"},"potentialAction":[{"@type":"SearchAction","target":{"@type":"EntryPoint","urlTemplate":"https:\/\/bptps.lv\/?s={search_term_string}"},"query-input":{"@type":"PropertyValueSpecification","valueRequired":true,"valueName":"search_term_string"}}],"inLanguage":"sv-SE"},{"@type":"Organization","@id":"https:\/\/bptps.lv\/#organization","name":"Baltic Playback Theatre and Psychodrama School","url":"https:\/\/bptps.lv\/","logo":{"@type":"ImageObject","inLanguage":"sv-SE","@id":"https:\/\/bptps.lv\/#\/schema\/logo\/image\/","url":"https:\/\/bptps.lv\/wp-content\/uploads\/2024\/04\/BPTPS-logo1.jpg","contentUrl":"https:\/\/bptps.lv\/wp-content\/uploads\/2024\/04\/BPTPS-logo1.jpg","width":1599,"height":1600,"caption":"Baltic Playback Theatre and Psychodrama School"},"image":{"@id":"https:\/\/bptps.lv\/#\/schema\/logo\/image\/"},"sameAs":["https:\/\/www.facebook.com\/profile.php?id=61558483709834","https:\/\/x.com\/bptps_lv","https:\/\/www.instagram.com\/bptps.lv\/","https:\/\/www.linkedin.com\/in\/bptps-797117338\/","https:\/\/t.me\/bptps_lv","https:\/\/www.youtube.com\/@BPTPS_LV"]}]}},"ticketed":false,"_links":{"self":[{"href":"https:\/\/bptps.lv\/se\/wp-json\/wp\/v2\/pages\/236","targetHints":{"allow":["GET"]}}],"collection":[{"href":"https:\/\/bptps.lv\/se\/wp-json\/wp\/v2\/pages"}],"about":[{"href":"https:\/\/bptps.lv\/se\/wp-json\/wp\/v2\/types\/page"}],"author":[{"embeddable":true,"href":"https:\/\/bptps.lv\/se\/wp-json\/wp\/v2\/users\/2"}],"replies":[{"embeddable":true,"href":"https:\/\/bptps.lv\/se\/wp-json\/wp\/v2\/comments?post=236"}],"version-history":[{"count":13,"href":"https:\/\/bptps.lv\/se\/wp-json\/wp\/v2\/pages\/236\/revisions"}],"predecessor-version":[{"id":1076,"href":"https:\/\/bptps.lv\/se\/wp-json\/wp\/v2\/pages\/236\/revisions\/1076"}],"wp:attachment":[{"href":"https:\/\/bptps.lv\/se\/wp-json\/wp\/v2\/media?parent=236"}],"curies":[{"name":"wp","href":"https:\/\/api.w.org\/{rel}","templated":true}]}}