{"id":174,"date":"2024-04-14T11:15:52","date_gmt":"2024-04-14T11:15:52","guid":{"rendered":"https:\/\/bptps.lv\/?page_id=174"},"modified":"2024-12-23T12:49:36","modified_gmt":"2024-12-23T10:49:36","slug":"privacy-policy","status":"publish","type":"page","link":"https:\/\/bptps.lv\/se\/privacy-policy\/","title":{"rendered":"Integritetspolicy"},"content":{"rendered":"<p>P\u00e5 Baltic Playback Theatre and Psychodrama School (BPTPS) har vi \u00e5tagit oss att skydda din integritet och skydda din personliga information. Denna integritetspolicy beskriver hur vi samlar in, anv\u00e4nder och avsl\u00f6jar den information du tillhandah\u00e5ller oss n\u00e4r vi anv\u00e4nder eller anv\u00e4nder v\u00e5ra tj\u00e4nster.<\/p>\n\n\n\n<p class=\"has-medium-font-size\">\u00a0\u00a0<strong>\u00a0 Information vi samlar in:<\/strong><\/p>\n\n\n\n<p>&nbsp;&nbsp;&nbsp;&nbsp;&nbsp;&nbsp;&nbsp; Personlig information: Vi kan samla in personlig information som ditt namn, e-postadress och kontaktuppgifter n\u00e4r du registrerar dig f\u00f6r v\u00e5ra program, workshops eller evenemang.<\/p>\n\n\n\n<p>&nbsp;&nbsp;&nbsp;&nbsp;&nbsp;&nbsp;&nbsp; Betalningsinformation: Om du g\u00f6r en betalning f\u00f6r v\u00e5ra tj\u00e4nster kan vi samla in betalningsinformation som kreditkortsuppgifter f\u00f6r att behandla din transaktion p\u00e5 ett s\u00e4kert s\u00e4tt.<\/p>\n\n\n\n<p>&nbsp;&nbsp;&nbsp;&nbsp;&nbsp;&nbsp;&nbsp; Anv\u00e4ndningsdata: Vi kan samla in anv\u00e4ndningsdata, inklusive din IP-adress, webbl\u00e4sartyp och enhetsinformation, f\u00f6r att analysera trender, administrera v\u00e5r webbplats och f\u00f6rb\u00e4ttra v\u00e5ra tj\u00e4nster.<\/p>\n\n\n\n<p class=\"has-medium-font-size\">\u00a0\u00a0\u00a0 <strong>Hur vi anv\u00e4nder din information:<\/strong><\/p>\n\n\n\n<p>&nbsp;&nbsp;&nbsp;&nbsp;&nbsp;&nbsp;&nbsp; F\u00f6r att tillhandah\u00e5lla tj\u00e4nster: Vi anv\u00e4nder din information f\u00f6r att leverera de tj\u00e4nster du har efterfr\u00e5gat, s\u00e5som att behandla registreringar, underl\u00e4tta workshops och att kommunicera med dig om kommande evenemang.<\/p>\n\n\n\n<p>&nbsp;&nbsp;&nbsp;&nbsp;&nbsp;&nbsp;&nbsp; F\u00f6r att f\u00f6rb\u00e4ttra v\u00e5ra tj\u00e4nster: Vi kan anv\u00e4nda din information f\u00f6r att analysera anv\u00e4ndartrender, anpassa din upplevelse och f\u00f6rb\u00e4ttra kvaliteten p\u00e5 v\u00e5ra program och resurser.<\/p>\n\n\n\n<p>&nbsp;&nbsp;&nbsp;&nbsp;&nbsp;&nbsp;&nbsp; F\u00f6r marknadsf\u00f6rings\u00e4ndam\u00e5l: Med ditt samtycke kan vi skicka reklammejl eller nyhetsbrev till dig om v\u00e5ra tj\u00e4nster, evenemang och specialerbjudanden.<\/p>\n\n\n\n<p class=\"has-medium-font-size\">\u00a0\u00a0<strong>\u00a0 Informationsdelning och avsl\u00f6jande:<\/strong><\/p>\n\n\n\n<p>&nbsp;&nbsp;&nbsp;&nbsp;&nbsp;&nbsp;&nbsp; Vi kan komma att dela din information med betrodda tredje parter som hj\u00e4lper oss att tillhandah\u00e5lla v\u00e5ra tj\u00e4nster, s\u00e5som betalningsbehandlare eller leverant\u00f6rer av marknadsf\u00f6ringstj\u00e4nster. Dessa tredje parter \u00e4r skyldiga att uppr\u00e4tth\u00e5lla konfidentialitet och s\u00e4kerhet f\u00f6r din information.<\/p>\n\n\n\n<p>&nbsp;&nbsp;&nbsp;&nbsp;&nbsp;&nbsp;&nbsp; Vi kan avsl\u00f6ja din information som svar p\u00e5 en juridisk beg\u00e4ran, s\u00e5som ett domstolsbeslut eller st\u00e4mning, eller f\u00f6r att f\u00f6lja till\u00e4mpliga lagar och f\u00f6rordningar.<\/p>\n\n\n\n<p class=\"has-medium-font-size\">\u00a0\u00a0\u00a0<strong> Datas\u00e4kerhet:<\/strong><\/p>\n\n\n\n<p>&nbsp;&nbsp;&nbsp;&nbsp;&nbsp;&nbsp;&nbsp; Vi implementerar l\u00e4mpliga s\u00e4kerhets\u00e5tg\u00e4rder f\u00f6r att skydda din personliga information mot obeh\u00f6rig \u00e5tkomst, \u00e4ndring, avsl\u00f6jande eller f\u00f6rst\u00f6relse.<\/p>\n\n\n\n<p>&nbsp;&nbsp;&nbsp;&nbsp;&nbsp;&nbsp;&nbsp; Ingen \u00f6verf\u00f6ringsmetod \u00f6ver internet eller elektronisk lagring \u00e4r dock helt s\u00e4ker. D\u00e4rf\u00f6r kan vi inte garantera den absoluta s\u00e4kerheten f\u00f6r din information.<\/p>\n\n\n\n<p class=\"has-medium-font-size\">\u00a0\u00a0<strong>\u00a0 Dina val och r\u00e4ttigheter:<\/strong><\/p>\n\n\n\n<p>&nbsp;&nbsp;&nbsp;&nbsp;&nbsp;&nbsp;&nbsp; Du har r\u00e4tt att f\u00e5 tillg\u00e5ng till, uppdatera eller radera din personliga information. Om du vill g\u00f6ra \u00e4ndringar i din information eller v\u00e4lja bort att ta emot marknadskommunikation, v\u00e4nligen kontakta oss p\u00e5 [Kontaktinformation].<\/p>\n\n\n\n<p>&nbsp;&nbsp;&nbsp;&nbsp;&nbsp;&nbsp;&nbsp; Du kan ocks\u00e5 avsluta prenumerationen p\u00e5 v\u00e5ra reklammeddelanden genom att f\u00f6lja instruktionerna i e-postmeddelandet.<\/p>\n\n\n\n<p class=\"has-medium-font-size\">\u00a0\u00a0\u00a0<strong> Barns integritet:<\/strong><\/p>\n\n\n\n<p>&nbsp;&nbsp;&nbsp;&nbsp;&nbsp;&nbsp;&nbsp; V\u00e5ra tj\u00e4nster \u00e4r inte avsedda f\u00f6r barn under 13 \u00e5r. Vi samlar inte medvetet in personlig information fr\u00e5n barn, och om vi blir medvetna om att vi oavsiktligt har samlat in s\u00e5dan information kommer vi att vidta \u00e5tg\u00e4rder f\u00f6r att radera den.<\/p>\n\n\n\n<p class=\"has-medium-font-size\">\u00a0\u00a0\u00a0<strong> \u00c4ndringar av denna policy:<\/strong><\/p>\n\n\n\n<p>&nbsp;&nbsp;&nbsp;&nbsp;&nbsp;&nbsp;&nbsp; Vi kan uppdatera denna integritetspolicy d\u00e5 och d\u00e5 f\u00f6r att \u00e5terspegla \u00e4ndringar i v\u00e5r praxis eller juridiska krav. Vi kommer att meddela dig om alla v\u00e4sentliga \u00e4ndringar genom att publicera den uppdaterade policyn p\u00e5 v\u00e5r webbplats.<\/p>\n\n\n\n<p>Om du har n\u00e5gra fr\u00e5gor eller funderingar om denna integritetspolicy, v\u00e4nligen kontakta oss p\u00e5 [Kontaktinformation].<\/p>\n\n\n\n<p>Datum f\u00f6r senaste revision: 2024-04-14<\/p>","protected":false},"excerpt":{"rendered":"<p>P\u00e5 Baltic Playback Theatre and Psychodrama School (BPTPS) har vi \u00e5tagit oss att skydda din integritet och skydda din personliga information. Denna integritetspolicy beskriver hur vi samlar in, anv\u00e4nder och avsl\u00f6jar [\u2026]<\/p>","protected":false},"author":2,"featured_media":0,"parent":0,"menu_order":0,"comment_status":"closed","ping_status":"closed","template":"","meta":{"_et_pb_use_builder":"off","_et_pb_old_content":"","_et_gb_content_width":"","_price":"","_stock":"","_tribe_ticket_header":"","_tribe_default_ticket_provider":"","_tribe_ticket_capacity":"0","_ticket_start_date":"","_ticket_end_date":"","_tribe_ticket_show_description":"","_tribe_ticket_show_not_going":false,"_tribe_ticket_use_global_stock":"","_tribe_ticket_global_stock_level":"","_global_stock_mode":"","_global_stock_cap":"","_tribe_rsvp_for_event":"","_tribe_ticket_going_count":"","_tribe_ticket_not_going_count":"","_tribe_tickets_list":"[]","_tribe_ticket_has_attendee_info_fields":false,"footnotes":"","_tec_slr_enabled":"","_tec_slr_layout":""},"class_list":["post-174","page","type-page","status-publish","hentry"],"yoast_head":"<!-- This site is optimized with the Yoast SEO plugin v26.1.1 - https:\/\/yoast.com\/wordpress\/plugins\/seo\/ -->\n<title>Privacy Policy - Baltic Playback Theatre and Psychodrama School<\/title>\n<meta name=\"description\" content=\"At Baltic Playback Theater and Psychodrama School (BPTPS), we are committed to protecting your privacy and safeguarding your personal information.\" \/>\n<meta name=\"robots\" content=\"index, follow, max-snippet:-1, max-image-preview:large, max-video-preview:-1\" \/>\n<link rel=\"canonical\" href=\"https:\/\/bptps.lv\/se\/privacy-policy\/\" \/>\n<meta property=\"og:locale\" content=\"sv_SE\" \/>\n<meta property=\"og:type\" content=\"article\" \/>\n<meta property=\"og:title\" content=\"Privacy Policy - Baltic Playback Theatre and Psychodrama School\" \/>\n<meta property=\"og:description\" content=\"At Baltic Playback Theater and Psychodrama School (BPTPS), we are committed to protecting your privacy and safeguarding your personal information.\" \/>\n<meta property=\"og:url\" content=\"https:\/\/bptps.lv\/se\/privacy-policy\/\" \/>\n<meta property=\"og:site_name\" content=\"Baltic Playback Theatre and Psychodrama School\" \/>\n<meta property=\"article:publisher\" content=\"https:\/\/www.facebook.com\/profile.php?id=61558483709834\" \/>\n<meta property=\"article:modified_time\" content=\"2024-12-23T10:49:36+00:00\" \/>\n<meta name=\"twitter:card\" content=\"summary_large_image\" \/>\n<meta name=\"twitter:site\" content=\"@bptps_lv\" \/>\n<meta name=\"twitter:label1\" content=\"Ber\u00e4knad l\u00e4stid\" \/>\n\t<meta name=\"twitter:data1\" content=\"3 minuter\" \/>\n<script type=\"application\/ld+json\" class=\"yoast-schema-graph\">{\"@context\":\"https:\/\/schema.org\",\"@graph\":[{\"@type\":\"WebPage\",\"@id\":\"https:\/\/bptps.lv\/privacy-policy\/\",\"url\":\"https:\/\/bptps.lv\/privacy-policy\/\",\"name\":\"Privacy Policy - Baltic Playback Theatre and Psychodrama School\",\"isPartOf\":{\"@id\":\"https:\/\/bptps.lv\/#website\"},\"datePublished\":\"2024-04-14T11:15:52+00:00\",\"dateModified\":\"2024-12-23T10:49:36+00:00\",\"description\":\"At Baltic Playback Theater and Psychodrama School (BPTPS), we are committed to protecting your privacy and safeguarding your personal information.\",\"breadcrumb\":{\"@id\":\"https:\/\/bptps.lv\/privacy-policy\/#breadcrumb\"},\"inLanguage\":\"sv-SE\",\"potentialAction\":[{\"@type\":\"ReadAction\",\"target\":[\"https:\/\/bptps.lv\/privacy-policy\/\"]}]},{\"@type\":\"BreadcrumbList\",\"@id\":\"https:\/\/bptps.lv\/privacy-policy\/#breadcrumb\",\"itemListElement\":[{\"@type\":\"ListItem\",\"position\":1,\"name\":\"Home\",\"item\":\"https:\/\/bptps.lv\/\"},{\"@type\":\"ListItem\",\"position\":2,\"name\":\"Privacy Policy\"}]},{\"@type\":\"WebSite\",\"@id\":\"https:\/\/bptps.lv\/#website\",\"url\":\"https:\/\/bptps.lv\/\",\"name\":\"Baltic Playback Theatre and Psychodrama School\",\"description\":\"Baltic Playback Theatre and Psychodrama School\",\"publisher\":{\"@id\":\"https:\/\/bptps.lv\/#organization\"},\"potentialAction\":[{\"@type\":\"SearchAction\",\"target\":{\"@type\":\"EntryPoint\",\"urlTemplate\":\"https:\/\/bptps.lv\/?s={search_term_string}\"},\"query-input\":{\"@type\":\"PropertyValueSpecification\",\"valueRequired\":true,\"valueName\":\"search_term_string\"}}],\"inLanguage\":\"sv-SE\"},{\"@type\":\"Organization\",\"@id\":\"https:\/\/bptps.lv\/#organization\",\"name\":\"Baltic Playback Theatre and Psychodrama School\",\"url\":\"https:\/\/bptps.lv\/\",\"logo\":{\"@type\":\"ImageObject\",\"inLanguage\":\"sv-SE\",\"@id\":\"https:\/\/bptps.lv\/#\/schema\/logo\/image\/\",\"url\":\"https:\/\/bptps.lv\/wp-content\/uploads\/2024\/04\/BPTPS-logo1.jpg\",\"contentUrl\":\"https:\/\/bptps.lv\/wp-content\/uploads\/2024\/04\/BPTPS-logo1.jpg\",\"width\":1599,\"height\":1600,\"caption\":\"Baltic Playback Theatre and Psychodrama School\"},\"image\":{\"@id\":\"https:\/\/bptps.lv\/#\/schema\/logo\/image\/\"},\"sameAs\":[\"https:\/\/www.facebook.com\/profile.php?id=61558483709834\",\"https:\/\/x.com\/bptps_lv\",\"https:\/\/www.instagram.com\/bptps.lv\/\",\"https:\/\/www.linkedin.com\/in\/bptps-797117338\/\",\"https:\/\/t.me\/bptps_lv\",\"https:\/\/www.youtube.com\/@BPTPS_LV\"]}]}<\/script>\n<!-- \/ Yoast SEO plugin. -->","yoast_head_json":{"title":"Privacy Policy - Baltic Playback Theatre and Psychodrama School","description":"At Baltic Playback Theater and Psychodrama School (BPTPS), we are committed to protecting your privacy and safeguarding your personal information.","robots":{"index":"index","follow":"follow","max-snippet":"max-snippet:-1","max-image-preview":"max-image-preview:large","max-video-preview":"max-video-preview:-1"},"canonical":"https:\/\/bptps.lv\/se\/privacy-policy\/","og_locale":"sv_SE","og_type":"article","og_title":"Privacy Policy - Baltic Playback Theatre and Psychodrama School","og_description":"At Baltic Playback Theater and Psychodrama School (BPTPS), we are committed to protecting your privacy and safeguarding your personal information.","og_url":"https:\/\/bptps.lv\/se\/privacy-policy\/","og_site_name":"Baltic Playback Theatre and Psychodrama School","article_publisher":"https:\/\/www.facebook.com\/profile.php?id=61558483709834","article_modified_time":"2024-12-23T10:49:36+00:00","twitter_card":"summary_large_image","twitter_site":"@bptps_lv","twitter_misc":{"Ber\u00e4knad l\u00e4stid":"3 minuter"},"schema":{"@context":"https:\/\/schema.org","@graph":[{"@type":"WebPage","@id":"https:\/\/bptps.lv\/privacy-policy\/","url":"https:\/\/bptps.lv\/privacy-policy\/","name":"Privacy Policy - Baltic Playback Theatre and Psychodrama School","isPartOf":{"@id":"https:\/\/bptps.lv\/#website"},"datePublished":"2024-04-14T11:15:52+00:00","dateModified":"2024-12-23T10:49:36+00:00","description":"At Baltic Playback Theater and Psychodrama School (BPTPS), we are committed to protecting your privacy and safeguarding your personal information.","breadcrumb":{"@id":"https:\/\/bptps.lv\/privacy-policy\/#breadcrumb"},"inLanguage":"sv-SE","potentialAction":[{"@type":"ReadAction","target":["https:\/\/bptps.lv\/privacy-policy\/"]}]},{"@type":"BreadcrumbList","@id":"https:\/\/bptps.lv\/privacy-policy\/#breadcrumb","itemListElement":[{"@type":"ListItem","position":1,"name":"Home","item":"https:\/\/bptps.lv\/"},{"@type":"ListItem","position":2,"name":"Privacy Policy"}]},{"@type":"WebSite","@id":"https:\/\/bptps.lv\/#website","url":"https:\/\/bptps.lv\/","name":"Baltic Playback Theatre and Psychodrama School","description":"Baltic Playback Theatre and Psychodrama School","publisher":{"@id":"https:\/\/bptps.lv\/#organization"},"potentialAction":[{"@type":"SearchAction","target":{"@type":"EntryPoint","urlTemplate":"https:\/\/bptps.lv\/?s={search_term_string}"},"query-input":{"@type":"PropertyValueSpecification","valueRequired":true,"valueName":"search_term_string"}}],"inLanguage":"sv-SE"},{"@type":"Organization","@id":"https:\/\/bptps.lv\/#organization","name":"Baltic Playback Theatre and Psychodrama School","url":"https:\/\/bptps.lv\/","logo":{"@type":"ImageObject","inLanguage":"sv-SE","@id":"https:\/\/bptps.lv\/#\/schema\/logo\/image\/","url":"https:\/\/bptps.lv\/wp-content\/uploads\/2024\/04\/BPTPS-logo1.jpg","contentUrl":"https:\/\/bptps.lv\/wp-content\/uploads\/2024\/04\/BPTPS-logo1.jpg","width":1599,"height":1600,"caption":"Baltic Playback Theatre and Psychodrama School"},"image":{"@id":"https:\/\/bptps.lv\/#\/schema\/logo\/image\/"},"sameAs":["https:\/\/www.facebook.com\/profile.php?id=61558483709834","https:\/\/x.com\/bptps_lv","https:\/\/www.instagram.com\/bptps.lv\/","https:\/\/www.linkedin.com\/in\/bptps-797117338\/","https:\/\/t.me\/bptps_lv","https:\/\/www.youtube.com\/@BPTPS_LV"]}]}},"ticketed":false,"_links":{"self":[{"href":"https:\/\/bptps.lv\/se\/wp-json\/wp\/v2\/pages\/174","targetHints":{"allow":["GET"]}}],"collection":[{"href":"https:\/\/bptps.lv\/se\/wp-json\/wp\/v2\/pages"}],"about":[{"href":"https:\/\/bptps.lv\/se\/wp-json\/wp\/v2\/types\/page"}],"author":[{"embeddable":true,"href":"https:\/\/bptps.lv\/se\/wp-json\/wp\/v2\/users\/2"}],"replies":[{"embeddable":true,"href":"https:\/\/bptps.lv\/se\/wp-json\/wp\/v2\/comments?post=174"}],"version-history":[{"count":1,"href":"https:\/\/bptps.lv\/se\/wp-json\/wp\/v2\/pages\/174\/revisions"}],"predecessor-version":[{"id":175,"href":"https:\/\/bptps.lv\/se\/wp-json\/wp\/v2\/pages\/174\/revisions\/175"}],"wp:attachment":[{"href":"https:\/\/bptps.lv\/se\/wp-json\/wp\/v2\/media?parent=174"}],"curies":[{"name":"wp","href":"https:\/\/api.w.org\/{rel}","templated":true}]}}