{"id":172,"date":"2024-04-14T11:13:57","date_gmt":"2024-04-14T11:13:57","guid":{"rendered":"https:\/\/bptps.lv\/?page_id=172"},"modified":"2024-12-23T12:42:29","modified_gmt":"2024-12-23T10:42:29","slug":"conditions-of-use","status":"publish","type":"page","link":"https:\/\/bptps.lv\/se\/conditions-of-use\/","title":{"rendered":"Anv\u00e4ndarvillkor"},"content":{"rendered":"<p class=\"has-medium-font-size\">\u00a0\u00a0\u00a0 <strong>Godk\u00e4nnande av villkor<\/strong><\/p>\n\n\n\n<p>Genom att f\u00e5 \u00e5tkomst till eller anv\u00e4nda tj\u00e4nster som tillhandah\u00e5lls av Baltic Playback Theatre och Psychodrama School (BPTPS), samtycker du till att vara bunden av dessa anv\u00e4ndarvillkor. Om du inte godk\u00e4nner n\u00e5gon av dessa villkor f\u00e5r du inte komma \u00e5t eller anv\u00e4nda v\u00e5ra tj\u00e4nster.<\/p>\n\n\n\n<p class=\"has-medium-font-size\">\u00a0\u00a0\u00a0 <strong>Anv\u00e4ndning av material<\/strong><\/p>\n\n\n\n<p>Allt material som tillhandah\u00e5lls av BPTPS, inklusive men inte begr\u00e4nsat till text, bilder, videor och ljudinspelningar, \u00e4r skyddat av upphovsr\u00e4tt och andra immateriella lagar. Du f\u00e5r endast anv\u00e4nda detta material f\u00f6r personliga, icke-kommersiella \u00e4ndam\u00e5l och f\u00e5r inte reproducera, distribuera eller modifiera det utan f\u00f6reg\u00e5ende skriftligt medgivande fr\u00e5n BPTPS.<\/p>\n\n\n\n<p class=\"has-medium-font-size\">\u00a0\u00a0\u00a0 <strong>Anv\u00e4ndarbeteende<\/strong><\/p>\n\n\n\n<p>Du samtycker till att anv\u00e4nda BPTPS-tj\u00e4nster p\u00e5 ett s\u00e4tt som \u00e4r lagligt, respektfullt och i enlighet med dessa anv\u00e4ndarvillkor. Du f\u00e5r inte delta i n\u00e5got beteende som kan st\u00f6ra eller st\u00f6ra driften av v\u00e5ra tj\u00e4nster eller andra anv\u00e4ndares upplevelser.<\/p>\n\n\n\n<p class=\"has-medium-font-size\">\u00a0\u00a0\u00a0 <strong>Integritet<\/strong><\/p>\n\n\n\n<p>BPTPS respekterar din integritet och \u00e4r engagerad i att skydda din personliga information. Se v\u00e5r integritetspolicy f\u00f6r detaljer om hur vi samlar in, anv\u00e4nder och avsl\u00f6jar din information.<\/p>\n\n\n\n<p class=\"has-medium-font-size\">\u00a0\u00a0\u00a0 <strong>Tredjepartsl\u00e4nkar<\/strong><\/p>\n\n\n\n<p>BPTPS-tj\u00e4nster kan inneh\u00e5lla l\u00e4nkar till tredje parts webbplatser eller resurser. Dessa l\u00e4nkar tillhandah\u00e5lls endast f\u00f6r din bekv\u00e4mlighet, och BPTPS ansvarar inte f\u00f6r inneh\u00e5llet eller tillg\u00e4ngligheten p\u00e5 dessa webbplatser. Din anv\u00e4ndning av tredje parts webbplatser \u00e4r f\u00f6rem\u00e5l f\u00f6r deras respektive villkor.<\/p>\n\n\n\n<p class=\"has-medium-font-size\">\u00a0\u00a0\u00a0 <strong>Friskrivning fr\u00e5n garantier<\/strong><\/p>\n\n\n\n<p>BPTPS-tj\u00e4nster tillhandah\u00e5lls p\u00e5 basis av &quot;i befintligt skick&quot; och &quot;som tillg\u00e4ngligt&quot;, utan n\u00e5gra garantier eller representationer av n\u00e5got slag, uttryckliga eller underf\u00f6rst\u00e5dda. BPTPS garanterar inte riktigheten, fullst\u00e4ndigheten eller tillf\u00f6rlitligheten av n\u00e5gon information som tillhandah\u00e5lls genom dess tj\u00e4nster.<\/p>\n\n\n\n<p class=\"has-medium-font-size\">\u00a0\u00a0\u00a0<strong> Ansvarsbegr\u00e4nsning<\/strong><\/p>\n\n\n\n<p>BPTPS ska inte h\u00e5llas ansvarigt f\u00f6r n\u00e5gra direkta, indirekta, tillf\u00e4lliga, speciella eller f\u00f6ljdskador som uppst\u00e5r till f\u00f6ljd av eller p\u00e5 n\u00e5got s\u00e4tt kopplat till din anv\u00e4ndning av dess tj\u00e4nster, \u00e4ven om BPTPS har informerats om m\u00f6jligheten till s\u00e5dana skador.<\/p>\n\n\n\n<p class=\"has-medium-font-size\">\u00a0\u00a0\u00a0<strong> \u00c4ndring av villkor<\/strong><\/p>\n\n\n\n<p>BPTPS f\u00f6rbeh\u00e5ller sig r\u00e4tten att \u00e4ndra eller uppdatera dessa anv\u00e4ndarvillkor n\u00e4r som helst utan f\u00f6reg\u00e5ende meddelande. Din fortsatta anv\u00e4ndning av v\u00e5ra tj\u00e4nster efter eventuella \u00e4ndringar indikerar att du accepterar de uppdaterade villkoren.<\/p>\n\n\n\n<p class=\"has-medium-font-size\">\u00a0\u00a0\u00a0 <strong>G\u00e4llande lag<\/strong><\/p>\n\n\n\n<p>Dessa anv\u00e4ndarvillkor ska styras av och tolkas i enlighet med lagarna i [Jurisdiktion], utan h\u00e4nsyn till dess lagkonfliktbest\u00e4mmelser.<\/p>\n\n\n\n<p>Om du har n\u00e5gra fr\u00e5gor eller funderingar om dessa anv\u00e4ndarvillkor, v\u00e4nligen kontakta oss p\u00e5 [Kontaktinformation].<\/p>\n\n\n\n<p>Datum f\u00f6r senaste revision: 2024-04-14<\/p>","protected":false},"excerpt":{"rendered":"<p>\u00a0\u00a0\u00a0 Acceptance of Terms By accessing or using any services provided by Baltic Playback Theater and Psychodrama School (BPTPS), you agree to be bound by these Conditions of Use. If [&hellip;]<\/p>","protected":false},"author":2,"featured_media":0,"parent":0,"menu_order":0,"comment_status":"closed","ping_status":"closed","template":"","meta":{"_et_pb_use_builder":"off","_et_pb_old_content":"","_et_gb_content_width":"1080","_price":"","_stock":"","_tribe_ticket_header":"","_tribe_default_ticket_provider":"","_tribe_ticket_capacity":"0","_ticket_start_date":"","_ticket_end_date":"","_tribe_ticket_show_description":"","_tribe_ticket_show_not_going":false,"_tribe_ticket_use_global_stock":"","_tribe_ticket_global_stock_level":"","_global_stock_mode":"","_global_stock_cap":"","_tribe_rsvp_for_event":"","_tribe_ticket_going_count":"","_tribe_ticket_not_going_count":"","_tribe_tickets_list":"[]","_tribe_ticket_has_attendee_info_fields":false,"footnotes":"","_tec_slr_enabled":"","_tec_slr_layout":""},"class_list":["post-172","page","type-page","status-publish","hentry"],"yoast_head":"<!-- This site is optimized with the Yoast SEO plugin v26.1.1 - https:\/\/yoast.com\/wordpress\/plugins\/seo\/ -->\n<title>Conditions of Use - Baltic Playback Theatre and Psychodrama School<\/title>\n<meta name=\"description\" content=\"y accessing or using any services provided by Baltic Playback Theater and Psychodrama School (BPTPS), you agree to be bound by these Conditions of Use.\" \/>\n<meta name=\"robots\" content=\"index, follow, max-snippet:-1, max-image-preview:large, max-video-preview:-1\" \/>\n<link rel=\"canonical\" href=\"https:\/\/bptps.lv\/se\/conditions-of-use\/\" \/>\n<meta property=\"og:locale\" content=\"sv_SE\" \/>\n<meta property=\"og:type\" content=\"article\" \/>\n<meta property=\"og:title\" content=\"Conditions of Use - Baltic Playback Theatre and Psychodrama School\" \/>\n<meta property=\"og:description\" content=\"y accessing or using any services provided by Baltic Playback Theater and Psychodrama School (BPTPS), you agree to be bound by these Conditions of Use.\" \/>\n<meta property=\"og:url\" content=\"https:\/\/bptps.lv\/se\/conditions-of-use\/\" \/>\n<meta property=\"og:site_name\" content=\"Baltic Playback Theatre and Psychodrama School\" \/>\n<meta property=\"article:publisher\" content=\"https:\/\/www.facebook.com\/profile.php?id=61558483709834\" \/>\n<meta property=\"article:modified_time\" content=\"2024-12-23T10:42:29+00:00\" \/>\n<meta name=\"twitter:card\" content=\"summary_large_image\" \/>\n<meta name=\"twitter:site\" content=\"@bptps_lv\" \/>\n<meta name=\"twitter:label1\" content=\"Ber\u00e4knad l\u00e4stid\" \/>\n\t<meta name=\"twitter:data1\" content=\"2 minuter\" \/>\n<script type=\"application\/ld+json\" class=\"yoast-schema-graph\">{\"@context\":\"https:\/\/schema.org\",\"@graph\":[{\"@type\":\"WebPage\",\"@id\":\"https:\/\/bptps.lv\/conditions-of-use\/\",\"url\":\"https:\/\/bptps.lv\/conditions-of-use\/\",\"name\":\"Conditions of Use - Baltic Playback Theatre and Psychodrama School\",\"isPartOf\":{\"@id\":\"https:\/\/bptps.lv\/#website\"},\"datePublished\":\"2024-04-14T11:13:57+00:00\",\"dateModified\":\"2024-12-23T10:42:29+00:00\",\"description\":\"y accessing or using any services provided by Baltic Playback Theater and Psychodrama School (BPTPS), you agree to be bound by these Conditions of Use.\",\"breadcrumb\":{\"@id\":\"https:\/\/bptps.lv\/conditions-of-use\/#breadcrumb\"},\"inLanguage\":\"sv-SE\",\"potentialAction\":[{\"@type\":\"ReadAction\",\"target\":[\"https:\/\/bptps.lv\/conditions-of-use\/\"]}]},{\"@type\":\"BreadcrumbList\",\"@id\":\"https:\/\/bptps.lv\/conditions-of-use\/#breadcrumb\",\"itemListElement\":[{\"@type\":\"ListItem\",\"position\":1,\"name\":\"Home\",\"item\":\"https:\/\/bptps.lv\/\"},{\"@type\":\"ListItem\",\"position\":2,\"name\":\"Conditions of Use\"}]},{\"@type\":\"WebSite\",\"@id\":\"https:\/\/bptps.lv\/#website\",\"url\":\"https:\/\/bptps.lv\/\",\"name\":\"Baltic Playback Theatre and Psychodrama School\",\"description\":\"Baltic Playback Theatre and Psychodrama School\",\"publisher\":{\"@id\":\"https:\/\/bptps.lv\/#organization\"},\"potentialAction\":[{\"@type\":\"SearchAction\",\"target\":{\"@type\":\"EntryPoint\",\"urlTemplate\":\"https:\/\/bptps.lv\/?s={search_term_string}\"},\"query-input\":{\"@type\":\"PropertyValueSpecification\",\"valueRequired\":true,\"valueName\":\"search_term_string\"}}],\"inLanguage\":\"sv-SE\"},{\"@type\":\"Organization\",\"@id\":\"https:\/\/bptps.lv\/#organization\",\"name\":\"Baltic Playback Theatre and Psychodrama School\",\"url\":\"https:\/\/bptps.lv\/\",\"logo\":{\"@type\":\"ImageObject\",\"inLanguage\":\"sv-SE\",\"@id\":\"https:\/\/bptps.lv\/#\/schema\/logo\/image\/\",\"url\":\"https:\/\/bptps.lv\/wp-content\/uploads\/2024\/04\/BPTPS-logo1.jpg\",\"contentUrl\":\"https:\/\/bptps.lv\/wp-content\/uploads\/2024\/04\/BPTPS-logo1.jpg\",\"width\":1599,\"height\":1600,\"caption\":\"Baltic Playback Theatre and Psychodrama School\"},\"image\":{\"@id\":\"https:\/\/bptps.lv\/#\/schema\/logo\/image\/\"},\"sameAs\":[\"https:\/\/www.facebook.com\/profile.php?id=61558483709834\",\"https:\/\/x.com\/bptps_lv\",\"https:\/\/www.instagram.com\/bptps.lv\/\",\"https:\/\/www.linkedin.com\/in\/bptps-797117338\/\",\"https:\/\/t.me\/bptps_lv\",\"https:\/\/www.youtube.com\/@BPTPS_LV\"]}]}<\/script>\n<!-- \/ Yoast SEO plugin. -->","yoast_head_json":{"title":"Conditions of Use - Baltic Playback Theatre and Psychodrama School","description":"y accessing or using any services provided by Baltic Playback Theater and Psychodrama School (BPTPS), you agree to be bound by these Conditions of Use.","robots":{"index":"index","follow":"follow","max-snippet":"max-snippet:-1","max-image-preview":"max-image-preview:large","max-video-preview":"max-video-preview:-1"},"canonical":"https:\/\/bptps.lv\/se\/conditions-of-use\/","og_locale":"sv_SE","og_type":"article","og_title":"Conditions of Use - Baltic Playback Theatre and Psychodrama School","og_description":"y accessing or using any services provided by Baltic Playback Theater and Psychodrama School (BPTPS), you agree to be bound by these Conditions of Use.","og_url":"https:\/\/bptps.lv\/se\/conditions-of-use\/","og_site_name":"Baltic Playback Theatre and Psychodrama School","article_publisher":"https:\/\/www.facebook.com\/profile.php?id=61558483709834","article_modified_time":"2024-12-23T10:42:29+00:00","twitter_card":"summary_large_image","twitter_site":"@bptps_lv","twitter_misc":{"Ber\u00e4knad l\u00e4stid":"2 minuter"},"schema":{"@context":"https:\/\/schema.org","@graph":[{"@type":"WebPage","@id":"https:\/\/bptps.lv\/conditions-of-use\/","url":"https:\/\/bptps.lv\/conditions-of-use\/","name":"Conditions of Use - Baltic Playback Theatre and Psychodrama School","isPartOf":{"@id":"https:\/\/bptps.lv\/#website"},"datePublished":"2024-04-14T11:13:57+00:00","dateModified":"2024-12-23T10:42:29+00:00","description":"y accessing or using any services provided by Baltic Playback Theater and Psychodrama School (BPTPS), you agree to be bound by these Conditions of Use.","breadcrumb":{"@id":"https:\/\/bptps.lv\/conditions-of-use\/#breadcrumb"},"inLanguage":"sv-SE","potentialAction":[{"@type":"ReadAction","target":["https:\/\/bptps.lv\/conditions-of-use\/"]}]},{"@type":"BreadcrumbList","@id":"https:\/\/bptps.lv\/conditions-of-use\/#breadcrumb","itemListElement":[{"@type":"ListItem","position":1,"name":"Home","item":"https:\/\/bptps.lv\/"},{"@type":"ListItem","position":2,"name":"Conditions of Use"}]},{"@type":"WebSite","@id":"https:\/\/bptps.lv\/#website","url":"https:\/\/bptps.lv\/","name":"Baltic Playback Theatre and Psychodrama School","description":"Baltic Playback Theatre and Psychodrama School","publisher":{"@id":"https:\/\/bptps.lv\/#organization"},"potentialAction":[{"@type":"SearchAction","target":{"@type":"EntryPoint","urlTemplate":"https:\/\/bptps.lv\/?s={search_term_string}"},"query-input":{"@type":"PropertyValueSpecification","valueRequired":true,"valueName":"search_term_string"}}],"inLanguage":"sv-SE"},{"@type":"Organization","@id":"https:\/\/bptps.lv\/#organization","name":"Baltic Playback Theatre and Psychodrama School","url":"https:\/\/bptps.lv\/","logo":{"@type":"ImageObject","inLanguage":"sv-SE","@id":"https:\/\/bptps.lv\/#\/schema\/logo\/image\/","url":"https:\/\/bptps.lv\/wp-content\/uploads\/2024\/04\/BPTPS-logo1.jpg","contentUrl":"https:\/\/bptps.lv\/wp-content\/uploads\/2024\/04\/BPTPS-logo1.jpg","width":1599,"height":1600,"caption":"Baltic Playback Theatre and Psychodrama School"},"image":{"@id":"https:\/\/bptps.lv\/#\/schema\/logo\/image\/"},"sameAs":["https:\/\/www.facebook.com\/profile.php?id=61558483709834","https:\/\/x.com\/bptps_lv","https:\/\/www.instagram.com\/bptps.lv\/","https:\/\/www.linkedin.com\/in\/bptps-797117338\/","https:\/\/t.me\/bptps_lv","https:\/\/www.youtube.com\/@BPTPS_LV"]}]}},"ticketed":false,"_links":{"self":[{"href":"https:\/\/bptps.lv\/se\/wp-json\/wp\/v2\/pages\/172","targetHints":{"allow":["GET"]}}],"collection":[{"href":"https:\/\/bptps.lv\/se\/wp-json\/wp\/v2\/pages"}],"about":[{"href":"https:\/\/bptps.lv\/se\/wp-json\/wp\/v2\/types\/page"}],"author":[{"embeddable":true,"href":"https:\/\/bptps.lv\/se\/wp-json\/wp\/v2\/users\/2"}],"replies":[{"embeddable":true,"href":"https:\/\/bptps.lv\/se\/wp-json\/wp\/v2\/comments?post=172"}],"version-history":[{"count":1,"href":"https:\/\/bptps.lv\/se\/wp-json\/wp\/v2\/pages\/172\/revisions"}],"predecessor-version":[{"id":173,"href":"https:\/\/bptps.lv\/se\/wp-json\/wp\/v2\/pages\/172\/revisions\/173"}],"wp:attachment":[{"href":"https:\/\/bptps.lv\/se\/wp-json\/wp\/v2\/media?parent=172"}],"curies":[{"name":"wp","href":"https:\/\/api.w.org\/{rel}","templated":true}]}}