{"id":236,"date":"2024-04-20T18:18:12","date_gmt":"2024-04-20T18:18:12","guid":{"rendered":"https:\/\/bptps.lv\/?page_id=236"},"modified":"2024-12-23T12:34:50","modified_gmt":"2024-12-23T10:34:50","slug":"academic-philosophy","status":"publish","type":"page","link":"https:\/\/bptps.lv\/pl\/academic-philosophy\/","title":{"rendered":"Filozofia akademicka"},"content":{"rendered":"[et_pb_section fb_built=\u201d1\u2033 admin_label=\u201dNag\u0142\u00f3wek\u201d _builder_version=\u201d4.22.1\u2033 _module_preset=\u201ddomy\u015blny\u201d use_background_color_gradient=\u201don\u201d background_color_gradient_stops=\u201drgba(42,47,49,0.7) 0%|#000000 100%\u201d background_color_gradient_overlays_image=\u201don\u201d background_image=\u201dhttps:\/\/bptps.lv\/wp-content\/uploads\/2024\/01\/online-university-21.jpg\u201d da_disable_devices=\u201doff|off|off\u201d collapsed=\u201don\u201d global_colors_info=\u201d{}\u201d da_is_popup=\u201doff\u201d da_exit_intent=\u201doff\u201d da_has_close=\u201dw\u0142\u0105czony\u201d da_alt_close=\u201dwy\u0142\u0105czony\u201d da_dark_close=\u201dwy\u0142\u0105czony\u201d da_not_modal=\u201dw\u0142\u0105czony\u201d da_is_singular=\u201dwy\u0142\u0105czony\u201d da_with_loader=\u201dwy\u0142\u0105czony\u201d da_has_shadow=\u201dw\u0142\u0105czony\u201d][et_pb_row column_structure=\u201d2_3,1_3\u2033 _builder_version=\u201d4.24.3\u2033 _module_preset=\u201ddomy\u015blny\u201d width=\u201d85%\u201d global_colors_info=\u201d{}\u201d][et_pb_column type=\u201d2_3\u2033 _builder_version=\u201d4.19.2\u2033 _module_preset=\u201ddomy\u015blny\u201d global_colors_info=\u201d{}\u201d][et_pb_text _builder_version=\u201d4.24.3\u2033 _module_preset=\u201dcdabf446-f986-4b7a-9cd0-68236c4ee1a9\u2033 kolor_tekstu_nag\u0142\u00f3wka=\u201d#FFFFFF\u201d rozmiar_czcionki_nag\u0142\u00f3wka=\u201d64px\u201d szeroko\u015b\u0107=\u201d100%\u201d niestandardowy_margines=\u201d||10px||false|false\u201d niestandardowy_padding=\u201d|0px||||\u201d global_colors_info=\u201d{}\u201d]<h1>Filozofia akademicka<\/h1>[\/et_pb_text][et_pb_text module_class=\u201ddivi-toggle-text\u201d _builder_version=\u201d4.24.3\u2033 _module_preset=\u201d83b54b2c-74f1-4fe8-b305-d7ca2a4f90bd\u201d text_text_color=\u201d#FFFFFF\u201d text_font_size=\u201d19px\u201d width=\u201d100%\u201d custom_margin=\u201d|-373px||||\u201d custom_padding=\u201d|0px||||\u201d hover_enabled=\u201d0\u2033 global_colors_info=\u201d{}\u201d sticky_enabled=\u201d0\u2033]<p style=\"text-align: justify;\">Nasza filozofia akademicka w Ba\u0142tyckim Teatrze Playback i Szkole Psychodramy (BPTPS) jest zakorzeniona w przekonaniu, \u017ce edukacja jest procesem transformacyjnym i wzmacniaj\u0105cym. Postrzegamy uczenie si\u0119 jako podr\u00f3\u017c w kierunku samopoznania i rozwoju, podczas kt\u00f3rej zach\u0119camy jednostki do odkrywania swojej kreatywno\u015bci, rozwijania umiej\u0119tno\u015bci i pog\u0142\u0119biania zrozumienia siebie i otaczaj\u0105cego ich \u015bwiata.<\/p>\n<p style=\"text-align: justify;\">Centraln\u0105 cz\u0119\u015bci\u0105 naszej filozofii jest idea, \u017ce edukacja powinna mie\u0107 charakter holistyczny i w\u0142\u0105czaj\u0105cy, obejmuj\u0105cy r\u00f3\u017cnorodne perspektywy i do\u015bwiadczenia. Cenimy uczenie si\u0119 przez do\u015bwiadczenie, aktywne uczestnictwo i praktyczn\u0105 praktyk\u0119 jako istotne elementy skutecznej edukacji. Anga\u017cuj\u0105c si\u0119 w wyzwania i mo\u017cliwo\u015bci w \u015bwiecie rzeczywistym, uczniowie zdobywaj\u0105 praktyczne umiej\u0119tno\u015bci i wiedz\u0119, kt\u00f3re mog\u0105 zastosowa\u0107 w \u017cyciu osobistym i zawodowym.<\/p>\n<p style=\"text-align: justify;\">W BPTPS podkre\u015blamy znaczenie wspierania i opartego na wsp\u00f3\u0142pracy \u015brodowiska uczenia si\u0119. Wierzymy w si\u0142\u0119 spo\u0142eczno\u015bci i zbiorowej m\u0105dro\u015bci, w ramach kt\u00f3rej uczniowie ucz\u0105 si\u0119 od siebie nawzajem, dziel\u0105 si\u0119 swoimi spostrze\u017ceniami i wspieraj\u0105 si\u0119 nawzajem w swojej edukacyjnej podr\u00f3\u017cy.<\/p>\n<p style=\"text-align: justify;\">Ponadto anga\u017cujemy si\u0119 w promowanie sprawiedliwo\u015bci spo\u0142ecznej, r\u00f3wno\u015bci i w\u0142\u0105czenia spo\u0142ecznego we wszystkich aspektach naszych program\u00f3w akademickich. Zdajemy sobie spraw\u0119 ze znaczenia r\u00f3\u017cnorodno\u015bci i staramy si\u0119 tworzy\u0107 \u015brodowiska uczenia si\u0119, kt\u00f3re szanuj\u0105 i celebruj\u0105 wyj\u0105tkow\u0105 to\u017csamo\u015b\u0107 i do\u015bwiadczenia ka\u017cdej jednostki.<\/p>\n<p style=\"text-align: justify;\">Og\u00f3lnie rzecz bior\u0105c, nasza filozofia akademicka kieruje si\u0119 d\u0105\u017ceniem do doskona\u0142o\u015bci, uczciwo\u015bci i uczenia si\u0119 przez ca\u0142e \u017cycie. D\u0105\u017cymy do umo\u017cliwienia jednostkom osi\u0105gni\u0119cia pe\u0142nego potencja\u0142u, wniesienia znacz\u0105cego wk\u0142adu w spo\u0142ecze\u0144stwo i stworzenia pozytywnych zmian na \u015bwiecie.<\/p>[\/et_pb_text][\/et_pb_column][et_pb_column type=&#8221;1_3&#8243; _builder_version=&#8221;4.19.2&#8243; _module_preset=&#8221;default&#8221; global_colors_info=&#8221;{}&#8221;][\/et_pb_column][\/et_pb_row][\/et_pb_section][et_pb_section fb_built=&#8221;1&#8243; admin_label=&#8221;Call to Action&#8221; _builder_version=&#8221;4.22.1&#8243; _module_preset=&#8221;default&#8221; background_color=&#8221;#000000&#8243; use_background_color_gradient=&#8221;on&#8221; background_color_gradient_direction=&#8221;90deg&#8221; background_color_gradient_stops=&#8221;gcid-18a7d06a-1ed9-4e8b-bef0-ea365f6c384a 50%|#000000 50%&#8221; custom_padding=&#8221;0px||0px||true|false&#8221; background_last_edited=&#8221;on|desktop&#8221; use_background_color_gradient_tablet=&#8221;off&#8221; da_disable_devices=&#8221;off|off|off&#8221; locked=&#8221;off&#8221; collapsed=&#8221;off&#8221; global_colors_info=&#8221;{}&#8221; da_is_popup=&#8221;off&#8221; da_exit_intent=&#8221;off&#8221; da_has_close=&#8221;on&#8221; da_alt_close=&#8221;off&#8221; da_dark_close=&#8221;off&#8221; da_not_modal=&#8221;on&#8221; da_is_singular=&#8221;off&#8221; da_with_loader=&#8221;off&#8221; da_has_shadow=&#8221;on&#8221;][et_pb_row column_structure=&#8221;1_3,2_3&#8243; use_custom_gutter=&#8221;on&#8221; gutter_width=&#8221;1&#8243; make_equal=&#8221;on&#8221; _builder_version=&#8221;4.21.0&#8243; _module_preset=&#8221;default&#8221; custom_padding=&#8221;0px||0px||true|false&#8221; global_colors_info=&#8221;{}&#8221;][et_pb_column type=&#8221;1_3&#8243; _builder_version=&#8221;4.19.1&#8243; _module_preset=&#8221;default&#8221; global_colors_info=&#8221;{}&#8221;][et_pb_image src=&#8221;https:\/\/bptps.lv\/wp-content\/uploads\/2024\/05\/20240502_224337-1-scaled.jpg&#8221; title_text=&#8221;20240502_224337-1&#8243; _builder_version=&#8221;4.24.3&#8243; _module_preset=&#8221;default&#8221; custom_margin=&#8221;|||-24vw|false|false&#8221; custom_margin_tablet=&#8221;||30px|0vw|false|false&#8221; custom_margin_phone=&#8221;||30px|0vw|false|false&#8221; custom_margin_last_edited=&#8221;on|desktop&#8221; border_radii=&#8221;off|||30px|&#8221; global_colors_info=&#8221;{}&#8221;][\/et_pb_image][\/et_pb_column][et_pb_column type=&#8221;2_3&#8243; _builder_version=&#8221;4.21.0&#8243; _module_preset=&#8221;default&#8221; background_color=&#8221;gcid-18a7d06a-1ed9-4e8b-bef0-ea365f6c384a&#8221; custom_padding=&#8221;60px|60px|60px|60px|true|true&#8221; custom_padding_tablet=&#8221;30px|30px|30px|30px|true|true&#8221; custom_padding_phone=&#8221;20px|20px|20px|20px|true|true&#8221; custom_padding_last_edited=&#8221;on|tablet&#8221; border_radii=&#8221;off||30px||&#8221; global_colors_info=&#8221;{%22gcid-18a7d06a-1ed9-4e8b-bef0-ea365f6c384a%22:%91%22background_color%22%93}&#8221;][et_pb_text _builder_version=&#8221;4.21.0&#8243; _module_preset=&#8221;21c197a6-ebf4-4ccd-bf64-995217b0b0b8&#8243; global_colors_info=&#8221;{}&#8221;]<h2>Podczas szkolenia<\/h2>[\/et_pb_text][et_pb_text _builder_version=\u201d4.24.3\u2033 _module_preset=\u201d83b54b2c-74f1-4fe8-b305-d7ca2a4f90bd\u201d text_font_size=\u201d18px\u201d custom_margin=\u201d||30px||false|false\u201d hover_enabled=\u201d0\u2033 global_colors_info=\u201d{}\u201d sticky_enabled=\u201d0\u2033 custom_padding=\u201d||0px|||\u201d]<p style=\"text-align: justify;\">Metody teatru odtwarzania pozwol\u0105 Ci sta\u0107 si\u0119 bardziej:<\/p>\n<table style=\"border-collapse: collapse; width: 100%;\" border=\"1\">\n<tbody>\n<tr>\n<td style=\"width: 50%;\">\n<p>W rozwoju osobistym<\/p>\n<ul>\n<li>Autentyczny<\/li>\n<li>Spontaniczny<\/li>\n<li>Bezp\u0142atny<\/li>\n<li>Ufny<\/li>\n<li>Tw\u00f3rczy<\/li>\n<li>Pomys\u0142owy<\/li>\n<li>Elastyczny<\/li>\n<li>Pewny siebie<\/li>\n<li>otwarty<\/li>\n<li>Ekspresyjny<\/li>\n<li>Ciekawy<\/li>\n<\/ul>\n<\/td>\n<td style=\"width: 50%;\">\n<p>W stosunkach spo\u0142ecznych<\/p>\n<ul>\n<li>Spok\u00f3j<\/li>\n<li>Akceptowanie<\/li>\n<li>Zr\u00f3wnowa\u017cony<\/li>\n<li>M\u0105dry<\/li>\n<li>Aktywny<\/li>\n<li>Tolerancyjny<\/li>\n<li>Przyjazny w komunikacji<\/li>\n<li>\u015awiadomy z\u0142o\u017cono\u015bci i g\u0142\u0119bi proces\u00f3w spo\u0142ecznych<\/li>\n<\/ul>\n<\/td>\n<\/tr>\n<\/tbody>\n<\/table>\n<p style=\"text-align: justify;\">Program szkolenia teatru odtwarzania gwarantuje rozw\u00f3j:<\/p>\n<ul style=\"text-align: justify;\">\n<li>Autentyczno\u015b\u0107 \u2013 bycie wiernym sobie,<\/li>\n<li>Adaptacyjno\u015b\u0107 \u2013 pewno\u015b\u0107 siebie w ka\u017cdej sytuacji,<\/li>\n<li>Ludzko\u015b\u0107 \u2013 w ka\u017cdej sytuacji.<\/li>\n<\/ul>\n<p style=\"text-align: justify;\">Po uko\u0144czeniu tego kursu nie da si\u0119 nie zmieni\u0107.<\/p>[\/et_pb_text][\/et_pb_column][\/et_pb_row][\/et_pb_section]","protected":false},"excerpt":{"rendered":"<p>Filozofia akademicka Nasza filozofia akademicka w Baltic Playback Theater and Psychodrama School (BPTPS) opiera si\u0119 na przekonaniu, \u017ce edukacja jest procesem transformacyjnym i wzmacniaj\u0105cym. Postrzegamy nauk\u0119 jako [\u2026]<\/p>","protected":false},"author":2,"featured_media":0,"parent":0,"menu_order":0,"comment_status":"closed","ping_status":"closed","template":"","meta":{"_et_pb_use_builder":"on","_et_pb_old_content":"","_et_gb_content_width":"","_price":"","_stock":"","_tribe_ticket_header":"","_tribe_default_ticket_provider":"","_tribe_ticket_capacity":"0","_ticket_start_date":"","_ticket_end_date":"","_tribe_ticket_show_description":"","_tribe_ticket_show_not_going":false,"_tribe_ticket_use_global_stock":"","_tribe_ticket_global_stock_level":"","_global_stock_mode":"","_global_stock_cap":"","_tribe_rsvp_for_event":"","_tribe_ticket_going_count":"","_tribe_ticket_not_going_count":"","_tribe_tickets_list":"[]","_tribe_ticket_has_attendee_info_fields":false,"footnotes":"","_tec_slr_enabled":"","_tec_slr_layout":""},"class_list":["post-236","page","type-page","status-publish","hentry"],"yoast_head":"<!-- This site is optimized with the Yoast SEO plugin v26.1.1 - https:\/\/yoast.com\/wordpress\/plugins\/seo\/ -->\n<title>Academic Philosophy - Baltic Playback Theatre and Psychodrama School<\/title>\n<meta name=\"description\" content=\"Our academic philosophy at Baltic Playback Theater and Psychodrama School is rooted in the belief that education is a transformative and empowering process.\" \/>\n<meta name=\"robots\" content=\"index, follow, max-snippet:-1, max-image-preview:large, max-video-preview:-1\" \/>\n<link rel=\"canonical\" href=\"https:\/\/bptps.lv\/pl\/academic-philosophy\/\" \/>\n<meta property=\"og:locale\" content=\"pl_PL\" \/>\n<meta property=\"og:type\" content=\"article\" \/>\n<meta property=\"og:title\" content=\"Academic Philosophy - Baltic Playback Theatre and Psychodrama School\" \/>\n<meta property=\"og:description\" content=\"Our academic philosophy at Baltic Playback Theater and Psychodrama School is rooted in the belief that education is a transformative and empowering process.\" \/>\n<meta property=\"og:url\" content=\"https:\/\/bptps.lv\/pl\/academic-philosophy\/\" \/>\n<meta property=\"og:site_name\" content=\"Baltic Playback Theatre and Psychodrama School\" \/>\n<meta property=\"article:publisher\" content=\"https:\/\/www.facebook.com\/profile.php?id=61558483709834\" \/>\n<meta property=\"article:modified_time\" content=\"2024-12-23T10:34:50+00:00\" \/>\n<meta name=\"twitter:card\" content=\"summary_large_image\" \/>\n<meta name=\"twitter:site\" content=\"@bptps_lv\" \/>\n<meta name=\"twitter:label1\" content=\"Szacowany czas czytania\" \/>\n\t<meta name=\"twitter:data1\" content=\"2 minuty\" \/>\n<script type=\"application\/ld+json\" class=\"yoast-schema-graph\">{\"@context\":\"https:\/\/schema.org\",\"@graph\":[{\"@type\":\"WebPage\",\"@id\":\"https:\/\/bptps.lv\/academic-philosophy\/\",\"url\":\"https:\/\/bptps.lv\/academic-philosophy\/\",\"name\":\"Academic Philosophy - Baltic Playback Theatre and Psychodrama School\",\"isPartOf\":{\"@id\":\"https:\/\/bptps.lv\/#website\"},\"datePublished\":\"2024-04-20T18:18:12+00:00\",\"dateModified\":\"2024-12-23T10:34:50+00:00\",\"description\":\"Our academic philosophy at Baltic Playback Theater and Psychodrama School is rooted in the belief that education is a transformative and empowering process.\",\"breadcrumb\":{\"@id\":\"https:\/\/bptps.lv\/academic-philosophy\/#breadcrumb\"},\"inLanguage\":\"pl-PL\",\"potentialAction\":[{\"@type\":\"ReadAction\",\"target\":[\"https:\/\/bptps.lv\/academic-philosophy\/\"]}]},{\"@type\":\"BreadcrumbList\",\"@id\":\"https:\/\/bptps.lv\/academic-philosophy\/#breadcrumb\",\"itemListElement\":[{\"@type\":\"ListItem\",\"position\":1,\"name\":\"Home\",\"item\":\"https:\/\/bptps.lv\/\"},{\"@type\":\"ListItem\",\"position\":2,\"name\":\"Academic Philosophy\"}]},{\"@type\":\"WebSite\",\"@id\":\"https:\/\/bptps.lv\/#website\",\"url\":\"https:\/\/bptps.lv\/\",\"name\":\"Baltic Playback Theatre and Psychodrama School\",\"description\":\"Baltic Playback Theatre and Psychodrama School\",\"publisher\":{\"@id\":\"https:\/\/bptps.lv\/#organization\"},\"potentialAction\":[{\"@type\":\"SearchAction\",\"target\":{\"@type\":\"EntryPoint\",\"urlTemplate\":\"https:\/\/bptps.lv\/?s={search_term_string}\"},\"query-input\":{\"@type\":\"PropertyValueSpecification\",\"valueRequired\":true,\"valueName\":\"search_term_string\"}}],\"inLanguage\":\"pl-PL\"},{\"@type\":\"Organization\",\"@id\":\"https:\/\/bptps.lv\/#organization\",\"name\":\"Baltic Playback Theatre and Psychodrama School\",\"url\":\"https:\/\/bptps.lv\/\",\"logo\":{\"@type\":\"ImageObject\",\"inLanguage\":\"pl-PL\",\"@id\":\"https:\/\/bptps.lv\/#\/schema\/logo\/image\/\",\"url\":\"https:\/\/bptps.lv\/wp-content\/uploads\/2024\/04\/BPTPS-logo1.jpg\",\"contentUrl\":\"https:\/\/bptps.lv\/wp-content\/uploads\/2024\/04\/BPTPS-logo1.jpg\",\"width\":1599,\"height\":1600,\"caption\":\"Baltic Playback Theatre and Psychodrama School\"},\"image\":{\"@id\":\"https:\/\/bptps.lv\/#\/schema\/logo\/image\/\"},\"sameAs\":[\"https:\/\/www.facebook.com\/profile.php?id=61558483709834\",\"https:\/\/x.com\/bptps_lv\",\"https:\/\/www.instagram.com\/bptps.lv\/\",\"https:\/\/www.linkedin.com\/in\/bptps-797117338\/\",\"https:\/\/t.me\/bptps_lv\",\"https:\/\/www.youtube.com\/@BPTPS_LV\"]}]}<\/script>\n<!-- \/ Yoast SEO plugin. -->","yoast_head_json":{"title":"Academic Philosophy - Baltic Playback Theatre and Psychodrama School","description":"Our academic philosophy at Baltic Playback Theater and Psychodrama School is rooted in the belief that education is a transformative and empowering process.","robots":{"index":"index","follow":"follow","max-snippet":"max-snippet:-1","max-image-preview":"max-image-preview:large","max-video-preview":"max-video-preview:-1"},"canonical":"https:\/\/bptps.lv\/pl\/academic-philosophy\/","og_locale":"pl_PL","og_type":"article","og_title":"Academic Philosophy - Baltic Playback Theatre and Psychodrama School","og_description":"Our academic philosophy at Baltic Playback Theater and Psychodrama School is rooted in the belief that education is a transformative and empowering process.","og_url":"https:\/\/bptps.lv\/pl\/academic-philosophy\/","og_site_name":"Baltic Playback Theatre and Psychodrama School","article_publisher":"https:\/\/www.facebook.com\/profile.php?id=61558483709834","article_modified_time":"2024-12-23T10:34:50+00:00","twitter_card":"summary_large_image","twitter_site":"@bptps_lv","twitter_misc":{"Szacowany czas czytania":"2 minuty"},"schema":{"@context":"https:\/\/schema.org","@graph":[{"@type":"WebPage","@id":"https:\/\/bptps.lv\/academic-philosophy\/","url":"https:\/\/bptps.lv\/academic-philosophy\/","name":"Academic Philosophy - Baltic Playback Theatre and Psychodrama School","isPartOf":{"@id":"https:\/\/bptps.lv\/#website"},"datePublished":"2024-04-20T18:18:12+00:00","dateModified":"2024-12-23T10:34:50+00:00","description":"Our academic philosophy at Baltic Playback Theater and Psychodrama School is rooted in the belief that education is a transformative and empowering process.","breadcrumb":{"@id":"https:\/\/bptps.lv\/academic-philosophy\/#breadcrumb"},"inLanguage":"pl-PL","potentialAction":[{"@type":"ReadAction","target":["https:\/\/bptps.lv\/academic-philosophy\/"]}]},{"@type":"BreadcrumbList","@id":"https:\/\/bptps.lv\/academic-philosophy\/#breadcrumb","itemListElement":[{"@type":"ListItem","position":1,"name":"Home","item":"https:\/\/bptps.lv\/"},{"@type":"ListItem","position":2,"name":"Academic Philosophy"}]},{"@type":"WebSite","@id":"https:\/\/bptps.lv\/#website","url":"https:\/\/bptps.lv\/","name":"Baltic Playback Theatre and Psychodrama School","description":"Baltic Playback Theatre and Psychodrama School","publisher":{"@id":"https:\/\/bptps.lv\/#organization"},"potentialAction":[{"@type":"SearchAction","target":{"@type":"EntryPoint","urlTemplate":"https:\/\/bptps.lv\/?s={search_term_string}"},"query-input":{"@type":"PropertyValueSpecification","valueRequired":true,"valueName":"search_term_string"}}],"inLanguage":"pl-PL"},{"@type":"Organization","@id":"https:\/\/bptps.lv\/#organization","name":"Baltic Playback Theatre and Psychodrama School","url":"https:\/\/bptps.lv\/","logo":{"@type":"ImageObject","inLanguage":"pl-PL","@id":"https:\/\/bptps.lv\/#\/schema\/logo\/image\/","url":"https:\/\/bptps.lv\/wp-content\/uploads\/2024\/04\/BPTPS-logo1.jpg","contentUrl":"https:\/\/bptps.lv\/wp-content\/uploads\/2024\/04\/BPTPS-logo1.jpg","width":1599,"height":1600,"caption":"Baltic Playback Theatre and Psychodrama School"},"image":{"@id":"https:\/\/bptps.lv\/#\/schema\/logo\/image\/"},"sameAs":["https:\/\/www.facebook.com\/profile.php?id=61558483709834","https:\/\/x.com\/bptps_lv","https:\/\/www.instagram.com\/bptps.lv\/","https:\/\/www.linkedin.com\/in\/bptps-797117338\/","https:\/\/t.me\/bptps_lv","https:\/\/www.youtube.com\/@BPTPS_LV"]}]}},"ticketed":false,"_links":{"self":[{"href":"https:\/\/bptps.lv\/pl\/wp-json\/wp\/v2\/pages\/236","targetHints":{"allow":["GET"]}}],"collection":[{"href":"https:\/\/bptps.lv\/pl\/wp-json\/wp\/v2\/pages"}],"about":[{"href":"https:\/\/bptps.lv\/pl\/wp-json\/wp\/v2\/types\/page"}],"author":[{"embeddable":true,"href":"https:\/\/bptps.lv\/pl\/wp-json\/wp\/v2\/users\/2"}],"replies":[{"embeddable":true,"href":"https:\/\/bptps.lv\/pl\/wp-json\/wp\/v2\/comments?post=236"}],"version-history":[{"count":13,"href":"https:\/\/bptps.lv\/pl\/wp-json\/wp\/v2\/pages\/236\/revisions"}],"predecessor-version":[{"id":1076,"href":"https:\/\/bptps.lv\/pl\/wp-json\/wp\/v2\/pages\/236\/revisions\/1076"}],"wp:attachment":[{"href":"https:\/\/bptps.lv\/pl\/wp-json\/wp\/v2\/media?parent=236"}],"curies":[{"name":"wp","href":"https:\/\/api.w.org\/{rel}","templated":true}]}}