{"id":178,"date":"2024-04-14T11:18:01","date_gmt":"2024-04-14T11:18:01","guid":{"rendered":"https:\/\/bptps.lv\/?page_id=178"},"modified":"2024-12-23T12:45:17","modified_gmt":"2024-12-23T10:45:17","slug":"copyright-notice","status":"publish","type":"page","link":"https:\/\/bptps.lv\/pl\/copyright-notice\/","title":{"rendered":"Informacja o prawach autorskich"},"content":{"rendered":"<p>Ba\u0142tycki Teatr Playbackowy i Szko\u0142a Psychodramy (BPTPS) Informacja o prawach autorskich<\/p>\n\n\n\n<p>Wszystkie materia\u0142y udost\u0119pnione na stronie BPTPS, w tym mi\u0119dzy innymi teksty, obrazy, filmy i nagrania audio, s\u0105 chronione prawem autorskim i stanowi\u0105 w\u0142asno\u015b\u0107 BPTPS lub jego dostawc\u00f3w tre\u015bci, chyba \u017ce zaznaczono inaczej.<\/p>\n\n\n\n<p>Zabrania si\u0119 reprodukowania, rozpowszechniania, modyfikowania lub przesy\u0142ania jakichkolwiek materia\u0142\u00f3w ze strony internetowej BPTPS bez uprzedniej pisemnej zgody BPTPS, z wyj\u0105tkiem u\u017cytku osobistego, niekomercyjnego.<\/p>\n\n\n\n<p>Je\u015bli uwa\u017casz, \u017ce jakakolwiek tre\u015b\u0107 na stronie internetowej BPTPS narusza Twoje prawa autorskie lub prawa w\u0142asno\u015bci intelektualnej, skontaktuj si\u0119 z nami natychmiast pod adresem [Informacje kontaktowe].<\/p>\n\n\n\n<p>BPTPS zastrzega sobie wszelkie prawa, kt\u00f3re nie zosta\u0142y wyra\u017anie przyznane w niniejszej Informacji o prawach autorskich.<\/p>\n\n\n\n<p>Data ostatniej wersji: 2024-04-14<\/p>","protected":false},"excerpt":{"rendered":"<p>Baltic Playback Theater and Psychodrama School (BPTPS) Copyright Notice All materials provided on the BPTPS website, including but not limited to text, images, videos, and audio recordings, are protected by [&hellip;]<\/p>","protected":false},"author":2,"featured_media":0,"parent":0,"menu_order":0,"comment_status":"closed","ping_status":"closed","template":"","meta":{"_et_pb_use_builder":"off","_et_pb_old_content":"","_et_gb_content_width":"","_price":"","_stock":"","_tribe_ticket_header":"","_tribe_default_ticket_provider":"","_tribe_ticket_capacity":"0","_ticket_start_date":"","_ticket_end_date":"","_tribe_ticket_show_description":"","_tribe_ticket_show_not_going":false,"_tribe_ticket_use_global_stock":"","_tribe_ticket_global_stock_level":"","_global_stock_mode":"","_global_stock_cap":"","_tribe_rsvp_for_event":"","_tribe_ticket_going_count":"","_tribe_ticket_not_going_count":"","_tribe_tickets_list":"[]","_tribe_ticket_has_attendee_info_fields":false,"footnotes":"","_tec_slr_enabled":"","_tec_slr_layout":""},"class_list":["post-178","page","type-page","status-publish","hentry"],"yoast_head":"<!-- This site is optimized with the Yoast SEO plugin v26.1.1 - https:\/\/yoast.com\/wordpress\/plugins\/seo\/ -->\n<title>Copyright Notice - Baltic Playback Theatre and Psychodrama School<\/title>\n<meta name=\"description\" content=\"Baltic Playback Theater and Psychodrama School (BPTPS) Copyright Notice. BPTPS reserves all rights not expressly granted in this Copyright Notice.\" \/>\n<meta name=\"robots\" content=\"index, follow, max-snippet:-1, max-image-preview:large, max-video-preview:-1\" \/>\n<link rel=\"canonical\" href=\"https:\/\/bptps.lv\/pl\/copyright-notice\/\" \/>\n<meta property=\"og:locale\" content=\"pl_PL\" \/>\n<meta property=\"og:type\" content=\"article\" \/>\n<meta property=\"og:title\" content=\"Copyright Notice - Baltic Playback Theatre and Psychodrama School\" \/>\n<meta property=\"og:description\" content=\"Baltic Playback Theater and Psychodrama School (BPTPS) Copyright Notice. BPTPS reserves all rights not expressly granted in this Copyright Notice.\" \/>\n<meta property=\"og:url\" content=\"https:\/\/bptps.lv\/pl\/copyright-notice\/\" \/>\n<meta property=\"og:site_name\" content=\"Baltic Playback Theatre and Psychodrama School\" \/>\n<meta property=\"article:publisher\" content=\"https:\/\/www.facebook.com\/profile.php?id=61558483709834\" \/>\n<meta property=\"article:modified_time\" content=\"2024-12-23T10:45:17+00:00\" \/>\n<meta name=\"twitter:card\" content=\"summary_large_image\" \/>\n<meta name=\"twitter:site\" content=\"@bptps_lv\" \/>\n<meta name=\"twitter:label1\" content=\"Szacowany czas czytania\" \/>\n\t<meta name=\"twitter:data1\" content=\"1 minuta\" \/>\n<script type=\"application\/ld+json\" class=\"yoast-schema-graph\">{\"@context\":\"https:\/\/schema.org\",\"@graph\":[{\"@type\":\"WebPage\",\"@id\":\"https:\/\/bptps.lv\/copyright-notice\/\",\"url\":\"https:\/\/bptps.lv\/copyright-notice\/\",\"name\":\"Copyright Notice - Baltic Playback Theatre and Psychodrama School\",\"isPartOf\":{\"@id\":\"https:\/\/bptps.lv\/#website\"},\"datePublished\":\"2024-04-14T11:18:01+00:00\",\"dateModified\":\"2024-12-23T10:45:17+00:00\",\"description\":\"Baltic Playback Theater and Psychodrama School (BPTPS) Copyright Notice. BPTPS reserves all rights not expressly granted in this Copyright Notice.\",\"breadcrumb\":{\"@id\":\"https:\/\/bptps.lv\/copyright-notice\/#breadcrumb\"},\"inLanguage\":\"pl-PL\",\"potentialAction\":[{\"@type\":\"ReadAction\",\"target\":[\"https:\/\/bptps.lv\/copyright-notice\/\"]}]},{\"@type\":\"BreadcrumbList\",\"@id\":\"https:\/\/bptps.lv\/copyright-notice\/#breadcrumb\",\"itemListElement\":[{\"@type\":\"ListItem\",\"position\":1,\"name\":\"Home\",\"item\":\"https:\/\/bptps.lv\/\"},{\"@type\":\"ListItem\",\"position\":2,\"name\":\"Copyright Notice\"}]},{\"@type\":\"WebSite\",\"@id\":\"https:\/\/bptps.lv\/#website\",\"url\":\"https:\/\/bptps.lv\/\",\"name\":\"Baltic Playback Theatre and Psychodrama School\",\"description\":\"Baltic Playback Theatre and Psychodrama School\",\"publisher\":{\"@id\":\"https:\/\/bptps.lv\/#organization\"},\"potentialAction\":[{\"@type\":\"SearchAction\",\"target\":{\"@type\":\"EntryPoint\",\"urlTemplate\":\"https:\/\/bptps.lv\/?s={search_term_string}\"},\"query-input\":{\"@type\":\"PropertyValueSpecification\",\"valueRequired\":true,\"valueName\":\"search_term_string\"}}],\"inLanguage\":\"pl-PL\"},{\"@type\":\"Organization\",\"@id\":\"https:\/\/bptps.lv\/#organization\",\"name\":\"Baltic Playback Theatre and Psychodrama School\",\"url\":\"https:\/\/bptps.lv\/\",\"logo\":{\"@type\":\"ImageObject\",\"inLanguage\":\"pl-PL\",\"@id\":\"https:\/\/bptps.lv\/#\/schema\/logo\/image\/\",\"url\":\"https:\/\/bptps.lv\/wp-content\/uploads\/2024\/04\/BPTPS-logo1.jpg\",\"contentUrl\":\"https:\/\/bptps.lv\/wp-content\/uploads\/2024\/04\/BPTPS-logo1.jpg\",\"width\":1599,\"height\":1600,\"caption\":\"Baltic Playback Theatre and Psychodrama School\"},\"image\":{\"@id\":\"https:\/\/bptps.lv\/#\/schema\/logo\/image\/\"},\"sameAs\":[\"https:\/\/www.facebook.com\/profile.php?id=61558483709834\",\"https:\/\/x.com\/bptps_lv\",\"https:\/\/www.instagram.com\/bptps.lv\/\",\"https:\/\/www.linkedin.com\/in\/bptps-797117338\/\",\"https:\/\/t.me\/bptps_lv\",\"https:\/\/www.youtube.com\/@BPTPS_LV\"]}]}<\/script>\n<!-- \/ Yoast SEO plugin. -->","yoast_head_json":{"title":"Copyright Notice - Baltic Playback Theatre and Psychodrama School","description":"Baltic Playback Theater and Psychodrama School (BPTPS) Copyright Notice. BPTPS reserves all rights not expressly granted in this Copyright Notice.","robots":{"index":"index","follow":"follow","max-snippet":"max-snippet:-1","max-image-preview":"max-image-preview:large","max-video-preview":"max-video-preview:-1"},"canonical":"https:\/\/bptps.lv\/pl\/copyright-notice\/","og_locale":"pl_PL","og_type":"article","og_title":"Copyright Notice - Baltic Playback Theatre and Psychodrama School","og_description":"Baltic Playback Theater and Psychodrama School (BPTPS) Copyright Notice. BPTPS reserves all rights not expressly granted in this Copyright Notice.","og_url":"https:\/\/bptps.lv\/pl\/copyright-notice\/","og_site_name":"Baltic Playback Theatre and Psychodrama School","article_publisher":"https:\/\/www.facebook.com\/profile.php?id=61558483709834","article_modified_time":"2024-12-23T10:45:17+00:00","twitter_card":"summary_large_image","twitter_site":"@bptps_lv","twitter_misc":{"Szacowany czas czytania":"1 minuta"},"schema":{"@context":"https:\/\/schema.org","@graph":[{"@type":"WebPage","@id":"https:\/\/bptps.lv\/copyright-notice\/","url":"https:\/\/bptps.lv\/copyright-notice\/","name":"Copyright Notice - Baltic Playback Theatre and Psychodrama School","isPartOf":{"@id":"https:\/\/bptps.lv\/#website"},"datePublished":"2024-04-14T11:18:01+00:00","dateModified":"2024-12-23T10:45:17+00:00","description":"Baltic Playback Theater and Psychodrama School (BPTPS) Copyright Notice. BPTPS reserves all rights not expressly granted in this Copyright Notice.","breadcrumb":{"@id":"https:\/\/bptps.lv\/copyright-notice\/#breadcrumb"},"inLanguage":"pl-PL","potentialAction":[{"@type":"ReadAction","target":["https:\/\/bptps.lv\/copyright-notice\/"]}]},{"@type":"BreadcrumbList","@id":"https:\/\/bptps.lv\/copyright-notice\/#breadcrumb","itemListElement":[{"@type":"ListItem","position":1,"name":"Home","item":"https:\/\/bptps.lv\/"},{"@type":"ListItem","position":2,"name":"Copyright Notice"}]},{"@type":"WebSite","@id":"https:\/\/bptps.lv\/#website","url":"https:\/\/bptps.lv\/","name":"Baltic Playback Theatre and Psychodrama School","description":"Baltic Playback Theatre and Psychodrama School","publisher":{"@id":"https:\/\/bptps.lv\/#organization"},"potentialAction":[{"@type":"SearchAction","target":{"@type":"EntryPoint","urlTemplate":"https:\/\/bptps.lv\/?s={search_term_string}"},"query-input":{"@type":"PropertyValueSpecification","valueRequired":true,"valueName":"search_term_string"}}],"inLanguage":"pl-PL"},{"@type":"Organization","@id":"https:\/\/bptps.lv\/#organization","name":"Baltic Playback Theatre and Psychodrama School","url":"https:\/\/bptps.lv\/","logo":{"@type":"ImageObject","inLanguage":"pl-PL","@id":"https:\/\/bptps.lv\/#\/schema\/logo\/image\/","url":"https:\/\/bptps.lv\/wp-content\/uploads\/2024\/04\/BPTPS-logo1.jpg","contentUrl":"https:\/\/bptps.lv\/wp-content\/uploads\/2024\/04\/BPTPS-logo1.jpg","width":1599,"height":1600,"caption":"Baltic Playback Theatre and Psychodrama School"},"image":{"@id":"https:\/\/bptps.lv\/#\/schema\/logo\/image\/"},"sameAs":["https:\/\/www.facebook.com\/profile.php?id=61558483709834","https:\/\/x.com\/bptps_lv","https:\/\/www.instagram.com\/bptps.lv\/","https:\/\/www.linkedin.com\/in\/bptps-797117338\/","https:\/\/t.me\/bptps_lv","https:\/\/www.youtube.com\/@BPTPS_LV"]}]}},"ticketed":false,"_links":{"self":[{"href":"https:\/\/bptps.lv\/pl\/wp-json\/wp\/v2\/pages\/178","targetHints":{"allow":["GET"]}}],"collection":[{"href":"https:\/\/bptps.lv\/pl\/wp-json\/wp\/v2\/pages"}],"about":[{"href":"https:\/\/bptps.lv\/pl\/wp-json\/wp\/v2\/types\/page"}],"author":[{"embeddable":true,"href":"https:\/\/bptps.lv\/pl\/wp-json\/wp\/v2\/users\/2"}],"replies":[{"embeddable":true,"href":"https:\/\/bptps.lv\/pl\/wp-json\/wp\/v2\/comments?post=178"}],"version-history":[{"count":1,"href":"https:\/\/bptps.lv\/pl\/wp-json\/wp\/v2\/pages\/178\/revisions"}],"predecessor-version":[{"id":179,"href":"https:\/\/bptps.lv\/pl\/wp-json\/wp\/v2\/pages\/178\/revisions\/179"}],"wp:attachment":[{"href":"https:\/\/bptps.lv\/pl\/wp-json\/wp\/v2\/media?parent=178"}],"curies":[{"name":"wp","href":"https:\/\/api.w.org\/{rel}","templated":true}]}}