{"id":172,"date":"2024-04-14T11:13:57","date_gmt":"2024-04-14T11:13:57","guid":{"rendered":"https:\/\/bptps.lv\/?page_id=172"},"modified":"2024-12-23T12:42:29","modified_gmt":"2024-12-23T10:42:29","slug":"conditions-of-use","status":"publish","type":"page","link":"https:\/\/bptps.lv\/pl\/conditions-of-use\/","title":{"rendered":"Warunki u\u017cytkowania"},"content":{"rendered":"<p class=\"has-medium-font-size\">\u00a0\u00a0\u00a0 <strong>Akceptacja Warunk\u00f3w<\/strong><\/p>\n\n\n\n<p>Wchodz\u0105c lub korzystaj\u0105c z jakichkolwiek us\u0142ug \u015bwiadczonych przez Ba\u0142tycki Teatr Playback i Szko\u0142\u0119 Psychodramy (BPTPS), wyra\u017casz zgod\u0119 na przestrzeganie niniejszych Warunk\u00f3w Korzystania. Je\u015bli nie zgadzasz si\u0119 z kt\u00f3rymkolwiek z tych warunk\u00f3w, nie mo\u017cesz uzyska\u0107 dost\u0119pu do naszych us\u0142ug ani z nich korzysta\u0107.<\/p>\n\n\n\n<p class=\"has-medium-font-size\">\u00a0\u00a0\u00a0 <strong>Wykorzystanie materia\u0142\u00f3w<\/strong><\/p>\n\n\n\n<p>Wszystkie materia\u0142y dostarczane przez BPTPS, w tym mi\u0119dzy innymi tekst, obrazy, filmy i nagrania audio, s\u0105 chronione prawem autorskim i innymi prawami w\u0142asno\u015bci intelektualnej. Mo\u017cesz wykorzystywa\u0107 te materia\u0142y wy\u0142\u0105cznie do cel\u00f3w osobistych, niekomercyjnych i nie wolno ich reprodukowa\u0107, rozpowszechnia\u0107 ani modyfikowa\u0107 bez uprzedniej pisemnej zgody BPTPS.<\/p>\n\n\n\n<p class=\"has-medium-font-size\">\u00a0\u00a0\u00a0 <strong>Zachowanie u\u017cytkownika<\/strong><\/p>\n\n\n\n<p>Wyra\u017casz zgod\u0119 na korzystanie z us\u0142ug BPTPS w spos\u00f3b zgodny z prawem, pe\u0142en szacunku i zgodny z niniejszymi Warunkami Korzystania. Nie wolno anga\u017cowa\u0107 si\u0119 w \u017cadne zachowania, kt\u00f3re mog\u0105 zak\u0142\u00f3ca\u0107 lub zak\u0142\u00f3ca\u0107 dzia\u0142anie naszych us\u0142ug lub do\u015bwiadczenia innych u\u017cytkownik\u00f3w.<\/p>\n\n\n\n<p class=\"has-medium-font-size\">\u00a0\u00a0\u00a0 <strong>Prywatno\u015b\u0107<\/strong><\/p>\n\n\n\n<p>BPTPS szanuje Twoj\u0105 prywatno\u015b\u0107 i zobowi\u0105zuje si\u0119 do ochrony Twoich danych osobowych. Aby uzyska\u0107 szczeg\u00f3\u0142owe informacje na temat sposobu gromadzenia, wykorzystywania i ujawniania Twoich danych, zapoznaj si\u0119 z nasz\u0105 Polityk\u0105 prywatno\u015bci.<\/p>\n\n\n\n<p class=\"has-medium-font-size\">\u00a0\u00a0\u00a0 <strong>Linki stron trzecich<\/strong><\/p>\n\n\n\n<p>Us\u0142ugi BPTPS mog\u0105 zawiera\u0107 linki do stron internetowych lub zasob\u00f3w stron trzecich. Linki te s\u0105 udost\u0119pnione wy\u0142\u0105cznie dla Twojej wygody i BPTPS nie ponosi odpowiedzialno\u015bci za zawarto\u015b\u0107 lub dost\u0119pno\u015b\u0107 tych stron. Korzystanie z witryn stron trzecich podlega ich odpowiednim warunkom.<\/p>\n\n\n\n<p class=\"has-medium-font-size\">\u00a0\u00a0\u00a0 <strong>Wy\u0142\u0105czenie gwarancji<\/strong><\/p>\n\n\n\n<p>Us\u0142ugi BPTPS s\u0105 \u015bwiadczone na zasadzie \u201etak jak jest\u201d i \u201ew miar\u0119 dost\u0119pno\u015bci\u201d, bez \u017cadnych gwarancji ani o\u015bwiadcze\u0144 jakiegokolwiek rodzaju, wyra\u017anych lub dorozumianych. BPTPS nie gwarantuje dok\u0142adno\u015bci, kompletno\u015bci ani wiarygodno\u015bci jakichkolwiek informacji udost\u0119pnianych za po\u015brednictwem swoich us\u0142ug.<\/p>\n\n\n\n<p class=\"has-medium-font-size\">\u00a0\u00a0\u00a0<strong> Ograniczenie odpowiedzialno\u015bci<\/strong><\/p>\n\n\n\n<p>BPTPS nie ponosi odpowiedzialno\u015bci za jakiekolwiek szkody bezpo\u015brednie, po\u015brednie, przypadkowe, szczeg\u00f3lne lub wynikowe powsta\u0142e lub w jakikolwiek spos\u00f3b zwi\u0105zane z korzystaniem przez Ciebie z jego us\u0142ug, nawet je\u015bli BPTPS zosta\u0142 poinformowany o mo\u017cliwo\u015bci wyst\u0105pienia takich szk\u00f3d.<\/p>\n\n\n\n<p class=\"has-medium-font-size\">\u00a0\u00a0\u00a0<strong> Modyfikacja Warunk\u00f3w<\/strong><\/p>\n\n\n\n<p>BPTPS zastrzega sobie prawo do modyfikacji lub aktualizacji niniejszych Warunk\u00f3w Korzystania w dowolnym momencie bez uprzedniego powiadomienia. Dalsze korzystanie z naszych us\u0142ug po wprowadzeniu jakichkolwiek zmian oznacza akceptacj\u0119 zaktualizowanych warunk\u00f3w.<\/p>\n\n\n\n<p class=\"has-medium-font-size\">\u00a0\u00a0\u00a0 <strong>Prawo rz\u0105dowe<\/strong><\/p>\n\n\n\n<p>Niniejsze Warunki korzystania podlegaj\u0105 prawu [Jurysdykcja] i zgodnie z nim b\u0119d\u0105 interpretowane, bez wzgl\u0119du na przepisy kolizyjne.<\/p>\n\n\n\n<p>Je\u015bli masz jakiekolwiek pytania lub w\u0105tpliwo\u015bci dotycz\u0105ce niniejszych Warunk\u00f3w u\u017cytkowania, skontaktuj si\u0119 z nami pod adresem [Informacje kontaktowe].<\/p>\n\n\n\n<p>Data ostatniej wersji: 2024-04-14<\/p>","protected":false},"excerpt":{"rendered":"<p>\u00a0\u00a0\u00a0 Akceptacja Warunk\u00f3w Uzyskuj\u0105c dost\u0119p lub korzystaj\u0105c z us\u0142ug \u015bwiadczonych przez Szko\u0142\u0119 Teatru i Psychodramy Ba\u0142tyckiego (BPTPS), wyra\u017casz zgod\u0119 na przestrzeganie niniejszych Warunk\u00f3w U\u017cytkowania. Je\u015bli [\u2026]<\/p>","protected":false},"author":2,"featured_media":0,"parent":0,"menu_order":0,"comment_status":"closed","ping_status":"closed","template":"","meta":{"_et_pb_use_builder":"off","_et_pb_old_content":"","_et_gb_content_width":"1080","_price":"","_stock":"","_tribe_ticket_header":"","_tribe_default_ticket_provider":"","_tribe_ticket_capacity":"0","_ticket_start_date":"","_ticket_end_date":"","_tribe_ticket_show_description":"","_tribe_ticket_show_not_going":false,"_tribe_ticket_use_global_stock":"","_tribe_ticket_global_stock_level":"","_global_stock_mode":"","_global_stock_cap":"","_tribe_rsvp_for_event":"","_tribe_ticket_going_count":"","_tribe_ticket_not_going_count":"","_tribe_tickets_list":"[]","_tribe_ticket_has_attendee_info_fields":false,"footnotes":"","_tec_slr_enabled":"","_tec_slr_layout":""},"class_list":["post-172","page","type-page","status-publish","hentry"],"yoast_head":"<!-- This site is optimized with the Yoast SEO plugin v26.1.1 - https:\/\/yoast.com\/wordpress\/plugins\/seo\/ -->\n<title>Conditions of Use - Baltic Playback Theatre and Psychodrama School<\/title>\n<meta name=\"description\" content=\"y accessing or using any services provided by Baltic Playback Theater and Psychodrama School (BPTPS), you agree to be bound by these Conditions of Use.\" \/>\n<meta name=\"robots\" content=\"index, follow, max-snippet:-1, max-image-preview:large, max-video-preview:-1\" \/>\n<link rel=\"canonical\" href=\"https:\/\/bptps.lv\/pl\/conditions-of-use\/\" \/>\n<meta property=\"og:locale\" content=\"pl_PL\" \/>\n<meta property=\"og:type\" content=\"article\" \/>\n<meta property=\"og:title\" content=\"Conditions of Use - Baltic Playback Theatre and Psychodrama School\" \/>\n<meta property=\"og:description\" content=\"y accessing or using any services provided by Baltic Playback Theater and Psychodrama School (BPTPS), you agree to be bound by these Conditions of Use.\" \/>\n<meta property=\"og:url\" content=\"https:\/\/bptps.lv\/pl\/conditions-of-use\/\" \/>\n<meta property=\"og:site_name\" content=\"Baltic Playback Theatre and Psychodrama School\" \/>\n<meta property=\"article:publisher\" content=\"https:\/\/www.facebook.com\/profile.php?id=61558483709834\" \/>\n<meta property=\"article:modified_time\" content=\"2024-12-23T10:42:29+00:00\" \/>\n<meta name=\"twitter:card\" content=\"summary_large_image\" \/>\n<meta name=\"twitter:site\" content=\"@bptps_lv\" \/>\n<meta name=\"twitter:label1\" content=\"Szacowany czas czytania\" \/>\n\t<meta name=\"twitter:data1\" content=\"2 minuty\" \/>\n<script type=\"application\/ld+json\" class=\"yoast-schema-graph\">{\"@context\":\"https:\/\/schema.org\",\"@graph\":[{\"@type\":\"WebPage\",\"@id\":\"https:\/\/bptps.lv\/conditions-of-use\/\",\"url\":\"https:\/\/bptps.lv\/conditions-of-use\/\",\"name\":\"Conditions of Use - Baltic Playback Theatre and Psychodrama School\",\"isPartOf\":{\"@id\":\"https:\/\/bptps.lv\/#website\"},\"datePublished\":\"2024-04-14T11:13:57+00:00\",\"dateModified\":\"2024-12-23T10:42:29+00:00\",\"description\":\"y accessing or using any services provided by Baltic Playback Theater and Psychodrama School (BPTPS), you agree to be bound by these Conditions of Use.\",\"breadcrumb\":{\"@id\":\"https:\/\/bptps.lv\/conditions-of-use\/#breadcrumb\"},\"inLanguage\":\"pl-PL\",\"potentialAction\":[{\"@type\":\"ReadAction\",\"target\":[\"https:\/\/bptps.lv\/conditions-of-use\/\"]}]},{\"@type\":\"BreadcrumbList\",\"@id\":\"https:\/\/bptps.lv\/conditions-of-use\/#breadcrumb\",\"itemListElement\":[{\"@type\":\"ListItem\",\"position\":1,\"name\":\"Home\",\"item\":\"https:\/\/bptps.lv\/\"},{\"@type\":\"ListItem\",\"position\":2,\"name\":\"Conditions of Use\"}]},{\"@type\":\"WebSite\",\"@id\":\"https:\/\/bptps.lv\/#website\",\"url\":\"https:\/\/bptps.lv\/\",\"name\":\"Baltic Playback Theatre and Psychodrama School\",\"description\":\"Baltic Playback Theatre and Psychodrama School\",\"publisher\":{\"@id\":\"https:\/\/bptps.lv\/#organization\"},\"potentialAction\":[{\"@type\":\"SearchAction\",\"target\":{\"@type\":\"EntryPoint\",\"urlTemplate\":\"https:\/\/bptps.lv\/?s={search_term_string}\"},\"query-input\":{\"@type\":\"PropertyValueSpecification\",\"valueRequired\":true,\"valueName\":\"search_term_string\"}}],\"inLanguage\":\"pl-PL\"},{\"@type\":\"Organization\",\"@id\":\"https:\/\/bptps.lv\/#organization\",\"name\":\"Baltic Playback Theatre and Psychodrama School\",\"url\":\"https:\/\/bptps.lv\/\",\"logo\":{\"@type\":\"ImageObject\",\"inLanguage\":\"pl-PL\",\"@id\":\"https:\/\/bptps.lv\/#\/schema\/logo\/image\/\",\"url\":\"https:\/\/bptps.lv\/wp-content\/uploads\/2024\/04\/BPTPS-logo1.jpg\",\"contentUrl\":\"https:\/\/bptps.lv\/wp-content\/uploads\/2024\/04\/BPTPS-logo1.jpg\",\"width\":1599,\"height\":1600,\"caption\":\"Baltic Playback Theatre and Psychodrama School\"},\"image\":{\"@id\":\"https:\/\/bptps.lv\/#\/schema\/logo\/image\/\"},\"sameAs\":[\"https:\/\/www.facebook.com\/profile.php?id=61558483709834\",\"https:\/\/x.com\/bptps_lv\",\"https:\/\/www.instagram.com\/bptps.lv\/\",\"https:\/\/www.linkedin.com\/in\/bptps-797117338\/\",\"https:\/\/t.me\/bptps_lv\",\"https:\/\/www.youtube.com\/@BPTPS_LV\"]}]}<\/script>\n<!-- \/ Yoast SEO plugin. -->","yoast_head_json":{"title":"Conditions of Use - Baltic Playback Theatre and Psychodrama School","description":"y accessing or using any services provided by Baltic Playback Theater and Psychodrama School (BPTPS), you agree to be bound by these Conditions of Use.","robots":{"index":"index","follow":"follow","max-snippet":"max-snippet:-1","max-image-preview":"max-image-preview:large","max-video-preview":"max-video-preview:-1"},"canonical":"https:\/\/bptps.lv\/pl\/conditions-of-use\/","og_locale":"pl_PL","og_type":"article","og_title":"Conditions of Use - Baltic Playback Theatre and Psychodrama School","og_description":"y accessing or using any services provided by Baltic Playback Theater and Psychodrama School (BPTPS), you agree to be bound by these Conditions of Use.","og_url":"https:\/\/bptps.lv\/pl\/conditions-of-use\/","og_site_name":"Baltic Playback Theatre and Psychodrama School","article_publisher":"https:\/\/www.facebook.com\/profile.php?id=61558483709834","article_modified_time":"2024-12-23T10:42:29+00:00","twitter_card":"summary_large_image","twitter_site":"@bptps_lv","twitter_misc":{"Szacowany czas czytania":"2 minuty"},"schema":{"@context":"https:\/\/schema.org","@graph":[{"@type":"WebPage","@id":"https:\/\/bptps.lv\/conditions-of-use\/","url":"https:\/\/bptps.lv\/conditions-of-use\/","name":"Conditions of Use - Baltic Playback Theatre and Psychodrama School","isPartOf":{"@id":"https:\/\/bptps.lv\/#website"},"datePublished":"2024-04-14T11:13:57+00:00","dateModified":"2024-12-23T10:42:29+00:00","description":"y accessing or using any services provided by Baltic Playback Theater and Psychodrama School (BPTPS), you agree to be bound by these Conditions of Use.","breadcrumb":{"@id":"https:\/\/bptps.lv\/conditions-of-use\/#breadcrumb"},"inLanguage":"pl-PL","potentialAction":[{"@type":"ReadAction","target":["https:\/\/bptps.lv\/conditions-of-use\/"]}]},{"@type":"BreadcrumbList","@id":"https:\/\/bptps.lv\/conditions-of-use\/#breadcrumb","itemListElement":[{"@type":"ListItem","position":1,"name":"Home","item":"https:\/\/bptps.lv\/"},{"@type":"ListItem","position":2,"name":"Conditions of Use"}]},{"@type":"WebSite","@id":"https:\/\/bptps.lv\/#website","url":"https:\/\/bptps.lv\/","name":"Baltic Playback Theatre and Psychodrama School","description":"Baltic Playback Theatre and Psychodrama School","publisher":{"@id":"https:\/\/bptps.lv\/#organization"},"potentialAction":[{"@type":"SearchAction","target":{"@type":"EntryPoint","urlTemplate":"https:\/\/bptps.lv\/?s={search_term_string}"},"query-input":{"@type":"PropertyValueSpecification","valueRequired":true,"valueName":"search_term_string"}}],"inLanguage":"pl-PL"},{"@type":"Organization","@id":"https:\/\/bptps.lv\/#organization","name":"Baltic Playback Theatre and Psychodrama School","url":"https:\/\/bptps.lv\/","logo":{"@type":"ImageObject","inLanguage":"pl-PL","@id":"https:\/\/bptps.lv\/#\/schema\/logo\/image\/","url":"https:\/\/bptps.lv\/wp-content\/uploads\/2024\/04\/BPTPS-logo1.jpg","contentUrl":"https:\/\/bptps.lv\/wp-content\/uploads\/2024\/04\/BPTPS-logo1.jpg","width":1599,"height":1600,"caption":"Baltic Playback Theatre and Psychodrama School"},"image":{"@id":"https:\/\/bptps.lv\/#\/schema\/logo\/image\/"},"sameAs":["https:\/\/www.facebook.com\/profile.php?id=61558483709834","https:\/\/x.com\/bptps_lv","https:\/\/www.instagram.com\/bptps.lv\/","https:\/\/www.linkedin.com\/in\/bptps-797117338\/","https:\/\/t.me\/bptps_lv","https:\/\/www.youtube.com\/@BPTPS_LV"]}]}},"ticketed":false,"_links":{"self":[{"href":"https:\/\/bptps.lv\/pl\/wp-json\/wp\/v2\/pages\/172","targetHints":{"allow":["GET"]}}],"collection":[{"href":"https:\/\/bptps.lv\/pl\/wp-json\/wp\/v2\/pages"}],"about":[{"href":"https:\/\/bptps.lv\/pl\/wp-json\/wp\/v2\/types\/page"}],"author":[{"embeddable":true,"href":"https:\/\/bptps.lv\/pl\/wp-json\/wp\/v2\/users\/2"}],"replies":[{"embeddable":true,"href":"https:\/\/bptps.lv\/pl\/wp-json\/wp\/v2\/comments?post=172"}],"version-history":[{"count":1,"href":"https:\/\/bptps.lv\/pl\/wp-json\/wp\/v2\/pages\/172\/revisions"}],"predecessor-version":[{"id":173,"href":"https:\/\/bptps.lv\/pl\/wp-json\/wp\/v2\/pages\/172\/revisions\/173"}],"wp:attachment":[{"href":"https:\/\/bptps.lv\/pl\/wp-json\/wp\/v2\/media?parent=172"}],"curies":[{"name":"wp","href":"https:\/\/api.w.org\/{rel}","templated":true}]}}