{"id":236,"date":"2024-04-20T18:18:12","date_gmt":"2024-04-20T18:18:12","guid":{"rendered":"https:\/\/bptps.lv\/?page_id=236"},"modified":"2024-12-23T12:34:50","modified_gmt":"2024-12-23T10:34:50","slug":"academic-philosophy","status":"publish","type":"page","link":"https:\/\/bptps.lv\/lv\/academic-philosophy\/","title":{"rendered":"Akad\u0113misk\u0101 filozofija"},"content":{"rendered":"[et_pb_section fb_built=\u201d1\u2033 admin_label=\u201dGalvene\u201d _builder_version=\u201d4.22.1\u2033 _module_preset=\u201ddefault\u201d use_background_color_gradient=\u201don\u201d background_color_gradient_stops=\u201drgba,(49,4.7) 0%|#000000 100%\u201d background_color_gradient_overlays_image=\u201don\u201d background_image=\u201dhttps:\/\/bptps.lv\/wp-content\/uploads\/2024\/01\/online-university-21.jpg\u201d da_disable_devices=\u201dcollapsedoff=\u201d global_colors_info=\u201d{}\u201d da_is_popup=\u201doff\u201d da_exit_intent=\u201doff\u201d da_has_close=\u201don\u201d da_alt_close=\u201doff\u201d da_dark_close=\u201doff\u201d da_not_modal=\u201don\u201d da_is_singular=\u201doff\u201d da_off\u201d da_has_shadow=\u201don\u201d][et_pb_row column_structure=\u201d2_3,1_3\u2033 _builder_version=\u201d4.24.3\u2033 _module_preset=\u201ddefault\u201d width=\u201d85%\u201d global_colors_info=\u201d{}\u201d][et_pb\u201d_col_3 _builder_version=\u201d4.19.2\u2033 _module_preset=\u201ddefault\u201d global_colors_info=\u201d{}\u201d][et_pb_text _builder_version=\u201d4.24.3\u2033 _module_preset=\u201dcdabf446-f986-4b7a-6c6d0c446-198c header_text_color=\u201d#FFFFFF\u201d header_font_size=\u201d64px\u201d width=\u201d100%\u201d custom_margin=\u201d||10px||false|false\u201d custom_padding=\u201d|0px||||\u201d global_colors_info=\u201d{}\u201d]<h1>Akad\u0113misk\u0101 filozofija<\/h1>[\/et_pb_text][et_pb_text module_class=\u201ddivi-toggle-text\u201d _builder_version=\u201d4.24.3\u2033 _module_preset=\u201d83b54b2c-74f1-4fe8-b305-d7ca2a4f90bd=\u201dFF1\u201dTFF_FF text_font_size=\u201d19px\u201d width=\u201d100%\u201d custom_margin=\u201d|-373px||||\u201d custom_padding=\u201d|0px||||\u201d hover_enabled=\u201d0\u2033 global_colors_info=\u201d{}\u201d sticky_enabled=\u201d0\u2033]<p style=\"text-align: justify;\">M\u016bsu akad\u0113misk\u0101 filozofija Baltijas Playback Theatre and Psychodrama School (BPTPS) sak\u0146ojas p\u0101rliec\u012bb\u0101, ka izgl\u012bt\u012bba ir p\u0101rveidojo\u0161s un sp\u0113cino\u0161s process. M\u0113s uztveram m\u0101c\u012b\u0161anos k\u0101 sevis atkl\u0101\u0161anas un izaugsmes ce\u013cojumu, kur\u0101 indiv\u012bdi tiek mudin\u0101ti izp\u0113t\u012bt savu rado\u0161umu, att\u012bst\u012bt savas prasmes un padzi\u013cin\u0101t izpratni par sevi un apk\u0101rt\u0113jo pasauli.<\/p>\n<p style=\"text-align: justify;\">M\u016bsu filozofijas centr\u0101 ir ideja, ka izgl\u012bt\u012bbai j\u0101b\u016bt holistiskai un iek\u013caujo\u0161ai, aptverot da\u017e\u0101das perspekt\u012bvas un pieredzi. M\u0113s nov\u0113rt\u0113jam pieredzes m\u0101c\u012b\u0161anos, akt\u012bvu l\u012bdzdal\u012bbu un praktisku praksi k\u0101 efekt\u012bvas izgl\u012bt\u012bbas b\u016btiskas sast\u0101vda\u013cas. Iesaistoties re\u0101l\u0101s pasaules izaicin\u0101jumos un iesp\u0113j\u0101s, studenti ieg\u016bst praktiskas iema\u0146as un zin\u0101\u0161anas, ko var pielietot sav\u0101 person\u012bgaj\u0101 un profesion\u0101laj\u0101 dz\u012bv\u0113.<\/p>\n<p style=\"text-align: justify;\">BPTPS m\u0113s uzsveram, cik svar\u012bgi ir veicin\u0101t atbalsto\u0161u un uz sadarb\u012bbu v\u0113rstu m\u0101c\u012bbu vidi. M\u0113s ticam kopienas un kolekt\u012bv\u0101s gudr\u012bbas sp\u0113kam, kur skol\u0113ni m\u0101c\u0101s viens no otra, dal\u0101s sav\u0101s atzi\u0146\u0101s un atbalsta cits citu izgl\u012bt\u012bbas ce\u013c\u0101.<\/p>\n<p style=\"text-align: justify;\">Turkl\u0101t m\u0113s esam ap\u0146\u0113mu\u0161ies veicin\u0101t soci\u0101lo taisn\u012bgumu, vienl\u012bdz\u012bbu un iek\u013cau\u0161anu visos m\u016bsu akad\u0113misko programmu aspektos. M\u0113s apzin\u0101mies daudzveid\u012bbas noz\u012bmi un cen\u0161amies rad\u012bt m\u0101c\u012bbu vidi, kur\u0101 tiek iev\u0113rota un svin\u0113ta katra indiv\u012bda unik\u0101l\u0101 identit\u0101te un pieredze.<\/p>\n<p style=\"text-align: justify;\">Kopum\u0101 m\u016bsu akad\u0113misk\u0101 filozofija ir balst\u012bta uz izcil\u012bbu, integrit\u0101ti un m\u016b\u017eizgl\u012bt\u012bbu. M\u0113s cen\u0161amies dot cilv\u0113kiem iesp\u0113ju piln\u012bb\u0101 izmantot savu potenci\u0101lu, sniegt noz\u012bm\u012bgu ieguld\u012bjumu sabiedr\u012bb\u0101 un rad\u012bt pozit\u012bvas p\u0101rmai\u0146as pasaul\u0113.<\/p>[\/et_pb_text][\/et_pb_column][et_pb_column type=&#8221;1_3&#8243; _builder_version=&#8221;4.19.2&#8243; _module_preset=&#8221;default&#8221; global_colors_info=&#8221;{}&#8221;][\/et_pb_column][\/et_pb_row][\/et_pb_section][et_pb_section fb_built=&#8221;1&#8243; admin_label=&#8221;Call to Action&#8221; _builder_version=&#8221;4.22.1&#8243; _module_preset=&#8221;default&#8221; background_color=&#8221;#000000&#8243; use_background_color_gradient=&#8221;on&#8221; background_color_gradient_direction=&#8221;90deg&#8221; background_color_gradient_stops=&#8221;gcid-18a7d06a-1ed9-4e8b-bef0-ea365f6c384a 50%|#000000 50%&#8221; custom_padding=&#8221;0px||0px||true|false&#8221; background_last_edited=&#8221;on|desktop&#8221; use_background_color_gradient_tablet=&#8221;off&#8221; da_disable_devices=&#8221;off|off|off&#8221; locked=&#8221;off&#8221; collapsed=&#8221;off&#8221; global_colors_info=&#8221;{}&#8221; da_is_popup=&#8221;off&#8221; da_exit_intent=&#8221;off&#8221; da_has_close=&#8221;on&#8221; da_alt_close=&#8221;off&#8221; da_dark_close=&#8221;off&#8221; da_not_modal=&#8221;on&#8221; da_is_singular=&#8221;off&#8221; da_with_loader=&#8221;off&#8221; da_has_shadow=&#8221;on&#8221;][et_pb_row column_structure=&#8221;1_3,2_3&#8243; use_custom_gutter=&#8221;on&#8221; gutter_width=&#8221;1&#8243; make_equal=&#8221;on&#8221; _builder_version=&#8221;4.21.0&#8243; _module_preset=&#8221;default&#8221; custom_padding=&#8221;0px||0px||true|false&#8221; global_colors_info=&#8221;{}&#8221;][et_pb_column type=&#8221;1_3&#8243; _builder_version=&#8221;4.19.1&#8243; _module_preset=&#8221;default&#8221; global_colors_info=&#8221;{}&#8221;][et_pb_image src=&#8221;https:\/\/bptps.lv\/wp-content\/uploads\/2024\/05\/20240502_224337-1-scaled.jpg&#8221; title_text=&#8221;20240502_224337-1&#8243; _builder_version=&#8221;4.24.3&#8243; _module_preset=&#8221;default&#8221; custom_margin=&#8221;|||-24vw|false|false&#8221; custom_margin_tablet=&#8221;||30px|0vw|false|false&#8221; custom_margin_phone=&#8221;||30px|0vw|false|false&#8221; custom_margin_last_edited=&#8221;on|desktop&#8221; border_radii=&#8221;off|||30px|&#8221; global_colors_info=&#8221;{}&#8221;][\/et_pb_image][\/et_pb_column][et_pb_column type=&#8221;2_3&#8243; _builder_version=&#8221;4.21.0&#8243; _module_preset=&#8221;default&#8221; background_color=&#8221;gcid-18a7d06a-1ed9-4e8b-bef0-ea365f6c384a&#8221; custom_padding=&#8221;60px|60px|60px|60px|true|true&#8221; custom_padding_tablet=&#8221;30px|30px|30px|30px|true|true&#8221; custom_padding_phone=&#8221;20px|20px|20px|20px|true|true&#8221; custom_padding_last_edited=&#8221;on|tablet&#8221; border_radii=&#8221;off||30px||&#8221; global_colors_info=&#8221;{%22gcid-18a7d06a-1ed9-4e8b-bef0-ea365f6c384a%22:%91%22background_color%22%93}&#8221;][et_pb_text _builder_version=&#8221;4.21.0&#8243; _module_preset=&#8221;21c197a6-ebf4-4ccd-bf64-995217b0b0b8&#8243; global_colors_info=&#8221;{}&#8221;]<h2>Apm\u0101c\u012bbas laik\u0101<\/h2>[\/et_pb_text][et_pb_text _builder_version=\u201d4.24.3\u2033 _module_preset=\u201d83b54b2c-74f1-4fe8-b305-d7ca2a4f90bd\u201d text_font_size=\u201d18px\u201d| custom_fal0pxse| hover_enabled=\u201d0\u2033 global_colors_info=\u201d{}\u201d sticky_enabled=\u201d0\u2033 custom_padding=\u201d||0px|||\u201d]<p style=\"text-align: justify;\">Atska\u0146o\u0161anas te\u0101tra metodes \u013caus jums k\u013c\u016bt vair\u0101k:<\/p>\n<table style=\"border-collapse: collapse; width: 100%;\" border=\"1\">\n<tbody>\n<tr>\n<td style=\"width: 50%;\">\n<p>Person\u012bbas att\u012bst\u012bb\u0101<\/p>\n<ul>\n<li>Autentisks<\/li>\n<li>Spont\u0101ni<\/li>\n<li>Bezmaksas<\/li>\n<li>Uzticoties<\/li>\n<li>Rado\u0161s<\/li>\n<li>Atjaut\u012bgs<\/li>\n<li>Elast\u012bgs<\/li>\n<li>P\u0101rliecin\u0101ts<\/li>\n<li>Atv\u0113rt<\/li>\n<li>Izteiksm\u012bgs<\/li>\n<li>Interesanti<\/li>\n<\/ul>\n<\/td>\n<td style=\"width: 50%;\">\n<p>Soci\u0101laj\u0101s attiec\u012bb\u0101s<\/p>\n<ul>\n<li>Mier\u012bgs<\/li>\n<li>Pie\u0146em\u0161ana<\/li>\n<li>L\u012bdzsvarots<\/li>\n<li>Gudrs<\/li>\n<li>Akt\u012bvs<\/li>\n<li>Tolerants<\/li>\n<li>Komunik\u0101cijai draudz\u012bgs<\/li>\n<li>Apzin\u0101s soci\u0101lo procesu sare\u017e\u0123\u012bt\u012bbu un dzi\u013cumu<\/li>\n<\/ul>\n<\/td>\n<\/tr>\n<\/tbody>\n<\/table>\n<p style=\"text-align: justify;\">Atska\u0146o\u0161anas te\u0101tra apm\u0101c\u012bbas programma garant\u0113 att\u012bst\u012bbu:<\/p>\n<ul style=\"text-align: justify;\">\n<li>Autentiskums \u2013 b\u016bt patiesam pret sevi,<\/li>\n<li>Piel\u0101go\u0161an\u0101s sp\u0113ja - justies p\u0101rliecin\u0101tam jebkur\u0101 situ\u0101cij\u0101,<\/li>\n<li>Cilv\u0113c\u012bba \u2013 jebkur\u0101 situ\u0101cij\u0101.<\/li>\n<\/ul>\n<p style=\"text-align: justify;\">P\u0113c \u0161\u012b kursa pabeig\u0161anas nav iesp\u0113jams nemain\u012bt.<\/p>[\/et_pb_text][\/et_pb_column][\/et_pb_row][\/et_pb_section]","protected":false},"excerpt":{"rendered":"<p>Akad\u0113misk\u0101 filozofija M\u016bsu akad\u0113misk\u0101 filozofija Baltijas Playback Theatre and Psychodrama School (BPTPS) sak\u0146ojas p\u0101rliec\u012bb\u0101, ka izgl\u012bt\u012bba ir p\u0101rveidojo\u0161s un sp\u0113cino\u0161s process. M\u0113s uzskat\u0101m m\u0101c\u012b\u0161anos k\u0101 [\u2026]<\/p>","protected":false},"author":2,"featured_media":0,"parent":0,"menu_order":0,"comment_status":"closed","ping_status":"closed","template":"","meta":{"_et_pb_use_builder":"on","_et_pb_old_content":"","_et_gb_content_width":"","_price":"","_stock":"","_tribe_ticket_header":"","_tribe_default_ticket_provider":"","_tribe_ticket_capacity":"0","_ticket_start_date":"","_ticket_end_date":"","_tribe_ticket_show_description":"","_tribe_ticket_show_not_going":false,"_tribe_ticket_use_global_stock":"","_tribe_ticket_global_stock_level":"","_global_stock_mode":"","_global_stock_cap":"","_tribe_rsvp_for_event":"","_tribe_ticket_going_count":"","_tribe_ticket_not_going_count":"","_tribe_tickets_list":"[]","_tribe_ticket_has_attendee_info_fields":false,"footnotes":"","_tec_slr_enabled":"","_tec_slr_layout":""},"class_list":["post-236","page","type-page","status-publish","hentry"],"yoast_head":"<!-- This site is optimized with the Yoast SEO plugin v26.1.1 - https:\/\/yoast.com\/wordpress\/plugins\/seo\/ -->\n<title>Academic Philosophy - Baltic Playback Theatre and Psychodrama School<\/title>\n<meta name=\"description\" content=\"Our academic philosophy at Baltic Playback Theater and Psychodrama School is rooted in the belief that education is a transformative and empowering process.\" \/>\n<meta name=\"robots\" content=\"index, follow, max-snippet:-1, max-image-preview:large, max-video-preview:-1\" \/>\n<link rel=\"canonical\" href=\"https:\/\/bptps.lv\/lv\/academic-philosophy\/\" \/>\n<meta property=\"og:locale\" content=\"lv_LV\" \/>\n<meta property=\"og:type\" content=\"article\" \/>\n<meta property=\"og:title\" content=\"Academic Philosophy - Baltic Playback Theatre and Psychodrama School\" \/>\n<meta property=\"og:description\" content=\"Our academic philosophy at Baltic Playback Theater and Psychodrama School is rooted in the belief that education is a transformative and empowering process.\" \/>\n<meta property=\"og:url\" content=\"https:\/\/bptps.lv\/lv\/academic-philosophy\/\" \/>\n<meta property=\"og:site_name\" content=\"Baltic Playback Theatre and Psychodrama School\" \/>\n<meta property=\"article:publisher\" content=\"https:\/\/www.facebook.com\/profile.php?id=61558483709834\" \/>\n<meta property=\"article:modified_time\" content=\"2024-12-23T10:34:50+00:00\" \/>\n<meta name=\"twitter:card\" content=\"summary_large_image\" \/>\n<meta name=\"twitter:site\" content=\"@bptps_lv\" \/>\n<meta name=\"twitter:label1\" content=\"Est. reading time\" \/>\n\t<meta name=\"twitter:data1\" content=\"2 min\u016btes\" \/>\n<script type=\"application\/ld+json\" class=\"yoast-schema-graph\">{\"@context\":\"https:\/\/schema.org\",\"@graph\":[{\"@type\":\"WebPage\",\"@id\":\"https:\/\/bptps.lv\/academic-philosophy\/\",\"url\":\"https:\/\/bptps.lv\/academic-philosophy\/\",\"name\":\"Academic Philosophy - Baltic Playback Theatre and Psychodrama School\",\"isPartOf\":{\"@id\":\"https:\/\/bptps.lv\/#website\"},\"datePublished\":\"2024-04-20T18:18:12+00:00\",\"dateModified\":\"2024-12-23T10:34:50+00:00\",\"description\":\"Our academic philosophy at Baltic Playback Theater and Psychodrama School is rooted in the belief that education is a transformative and empowering process.\",\"breadcrumb\":{\"@id\":\"https:\/\/bptps.lv\/academic-philosophy\/#breadcrumb\"},\"inLanguage\":\"lv-LV\",\"potentialAction\":[{\"@type\":\"ReadAction\",\"target\":[\"https:\/\/bptps.lv\/academic-philosophy\/\"]}]},{\"@type\":\"BreadcrumbList\",\"@id\":\"https:\/\/bptps.lv\/academic-philosophy\/#breadcrumb\",\"itemListElement\":[{\"@type\":\"ListItem\",\"position\":1,\"name\":\"Home\",\"item\":\"https:\/\/bptps.lv\/\"},{\"@type\":\"ListItem\",\"position\":2,\"name\":\"Academic Philosophy\"}]},{\"@type\":\"WebSite\",\"@id\":\"https:\/\/bptps.lv\/#website\",\"url\":\"https:\/\/bptps.lv\/\",\"name\":\"Baltic Playback Theatre and Psychodrama School\",\"description\":\"Baltic Playback Theatre and Psychodrama School\",\"publisher\":{\"@id\":\"https:\/\/bptps.lv\/#organization\"},\"potentialAction\":[{\"@type\":\"SearchAction\",\"target\":{\"@type\":\"EntryPoint\",\"urlTemplate\":\"https:\/\/bptps.lv\/?s={search_term_string}\"},\"query-input\":{\"@type\":\"PropertyValueSpecification\",\"valueRequired\":true,\"valueName\":\"search_term_string\"}}],\"inLanguage\":\"lv-LV\"},{\"@type\":\"Organization\",\"@id\":\"https:\/\/bptps.lv\/#organization\",\"name\":\"Baltic Playback Theatre and Psychodrama School\",\"url\":\"https:\/\/bptps.lv\/\",\"logo\":{\"@type\":\"ImageObject\",\"inLanguage\":\"lv-LV\",\"@id\":\"https:\/\/bptps.lv\/#\/schema\/logo\/image\/\",\"url\":\"https:\/\/bptps.lv\/wp-content\/uploads\/2024\/04\/BPTPS-logo1.jpg\",\"contentUrl\":\"https:\/\/bptps.lv\/wp-content\/uploads\/2024\/04\/BPTPS-logo1.jpg\",\"width\":1599,\"height\":1600,\"caption\":\"Baltic Playback Theatre and Psychodrama School\"},\"image\":{\"@id\":\"https:\/\/bptps.lv\/#\/schema\/logo\/image\/\"},\"sameAs\":[\"https:\/\/www.facebook.com\/profile.php?id=61558483709834\",\"https:\/\/x.com\/bptps_lv\",\"https:\/\/www.instagram.com\/bptps.lv\/\",\"https:\/\/www.linkedin.com\/in\/bptps-797117338\/\",\"https:\/\/t.me\/bptps_lv\",\"https:\/\/www.youtube.com\/@BPTPS_LV\"]}]}<\/script>\n<!-- \/ Yoast SEO plugin. -->","yoast_head_json":{"title":"Academic Philosophy - Baltic Playback Theatre and Psychodrama School","description":"Our academic philosophy at Baltic Playback Theater and Psychodrama School is rooted in the belief that education is a transformative and empowering process.","robots":{"index":"index","follow":"follow","max-snippet":"max-snippet:-1","max-image-preview":"max-image-preview:large","max-video-preview":"max-video-preview:-1"},"canonical":"https:\/\/bptps.lv\/lv\/academic-philosophy\/","og_locale":"lv_LV","og_type":"article","og_title":"Academic Philosophy - Baltic Playback Theatre and Psychodrama School","og_description":"Our academic philosophy at Baltic Playback Theater and Psychodrama School is rooted in the belief that education is a transformative and empowering process.","og_url":"https:\/\/bptps.lv\/lv\/academic-philosophy\/","og_site_name":"Baltic Playback Theatre and Psychodrama School","article_publisher":"https:\/\/www.facebook.com\/profile.php?id=61558483709834","article_modified_time":"2024-12-23T10:34:50+00:00","twitter_card":"summary_large_image","twitter_site":"@bptps_lv","twitter_misc":{"Est. reading time":"2 min\u016btes"},"schema":{"@context":"https:\/\/schema.org","@graph":[{"@type":"WebPage","@id":"https:\/\/bptps.lv\/academic-philosophy\/","url":"https:\/\/bptps.lv\/academic-philosophy\/","name":"Academic Philosophy - Baltic Playback Theatre and Psychodrama School","isPartOf":{"@id":"https:\/\/bptps.lv\/#website"},"datePublished":"2024-04-20T18:18:12+00:00","dateModified":"2024-12-23T10:34:50+00:00","description":"Our academic philosophy at Baltic Playback Theater and Psychodrama School is rooted in the belief that education is a transformative and empowering process.","breadcrumb":{"@id":"https:\/\/bptps.lv\/academic-philosophy\/#breadcrumb"},"inLanguage":"lv-LV","potentialAction":[{"@type":"ReadAction","target":["https:\/\/bptps.lv\/academic-philosophy\/"]}]},{"@type":"BreadcrumbList","@id":"https:\/\/bptps.lv\/academic-philosophy\/#breadcrumb","itemListElement":[{"@type":"ListItem","position":1,"name":"Home","item":"https:\/\/bptps.lv\/"},{"@type":"ListItem","position":2,"name":"Academic Philosophy"}]},{"@type":"WebSite","@id":"https:\/\/bptps.lv\/#website","url":"https:\/\/bptps.lv\/","name":"Baltic Playback Theatre and Psychodrama School","description":"Baltic Playback Theatre and Psychodrama School","publisher":{"@id":"https:\/\/bptps.lv\/#organization"},"potentialAction":[{"@type":"SearchAction","target":{"@type":"EntryPoint","urlTemplate":"https:\/\/bptps.lv\/?s={search_term_string}"},"query-input":{"@type":"PropertyValueSpecification","valueRequired":true,"valueName":"search_term_string"}}],"inLanguage":"lv-LV"},{"@type":"Organization","@id":"https:\/\/bptps.lv\/#organization","name":"Baltic Playback Theatre and Psychodrama School","url":"https:\/\/bptps.lv\/","logo":{"@type":"ImageObject","inLanguage":"lv-LV","@id":"https:\/\/bptps.lv\/#\/schema\/logo\/image\/","url":"https:\/\/bptps.lv\/wp-content\/uploads\/2024\/04\/BPTPS-logo1.jpg","contentUrl":"https:\/\/bptps.lv\/wp-content\/uploads\/2024\/04\/BPTPS-logo1.jpg","width":1599,"height":1600,"caption":"Baltic Playback Theatre and Psychodrama School"},"image":{"@id":"https:\/\/bptps.lv\/#\/schema\/logo\/image\/"},"sameAs":["https:\/\/www.facebook.com\/profile.php?id=61558483709834","https:\/\/x.com\/bptps_lv","https:\/\/www.instagram.com\/bptps.lv\/","https:\/\/www.linkedin.com\/in\/bptps-797117338\/","https:\/\/t.me\/bptps_lv","https:\/\/www.youtube.com\/@BPTPS_LV"]}]}},"ticketed":false,"_links":{"self":[{"href":"https:\/\/bptps.lv\/lv\/wp-json\/wp\/v2\/pages\/236","targetHints":{"allow":["GET"]}}],"collection":[{"href":"https:\/\/bptps.lv\/lv\/wp-json\/wp\/v2\/pages"}],"about":[{"href":"https:\/\/bptps.lv\/lv\/wp-json\/wp\/v2\/types\/page"}],"author":[{"embeddable":true,"href":"https:\/\/bptps.lv\/lv\/wp-json\/wp\/v2\/users\/2"}],"replies":[{"embeddable":true,"href":"https:\/\/bptps.lv\/lv\/wp-json\/wp\/v2\/comments?post=236"}],"version-history":[{"count":13,"href":"https:\/\/bptps.lv\/lv\/wp-json\/wp\/v2\/pages\/236\/revisions"}],"predecessor-version":[{"id":1076,"href":"https:\/\/bptps.lv\/lv\/wp-json\/wp\/v2\/pages\/236\/revisions\/1076"}],"wp:attachment":[{"href":"https:\/\/bptps.lv\/lv\/wp-json\/wp\/v2\/media?parent=236"}],"curies":[{"name":"wp","href":"https:\/\/api.w.org\/{rel}","templated":true}]}}