{"id":178,"date":"2024-04-14T11:18:01","date_gmt":"2024-04-14T11:18:01","guid":{"rendered":"https:\/\/bptps.lv\/?page_id=178"},"modified":"2024-12-23T12:45:17","modified_gmt":"2024-12-23T10:45:17","slug":"copyright-notice","status":"publish","type":"page","link":"https:\/\/bptps.lv\/lv\/copyright-notice\/","title":{"rendered":"Autorties\u012bbu pazi\u0146ojums"},"content":{"rendered":"<p>Baltijas Playback te\u0101tra un psihodr\u0101mas skolas (BPTPS) autorties\u012bbu pazi\u0146ojums<\/p>\n\n\n\n<p>Visi BPTPS vietn\u0113 sniegtie materi\u0101li, tostarp, bet ne tikai teksts, att\u0113li, video un audio ieraksti, ir aizsarg\u0101ti ar autorties\u012bbu likumu un ir BPTPS vai t\u0101 satura nodro\u0161in\u0101t\u0101ju \u012bpa\u0161ums, ja vien nav nor\u0101d\u012bts cit\u0101di.<\/p>\n\n\n\n<p>J\u016bs nedr\u012bkstat reproduc\u0113t, izplat\u012bt, modific\u0113t vai p\u0101rs\u016bt\u012bt nek\u0101dus materi\u0101lus no BPTPS t\u012bmek\u013ca vietnes bez iepriek\u0161\u0113jas rakstiskas BPTPS piekri\u0161anas, iz\u0146emot personiskai, nekomerci\u0101lai lieto\u0161anai.<\/p>\n\n\n\n<p>Ja uzskat\u0101t, ka jebkur\u0161 BPTPS vietnes saturs p\u0101rk\u0101pj j\u016bsu autorties\u012bbas vai intelektu\u0101l\u0101 \u012bpa\u0161uma ties\u012bbas, l\u016bdzu, nekav\u0113joties sazinieties ar mums, izmantojot [Kontaktinform\u0101cija].<\/p>\n\n\n\n<p>BPTPS patur visas ties\u012bbas, kas nav tie\u0161i pie\u0161\u0137irtas \u0161aj\u0101 autorties\u012bbu pazi\u0146ojum\u0101.<\/p>\n\n\n\n<p>P\u0113d\u0113j\u0101s p\u0101rskat\u012b\u0161anas datums: 2024-04-14<\/p>","protected":false},"excerpt":{"rendered":"<p>Baltic Playback Theater and Psychodrama School (BPTPS) Copyright Notice All materials provided on the BPTPS website, including but not limited to text, images, videos, and audio recordings, are protected by [&hellip;]<\/p>","protected":false},"author":2,"featured_media":0,"parent":0,"menu_order":0,"comment_status":"closed","ping_status":"closed","template":"","meta":{"_et_pb_use_builder":"off","_et_pb_old_content":"","_et_gb_content_width":"","_price":"","_stock":"","_tribe_ticket_header":"","_tribe_default_ticket_provider":"","_tribe_ticket_capacity":"0","_ticket_start_date":"","_ticket_end_date":"","_tribe_ticket_show_description":"","_tribe_ticket_show_not_going":false,"_tribe_ticket_use_global_stock":"","_tribe_ticket_global_stock_level":"","_global_stock_mode":"","_global_stock_cap":"","_tribe_rsvp_for_event":"","_tribe_ticket_going_count":"","_tribe_ticket_not_going_count":"","_tribe_tickets_list":"[]","_tribe_ticket_has_attendee_info_fields":false,"footnotes":"","_tec_slr_enabled":"","_tec_slr_layout":""},"class_list":["post-178","page","type-page","status-publish","hentry"],"yoast_head":"<!-- This site is optimized with the Yoast SEO plugin v26.1.1 - https:\/\/yoast.com\/wordpress\/plugins\/seo\/ -->\n<title>Copyright Notice - Baltic Playback Theatre and Psychodrama School<\/title>\n<meta name=\"description\" content=\"Baltic Playback Theater and Psychodrama School (BPTPS) Copyright Notice. BPTPS reserves all rights not expressly granted in this Copyright Notice.\" \/>\n<meta name=\"robots\" content=\"index, follow, max-snippet:-1, max-image-preview:large, max-video-preview:-1\" \/>\n<link rel=\"canonical\" href=\"https:\/\/bptps.lv\/lv\/copyright-notice\/\" \/>\n<meta property=\"og:locale\" content=\"lv_LV\" \/>\n<meta property=\"og:type\" content=\"article\" \/>\n<meta property=\"og:title\" content=\"Copyright Notice - Baltic Playback Theatre and Psychodrama School\" \/>\n<meta property=\"og:description\" content=\"Baltic Playback Theater and Psychodrama School (BPTPS) Copyright Notice. BPTPS reserves all rights not expressly granted in this Copyright Notice.\" \/>\n<meta property=\"og:url\" content=\"https:\/\/bptps.lv\/lv\/copyright-notice\/\" \/>\n<meta property=\"og:site_name\" content=\"Baltic Playback Theatre and Psychodrama School\" \/>\n<meta property=\"article:publisher\" content=\"https:\/\/www.facebook.com\/profile.php?id=61558483709834\" \/>\n<meta property=\"article:modified_time\" content=\"2024-12-23T10:45:17+00:00\" \/>\n<meta name=\"twitter:card\" content=\"summary_large_image\" \/>\n<meta name=\"twitter:site\" content=\"@bptps_lv\" \/>\n<meta name=\"twitter:label1\" content=\"Est. reading time\" \/>\n\t<meta name=\"twitter:data1\" content=\"1 min\u016bte\" \/>\n<script type=\"application\/ld+json\" class=\"yoast-schema-graph\">{\"@context\":\"https:\/\/schema.org\",\"@graph\":[{\"@type\":\"WebPage\",\"@id\":\"https:\/\/bptps.lv\/copyright-notice\/\",\"url\":\"https:\/\/bptps.lv\/copyright-notice\/\",\"name\":\"Copyright Notice - Baltic Playback Theatre and Psychodrama School\",\"isPartOf\":{\"@id\":\"https:\/\/bptps.lv\/#website\"},\"datePublished\":\"2024-04-14T11:18:01+00:00\",\"dateModified\":\"2024-12-23T10:45:17+00:00\",\"description\":\"Baltic Playback Theater and Psychodrama School (BPTPS) Copyright Notice. BPTPS reserves all rights not expressly granted in this Copyright Notice.\",\"breadcrumb\":{\"@id\":\"https:\/\/bptps.lv\/copyright-notice\/#breadcrumb\"},\"inLanguage\":\"lv-LV\",\"potentialAction\":[{\"@type\":\"ReadAction\",\"target\":[\"https:\/\/bptps.lv\/copyright-notice\/\"]}]},{\"@type\":\"BreadcrumbList\",\"@id\":\"https:\/\/bptps.lv\/copyright-notice\/#breadcrumb\",\"itemListElement\":[{\"@type\":\"ListItem\",\"position\":1,\"name\":\"Home\",\"item\":\"https:\/\/bptps.lv\/\"},{\"@type\":\"ListItem\",\"position\":2,\"name\":\"Copyright Notice\"}]},{\"@type\":\"WebSite\",\"@id\":\"https:\/\/bptps.lv\/#website\",\"url\":\"https:\/\/bptps.lv\/\",\"name\":\"Baltic Playback Theatre and Psychodrama School\",\"description\":\"Baltic Playback Theatre and Psychodrama School\",\"publisher\":{\"@id\":\"https:\/\/bptps.lv\/#organization\"},\"potentialAction\":[{\"@type\":\"SearchAction\",\"target\":{\"@type\":\"EntryPoint\",\"urlTemplate\":\"https:\/\/bptps.lv\/?s={search_term_string}\"},\"query-input\":{\"@type\":\"PropertyValueSpecification\",\"valueRequired\":true,\"valueName\":\"search_term_string\"}}],\"inLanguage\":\"lv-LV\"},{\"@type\":\"Organization\",\"@id\":\"https:\/\/bptps.lv\/#organization\",\"name\":\"Baltic Playback Theatre and Psychodrama School\",\"url\":\"https:\/\/bptps.lv\/\",\"logo\":{\"@type\":\"ImageObject\",\"inLanguage\":\"lv-LV\",\"@id\":\"https:\/\/bptps.lv\/#\/schema\/logo\/image\/\",\"url\":\"https:\/\/bptps.lv\/wp-content\/uploads\/2024\/04\/BPTPS-logo1.jpg\",\"contentUrl\":\"https:\/\/bptps.lv\/wp-content\/uploads\/2024\/04\/BPTPS-logo1.jpg\",\"width\":1599,\"height\":1600,\"caption\":\"Baltic Playback Theatre and Psychodrama School\"},\"image\":{\"@id\":\"https:\/\/bptps.lv\/#\/schema\/logo\/image\/\"},\"sameAs\":[\"https:\/\/www.facebook.com\/profile.php?id=61558483709834\",\"https:\/\/x.com\/bptps_lv\",\"https:\/\/www.instagram.com\/bptps.lv\/\",\"https:\/\/www.linkedin.com\/in\/bptps-797117338\/\",\"https:\/\/t.me\/bptps_lv\",\"https:\/\/www.youtube.com\/@BPTPS_LV\"]}]}<\/script>\n<!-- \/ Yoast SEO plugin. -->","yoast_head_json":{"title":"Copyright Notice - Baltic Playback Theatre and Psychodrama School","description":"Baltic Playback Theater and Psychodrama School (BPTPS) Copyright Notice. BPTPS reserves all rights not expressly granted in this Copyright Notice.","robots":{"index":"index","follow":"follow","max-snippet":"max-snippet:-1","max-image-preview":"max-image-preview:large","max-video-preview":"max-video-preview:-1"},"canonical":"https:\/\/bptps.lv\/lv\/copyright-notice\/","og_locale":"lv_LV","og_type":"article","og_title":"Copyright Notice - Baltic Playback Theatre and Psychodrama School","og_description":"Baltic Playback Theater and Psychodrama School (BPTPS) Copyright Notice. BPTPS reserves all rights not expressly granted in this Copyright Notice.","og_url":"https:\/\/bptps.lv\/lv\/copyright-notice\/","og_site_name":"Baltic Playback Theatre and Psychodrama School","article_publisher":"https:\/\/www.facebook.com\/profile.php?id=61558483709834","article_modified_time":"2024-12-23T10:45:17+00:00","twitter_card":"summary_large_image","twitter_site":"@bptps_lv","twitter_misc":{"Est. reading time":"1 min\u016bte"},"schema":{"@context":"https:\/\/schema.org","@graph":[{"@type":"WebPage","@id":"https:\/\/bptps.lv\/copyright-notice\/","url":"https:\/\/bptps.lv\/copyright-notice\/","name":"Copyright Notice - Baltic Playback Theatre and Psychodrama School","isPartOf":{"@id":"https:\/\/bptps.lv\/#website"},"datePublished":"2024-04-14T11:18:01+00:00","dateModified":"2024-12-23T10:45:17+00:00","description":"Baltic Playback Theater and Psychodrama School (BPTPS) Copyright Notice. BPTPS reserves all rights not expressly granted in this Copyright Notice.","breadcrumb":{"@id":"https:\/\/bptps.lv\/copyright-notice\/#breadcrumb"},"inLanguage":"lv-LV","potentialAction":[{"@type":"ReadAction","target":["https:\/\/bptps.lv\/copyright-notice\/"]}]},{"@type":"BreadcrumbList","@id":"https:\/\/bptps.lv\/copyright-notice\/#breadcrumb","itemListElement":[{"@type":"ListItem","position":1,"name":"Home","item":"https:\/\/bptps.lv\/"},{"@type":"ListItem","position":2,"name":"Copyright Notice"}]},{"@type":"WebSite","@id":"https:\/\/bptps.lv\/#website","url":"https:\/\/bptps.lv\/","name":"Baltic Playback Theatre and Psychodrama School","description":"Baltic Playback Theatre and Psychodrama School","publisher":{"@id":"https:\/\/bptps.lv\/#organization"},"potentialAction":[{"@type":"SearchAction","target":{"@type":"EntryPoint","urlTemplate":"https:\/\/bptps.lv\/?s={search_term_string}"},"query-input":{"@type":"PropertyValueSpecification","valueRequired":true,"valueName":"search_term_string"}}],"inLanguage":"lv-LV"},{"@type":"Organization","@id":"https:\/\/bptps.lv\/#organization","name":"Baltic Playback Theatre and Psychodrama School","url":"https:\/\/bptps.lv\/","logo":{"@type":"ImageObject","inLanguage":"lv-LV","@id":"https:\/\/bptps.lv\/#\/schema\/logo\/image\/","url":"https:\/\/bptps.lv\/wp-content\/uploads\/2024\/04\/BPTPS-logo1.jpg","contentUrl":"https:\/\/bptps.lv\/wp-content\/uploads\/2024\/04\/BPTPS-logo1.jpg","width":1599,"height":1600,"caption":"Baltic Playback Theatre and Psychodrama School"},"image":{"@id":"https:\/\/bptps.lv\/#\/schema\/logo\/image\/"},"sameAs":["https:\/\/www.facebook.com\/profile.php?id=61558483709834","https:\/\/x.com\/bptps_lv","https:\/\/www.instagram.com\/bptps.lv\/","https:\/\/www.linkedin.com\/in\/bptps-797117338\/","https:\/\/t.me\/bptps_lv","https:\/\/www.youtube.com\/@BPTPS_LV"]}]}},"ticketed":false,"_links":{"self":[{"href":"https:\/\/bptps.lv\/lv\/wp-json\/wp\/v2\/pages\/178","targetHints":{"allow":["GET"]}}],"collection":[{"href":"https:\/\/bptps.lv\/lv\/wp-json\/wp\/v2\/pages"}],"about":[{"href":"https:\/\/bptps.lv\/lv\/wp-json\/wp\/v2\/types\/page"}],"author":[{"embeddable":true,"href":"https:\/\/bptps.lv\/lv\/wp-json\/wp\/v2\/users\/2"}],"replies":[{"embeddable":true,"href":"https:\/\/bptps.lv\/lv\/wp-json\/wp\/v2\/comments?post=178"}],"version-history":[{"count":1,"href":"https:\/\/bptps.lv\/lv\/wp-json\/wp\/v2\/pages\/178\/revisions"}],"predecessor-version":[{"id":179,"href":"https:\/\/bptps.lv\/lv\/wp-json\/wp\/v2\/pages\/178\/revisions\/179"}],"wp:attachment":[{"href":"https:\/\/bptps.lv\/lv\/wp-json\/wp\/v2\/media?parent=178"}],"curies":[{"name":"wp","href":"https:\/\/api.w.org\/{rel}","templated":true}]}}