{"id":174,"date":"2024-04-14T11:15:52","date_gmt":"2024-04-14T11:15:52","guid":{"rendered":"https:\/\/bptps.lv\/?page_id=174"},"modified":"2024-12-23T12:49:36","modified_gmt":"2024-12-23T10:49:36","slug":"privacy-policy","status":"publish","type":"page","link":"https:\/\/bptps.lv\/lv\/privacy-policy\/","title":{"rendered":"Priv\u0101tuma Politika"},"content":{"rendered":"<p>Baltijas Playback Theatre and Psychodrama School (BPTPS) m\u0113s esam ap\u0146\u0113mu\u0161ies aizsarg\u0101t j\u016bsu priv\u0101tumu un personas inform\u0101ciju. \u0160aj\u0101 Priv\u0101tuma politik\u0101 ir izkl\u0101st\u012bts, k\u0101 m\u0113s apkopojam, izmantojam un izpau\u017eam inform\u0101ciju, ko sniedzat mums, piek\u013c\u016bstot vai izmantojot m\u016bsu pakalpojumus.<\/p>\n\n\n\n<p class=\"has-medium-font-size\">\u00a0\u00a0<strong>\u00a0 M\u016bsu apkopot\u0101 inform\u0101cija:<\/strong><\/p>\n\n\n\n<p>&nbsp;&nbsp;&nbsp;&nbsp;&nbsp;&nbsp;&nbsp; Personisk\u0101 inform\u0101cija: m\u0113s varam apkopot personas inform\u0101ciju, piem\u0113ram, j\u016bsu v\u0101rdu, e-pasta adresi un kontaktinform\u0101ciju, kad re\u0123istr\u0113jaties m\u016bsu programm\u0101m, semin\u0101riem vai pas\u0101kumiem.<\/p>\n\n\n\n<p>&nbsp;&nbsp;&nbsp;&nbsp;&nbsp;&nbsp;&nbsp; Maks\u0101juma inform\u0101cija: ja veicat maks\u0101jumu par m\u016bsu pakalpojumiem, m\u0113s varam apkopot maks\u0101jumu inform\u0101ciju, piem\u0113ram, kred\u012btkartes inform\u0101ciju, lai dro\u0161i apstr\u0101d\u0101tu j\u016bsu dar\u012bjumu.<\/p>\n\n\n\n<p>&nbsp;&nbsp;&nbsp;&nbsp;&nbsp;&nbsp;&nbsp; Lietojuma dati: m\u0113s varam apkopot lieto\u0161anas datus, tostarp j\u016bsu IP adresi, p\u0101rl\u016bkprogrammas veidu un inform\u0101ciju par ier\u012bci, lai analiz\u0113tu tendences, administr\u0113tu m\u016bsu vietni un uzlabotu savus pakalpojumus.<\/p>\n\n\n\n<p class=\"has-medium-font-size\">\u00a0\u00a0\u00a0 <strong>K\u0101 m\u0113s izmantojam j\u016bsu inform\u0101ciju:<\/strong><\/p>\n\n\n\n<p>&nbsp;&nbsp;&nbsp;&nbsp;&nbsp;&nbsp;&nbsp; Lai sniegtu pakalpojumus: m\u0113s izmantojam j\u016bsu inform\u0101ciju, lai sniegtu j\u016bsu piepras\u012btos pakalpojumus, piem\u0113ram, lai apstr\u0101d\u0101tu re\u0123istr\u0101cijas, veicin\u0101tu semin\u0101rus un sazin\u0101tos ar jums par gaid\u0101majiem pas\u0101kumiem.<\/p>\n\n\n\n<p>&nbsp;&nbsp;&nbsp;&nbsp;&nbsp;&nbsp;&nbsp; Lai uzlabotu m\u016bsu pakalpojumus: m\u0113s varam izmantot j\u016bsu inform\u0101ciju, lai analiz\u0113tu lietot\u0101ju tendences, personaliz\u0113tu j\u016bsu pieredzi un uzlabotu m\u016bsu programmu un resursu kvalit\u0101ti.<\/p>\n\n\n\n<p>&nbsp;&nbsp;&nbsp;&nbsp;&nbsp;&nbsp;&nbsp; M\u0101rketinga nol\u016bkos: ar j\u016bsu piekri\u0161anu m\u0113s varam nos\u016bt\u012bt jums rekl\u0101mas e-pasta zi\u0146ojumus vai informat\u012bvos izdevumus par m\u016bsu pakalpojumiem, pas\u0101kumiem un \u012bpa\u0161ajiem pied\u0101v\u0101jumiem.<\/p>\n\n\n\n<p class=\"has-medium-font-size\">\u00a0\u00a0<strong>\u00a0 Inform\u0101cijas apmai\u0146a un izpau\u0161ana:<\/strong><\/p>\n\n\n\n<p>&nbsp;&nbsp;&nbsp;&nbsp;&nbsp;&nbsp;&nbsp; M\u0113s varam kop\u012bgot j\u016bsu inform\u0101ciju ar uzticam\u0101m tre\u0161aj\u0101m pus\u0113m, kas pal\u012bdz mums sniegt m\u016bsu pakalpojumus, piem\u0113ram, maks\u0101jumu apstr\u0101d\u0101t\u0101jiem vai m\u0101rketinga pakalpojumu sniedz\u0113jiem. \u0160\u012bm tre\u0161aj\u0101m pus\u0113m ir pien\u0101kums saglab\u0101t j\u016bsu inform\u0101cijas konfidencialit\u0101ti un dro\u0161\u012bbu.<\/p>\n\n\n\n<p>&nbsp;&nbsp;&nbsp;&nbsp;&nbsp;&nbsp;&nbsp; M\u0113s varam izpaust j\u016bsu inform\u0101ciju, atbildot uz juridisku piepras\u012bjumu, piem\u0113ram, tiesas r\u012bkojumu vai pav\u0113sti, vai lai iev\u0113rotu piem\u0113rojamos likumus un noteikumus.<\/p>\n\n\n\n<p class=\"has-medium-font-size\">\u00a0\u00a0\u00a0<strong> Datu dro\u0161\u012bba:<\/strong><\/p>\n\n\n\n<p>&nbsp;&nbsp;&nbsp;&nbsp;&nbsp;&nbsp;&nbsp; M\u0113s \u012bstenojam atbilsto\u0161us dro\u0161\u012bbas pas\u0101kumus, lai aizsarg\u0101tu j\u016bsu personisko inform\u0101ciju pret nesankcion\u0113tu piek\u013cuvi, izmai\u0146\u0101m, izpau\u0161anu vai izn\u012bcin\u0101\u0161anu.<\/p>\n\n\n\n<p>&nbsp;&nbsp;&nbsp;&nbsp;&nbsp;&nbsp;&nbsp; Tom\u0113r neviena p\u0101rraides metode internet\u0101 vai elektronisk\u0101 uzglab\u0101\u0161ana nav piln\u012bb\u0101 dro\u0161a. T\u0101p\u0113c m\u0113s nevaram garant\u0113t absol\u016btu j\u016bsu inform\u0101cijas dro\u0161\u012bbu.<\/p>\n\n\n\n<p class=\"has-medium-font-size\">\u00a0\u00a0<strong>\u00a0 J\u016bsu izv\u0113le un ties\u012bbas:<\/strong><\/p>\n\n\n\n<p>&nbsp;&nbsp;&nbsp;&nbsp;&nbsp;&nbsp;&nbsp; Jums ir ties\u012bbas piek\u013c\u016bt savai personiskajai inform\u0101cijai, to atjaunin\u0101t vai dz\u0113st. Ja v\u0113laties veikt izmai\u0146as sav\u0101 inform\u0101cij\u0101 vai atteikties no m\u0101rketinga pazi\u0146ojumu sa\u0146em\u0161anas, l\u016bdzu, sazinieties ar mums [Kontaktinform\u0101cija].<\/p>\n\n\n\n<p>&nbsp;&nbsp;&nbsp;&nbsp;&nbsp;&nbsp;&nbsp; Varat ar\u012b atteikties no m\u016bsu rekl\u0101mas e-pasta abon\u0113\u0161anas, izpildot e-past\u0101 sniegtos nor\u0101d\u012bjumus.<\/p>\n\n\n\n<p class=\"has-medium-font-size\">\u00a0\u00a0\u00a0<strong> B\u0113rnu priv\u0101tums:<\/strong><\/p>\n\n\n\n<p>&nbsp;&nbsp;&nbsp;&nbsp;&nbsp;&nbsp;&nbsp; M\u016bsu pakalpojumi nav paredz\u0113ti b\u0113rniem, kas jaun\u0101ki par 13 gadiem. M\u0113s apzin\u0101ti neiev\u0101cam personisko inform\u0101ciju no b\u0113rniem, un, ja uzzin\u0101sim, ka esam net\u012b\u0161i apkopoju\u0161i \u0161\u0101du inform\u0101ciju, m\u0113s veiksim pas\u0101kumus, lai to dz\u0113stu.<\/p>\n\n\n\n<p class=\"has-medium-font-size\">\u00a0\u00a0\u00a0<strong> Izmai\u0146as \u0161aj\u0101 politik\u0101:<\/strong><\/p>\n\n\n\n<p>&nbsp;&nbsp;&nbsp;&nbsp;&nbsp;&nbsp;&nbsp; M\u0113s varam laiku pa laikam atjaunin\u0101t \u0161o Priv\u0101tuma politiku, lai atspogu\u013cotu izmai\u0146as m\u016bsu praks\u0113 vai juridiskaj\u0101s pras\u012bb\u0101s. M\u0113s j\u016bs inform\u0113sim par jebk\u0101d\u0101m b\u016btisk\u0101m izmai\u0146\u0101m, public\u0113jot atjaunin\u0101to politiku m\u016bsu vietn\u0113.<\/p>\n\n\n\n<p>Ja jums ir k\u0101di jaut\u0101jumi vai neskaidr\u012bbas par \u0161o Priv\u0101tuma politiku, l\u016bdzu, sazinieties ar mums [Kontaktinform\u0101cija].<\/p>\n\n\n\n<p>P\u0113d\u0113j\u0101s p\u0101rskat\u012b\u0161anas datums: 2024-04-14<\/p>","protected":false},"excerpt":{"rendered":"<p>Baltijas Playback Theatre and Psychodrama School (BPTPS) m\u0113s esam ap\u0146\u0113mu\u0161ies aizsarg\u0101t j\u016bsu priv\u0101tumu un personas inform\u0101ciju. \u0160aj\u0101 konfidencialit\u0101tes politik\u0101 ir izkl\u0101st\u012bts, k\u0101 m\u0113s apkopojam, izmantojam un izpau\u017eam [\u2026]<\/p>","protected":false},"author":2,"featured_media":0,"parent":0,"menu_order":0,"comment_status":"closed","ping_status":"closed","template":"","meta":{"_et_pb_use_builder":"off","_et_pb_old_content":"","_et_gb_content_width":"","_price":"","_stock":"","_tribe_ticket_header":"","_tribe_default_ticket_provider":"","_tribe_ticket_capacity":"0","_ticket_start_date":"","_ticket_end_date":"","_tribe_ticket_show_description":"","_tribe_ticket_show_not_going":false,"_tribe_ticket_use_global_stock":"","_tribe_ticket_global_stock_level":"","_global_stock_mode":"","_global_stock_cap":"","_tribe_rsvp_for_event":"","_tribe_ticket_going_count":"","_tribe_ticket_not_going_count":"","_tribe_tickets_list":"[]","_tribe_ticket_has_attendee_info_fields":false,"footnotes":"","_tec_slr_enabled":"","_tec_slr_layout":""},"class_list":["post-174","page","type-page","status-publish","hentry"],"yoast_head":"<!-- This site is optimized with the Yoast SEO plugin v26.1.1 - https:\/\/yoast.com\/wordpress\/plugins\/seo\/ -->\n<title>Privacy Policy - Baltic Playback Theatre and Psychodrama School<\/title>\n<meta name=\"description\" content=\"At Baltic Playback Theater and Psychodrama School (BPTPS), we are committed to protecting your privacy and safeguarding your personal information.\" \/>\n<meta name=\"robots\" content=\"index, follow, max-snippet:-1, max-image-preview:large, max-video-preview:-1\" \/>\n<link rel=\"canonical\" href=\"https:\/\/bptps.lv\/lv\/privacy-policy\/\" \/>\n<meta property=\"og:locale\" content=\"lv_LV\" \/>\n<meta property=\"og:type\" content=\"article\" \/>\n<meta property=\"og:title\" content=\"Privacy Policy - Baltic Playback Theatre and Psychodrama School\" \/>\n<meta property=\"og:description\" content=\"At Baltic Playback Theater and Psychodrama School (BPTPS), we are committed to protecting your privacy and safeguarding your personal information.\" \/>\n<meta property=\"og:url\" content=\"https:\/\/bptps.lv\/lv\/privacy-policy\/\" \/>\n<meta property=\"og:site_name\" content=\"Baltic Playback Theatre and Psychodrama School\" \/>\n<meta property=\"article:publisher\" content=\"https:\/\/www.facebook.com\/profile.php?id=61558483709834\" \/>\n<meta property=\"article:modified_time\" content=\"2024-12-23T10:49:36+00:00\" \/>\n<meta name=\"twitter:card\" content=\"summary_large_image\" \/>\n<meta name=\"twitter:site\" content=\"@bptps_lv\" \/>\n<meta name=\"twitter:label1\" content=\"Est. reading time\" \/>\n\t<meta name=\"twitter:data1\" content=\"3 min\u016btes\" \/>\n<script type=\"application\/ld+json\" class=\"yoast-schema-graph\">{\"@context\":\"https:\/\/schema.org\",\"@graph\":[{\"@type\":\"WebPage\",\"@id\":\"https:\/\/bptps.lv\/privacy-policy\/\",\"url\":\"https:\/\/bptps.lv\/privacy-policy\/\",\"name\":\"Privacy Policy - Baltic Playback Theatre and Psychodrama School\",\"isPartOf\":{\"@id\":\"https:\/\/bptps.lv\/#website\"},\"datePublished\":\"2024-04-14T11:15:52+00:00\",\"dateModified\":\"2024-12-23T10:49:36+00:00\",\"description\":\"At Baltic Playback Theater and Psychodrama School (BPTPS), we are committed to protecting your privacy and safeguarding your personal information.\",\"breadcrumb\":{\"@id\":\"https:\/\/bptps.lv\/privacy-policy\/#breadcrumb\"},\"inLanguage\":\"lv-LV\",\"potentialAction\":[{\"@type\":\"ReadAction\",\"target\":[\"https:\/\/bptps.lv\/privacy-policy\/\"]}]},{\"@type\":\"BreadcrumbList\",\"@id\":\"https:\/\/bptps.lv\/privacy-policy\/#breadcrumb\",\"itemListElement\":[{\"@type\":\"ListItem\",\"position\":1,\"name\":\"Home\",\"item\":\"https:\/\/bptps.lv\/\"},{\"@type\":\"ListItem\",\"position\":2,\"name\":\"Privacy Policy\"}]},{\"@type\":\"WebSite\",\"@id\":\"https:\/\/bptps.lv\/#website\",\"url\":\"https:\/\/bptps.lv\/\",\"name\":\"Baltic Playback Theatre and Psychodrama School\",\"description\":\"Baltic Playback Theatre and Psychodrama School\",\"publisher\":{\"@id\":\"https:\/\/bptps.lv\/#organization\"},\"potentialAction\":[{\"@type\":\"SearchAction\",\"target\":{\"@type\":\"EntryPoint\",\"urlTemplate\":\"https:\/\/bptps.lv\/?s={search_term_string}\"},\"query-input\":{\"@type\":\"PropertyValueSpecification\",\"valueRequired\":true,\"valueName\":\"search_term_string\"}}],\"inLanguage\":\"lv-LV\"},{\"@type\":\"Organization\",\"@id\":\"https:\/\/bptps.lv\/#organization\",\"name\":\"Baltic Playback Theatre and Psychodrama School\",\"url\":\"https:\/\/bptps.lv\/\",\"logo\":{\"@type\":\"ImageObject\",\"inLanguage\":\"lv-LV\",\"@id\":\"https:\/\/bptps.lv\/#\/schema\/logo\/image\/\",\"url\":\"https:\/\/bptps.lv\/wp-content\/uploads\/2024\/04\/BPTPS-logo1.jpg\",\"contentUrl\":\"https:\/\/bptps.lv\/wp-content\/uploads\/2024\/04\/BPTPS-logo1.jpg\",\"width\":1599,\"height\":1600,\"caption\":\"Baltic Playback Theatre and Psychodrama School\"},\"image\":{\"@id\":\"https:\/\/bptps.lv\/#\/schema\/logo\/image\/\"},\"sameAs\":[\"https:\/\/www.facebook.com\/profile.php?id=61558483709834\",\"https:\/\/x.com\/bptps_lv\",\"https:\/\/www.instagram.com\/bptps.lv\/\",\"https:\/\/www.linkedin.com\/in\/bptps-797117338\/\",\"https:\/\/t.me\/bptps_lv\",\"https:\/\/www.youtube.com\/@BPTPS_LV\"]}]}<\/script>\n<!-- \/ Yoast SEO plugin. -->","yoast_head_json":{"title":"Privacy Policy - Baltic Playback Theatre and Psychodrama School","description":"At Baltic Playback Theater and Psychodrama School (BPTPS), we are committed to protecting your privacy and safeguarding your personal information.","robots":{"index":"index","follow":"follow","max-snippet":"max-snippet:-1","max-image-preview":"max-image-preview:large","max-video-preview":"max-video-preview:-1"},"canonical":"https:\/\/bptps.lv\/lv\/privacy-policy\/","og_locale":"lv_LV","og_type":"article","og_title":"Privacy Policy - Baltic Playback Theatre and Psychodrama School","og_description":"At Baltic Playback Theater and Psychodrama School (BPTPS), we are committed to protecting your privacy and safeguarding your personal information.","og_url":"https:\/\/bptps.lv\/lv\/privacy-policy\/","og_site_name":"Baltic Playback Theatre and Psychodrama School","article_publisher":"https:\/\/www.facebook.com\/profile.php?id=61558483709834","article_modified_time":"2024-12-23T10:49:36+00:00","twitter_card":"summary_large_image","twitter_site":"@bptps_lv","twitter_misc":{"Est. reading time":"3 min\u016btes"},"schema":{"@context":"https:\/\/schema.org","@graph":[{"@type":"WebPage","@id":"https:\/\/bptps.lv\/privacy-policy\/","url":"https:\/\/bptps.lv\/privacy-policy\/","name":"Privacy Policy - Baltic Playback Theatre and Psychodrama School","isPartOf":{"@id":"https:\/\/bptps.lv\/#website"},"datePublished":"2024-04-14T11:15:52+00:00","dateModified":"2024-12-23T10:49:36+00:00","description":"At Baltic Playback Theater and Psychodrama School (BPTPS), we are committed to protecting your privacy and safeguarding your personal information.","breadcrumb":{"@id":"https:\/\/bptps.lv\/privacy-policy\/#breadcrumb"},"inLanguage":"lv-LV","potentialAction":[{"@type":"ReadAction","target":["https:\/\/bptps.lv\/privacy-policy\/"]}]},{"@type":"BreadcrumbList","@id":"https:\/\/bptps.lv\/privacy-policy\/#breadcrumb","itemListElement":[{"@type":"ListItem","position":1,"name":"Home","item":"https:\/\/bptps.lv\/"},{"@type":"ListItem","position":2,"name":"Privacy Policy"}]},{"@type":"WebSite","@id":"https:\/\/bptps.lv\/#website","url":"https:\/\/bptps.lv\/","name":"Baltic Playback Theatre and Psychodrama School","description":"Baltic Playback Theatre and Psychodrama School","publisher":{"@id":"https:\/\/bptps.lv\/#organization"},"potentialAction":[{"@type":"SearchAction","target":{"@type":"EntryPoint","urlTemplate":"https:\/\/bptps.lv\/?s={search_term_string}"},"query-input":{"@type":"PropertyValueSpecification","valueRequired":true,"valueName":"search_term_string"}}],"inLanguage":"lv-LV"},{"@type":"Organization","@id":"https:\/\/bptps.lv\/#organization","name":"Baltic Playback Theatre and Psychodrama School","url":"https:\/\/bptps.lv\/","logo":{"@type":"ImageObject","inLanguage":"lv-LV","@id":"https:\/\/bptps.lv\/#\/schema\/logo\/image\/","url":"https:\/\/bptps.lv\/wp-content\/uploads\/2024\/04\/BPTPS-logo1.jpg","contentUrl":"https:\/\/bptps.lv\/wp-content\/uploads\/2024\/04\/BPTPS-logo1.jpg","width":1599,"height":1600,"caption":"Baltic Playback Theatre and Psychodrama School"},"image":{"@id":"https:\/\/bptps.lv\/#\/schema\/logo\/image\/"},"sameAs":["https:\/\/www.facebook.com\/profile.php?id=61558483709834","https:\/\/x.com\/bptps_lv","https:\/\/www.instagram.com\/bptps.lv\/","https:\/\/www.linkedin.com\/in\/bptps-797117338\/","https:\/\/t.me\/bptps_lv","https:\/\/www.youtube.com\/@BPTPS_LV"]}]}},"ticketed":false,"_links":{"self":[{"href":"https:\/\/bptps.lv\/lv\/wp-json\/wp\/v2\/pages\/174","targetHints":{"allow":["GET"]}}],"collection":[{"href":"https:\/\/bptps.lv\/lv\/wp-json\/wp\/v2\/pages"}],"about":[{"href":"https:\/\/bptps.lv\/lv\/wp-json\/wp\/v2\/types\/page"}],"author":[{"embeddable":true,"href":"https:\/\/bptps.lv\/lv\/wp-json\/wp\/v2\/users\/2"}],"replies":[{"embeddable":true,"href":"https:\/\/bptps.lv\/lv\/wp-json\/wp\/v2\/comments?post=174"}],"version-history":[{"count":1,"href":"https:\/\/bptps.lv\/lv\/wp-json\/wp\/v2\/pages\/174\/revisions"}],"predecessor-version":[{"id":175,"href":"https:\/\/bptps.lv\/lv\/wp-json\/wp\/v2\/pages\/174\/revisions\/175"}],"wp:attachment":[{"href":"https:\/\/bptps.lv\/lv\/wp-json\/wp\/v2\/media?parent=174"}],"curies":[{"name":"wp","href":"https:\/\/api.w.org\/{rel}","templated":true}]}}