{"id":172,"date":"2024-04-14T11:13:57","date_gmt":"2024-04-14T11:13:57","guid":{"rendered":"https:\/\/bptps.lv\/?page_id=172"},"modified":"2024-12-23T12:42:29","modified_gmt":"2024-12-23T10:42:29","slug":"conditions-of-use","status":"publish","type":"page","link":"https:\/\/bptps.lv\/lv\/conditions-of-use\/","title":{"rendered":"Lieto\u0161anas Nosac\u012bjumi"},"content":{"rendered":"<p class=\"has-medium-font-size\">\u00a0\u00a0\u00a0 <strong>Noteikumu pie\u0146em\u0161ana<\/strong><\/p>\n\n\n\n<p>Piek\u013c\u016bstot vai izmantojot jebkurus pakalpojumus, ko nodro\u0161ina Baltic Playback Theatre and Psychodrama School (BPTPS), j\u016bs piekr\u012btat iev\u0113rot \u0161os lieto\u0161anas noteikumus. Ja j\u016bs nepiekr\u012btat k\u0101dam no \u0161iem noteikumiem, j\u016bs nedr\u012bkstat piek\u013c\u016bt m\u016bsu pakalpojumiem vai tos izmantot.<\/p>\n\n\n\n<p class=\"has-medium-font-size\">\u00a0\u00a0\u00a0 <strong>Materi\u0101lu izmanto\u0161ana<\/strong><\/p>\n\n\n\n<p>Visi BPTPS nodro\u0161in\u0101tie materi\u0101li, tostarp, bet ne tikai teksts, att\u0113li, video un audio ieraksti, ir aizsarg\u0101ti ar autorties\u012bb\u0101m un citiem intelektu\u0101l\u0101 \u012bpa\u0161uma likumiem. J\u016bs dr\u012bkstat izmantot \u0161os materi\u0101lus tikai personiskiem, nekomerci\u0101liem m\u0113r\u0137iem un nedr\u012bkstat tos reproduc\u0113t, izplat\u012bt vai p\u0101rveidot bez iepriek\u0161\u0113jas rakstiskas BPTPS piekri\u0161anas.<\/p>\n\n\n\n<p class=\"has-medium-font-size\">\u00a0\u00a0\u00a0 <strong>Lietot\u0101ja uzved\u012bba<\/strong><\/p>\n\n\n\n<p>J\u016bs piekr\u012btat izmantot BPTPS pakalpojumus likum\u012bgi, cie\u0146pilni un saska\u0146\u0101 ar \u0161iem lieto\u0161anas nosac\u012bjumiem. J\u016bs nedr\u012bkstat iesaist\u012bties darb\u012bb\u0101s, kas var trauc\u0113t vai trauc\u0113t m\u016bsu pakalpojumu darb\u012bbu vai citu lietot\u0101ju pieredzi.<\/p>\n\n\n\n<p class=\"has-medium-font-size\">\u00a0\u00a0\u00a0 <strong>Priv\u0101tums<\/strong><\/p>\n\n\n\n<p>BPTPS ciena j\u016bsu priv\u0101tumu un ir ap\u0146\u0113mies aizsarg\u0101t j\u016bsu personisko inform\u0101ciju. L\u016bdzu, skatiet m\u016bsu Priv\u0101tuma politiku, lai uzzin\u0101tu vair\u0101k par to, k\u0101 m\u0113s apkopojam, izmantojam un izpau\u017eam j\u016bsu inform\u0101ciju.<\/p>\n\n\n\n<p class=\"has-medium-font-size\">\u00a0\u00a0\u00a0 <strong>Tre\u0161o pu\u0161u saites<\/strong><\/p>\n\n\n\n<p>BPTPS pakalpojumos var b\u016bt saites uz tre\u0161o pu\u0161u vietn\u0113m vai resursiem. \u0160\u012bs saites ir paredz\u0113tas tikai j\u016bsu \u0113rt\u012bb\u0101m, un BPTPS nav atbild\u012bgs par \u0161o viet\u0146u saturu vai pieejam\u012bbu. Uz tre\u0161o pu\u0161u viet\u0146u izmanto\u0161anu attiecas to attiec\u012bgie noteikumi un nosac\u012bjumi.<\/p>\n\n\n\n<p class=\"has-medium-font-size\">\u00a0\u00a0\u00a0 <strong>Garantiju atruna<\/strong><\/p>\n\n\n\n<p>BPTPS pakalpojumi tiek sniegti \u201ck\u0101 tie ir\u201d un \u201ck\u0101 pieejami\u201d, bez jebk\u0101d\u0101m garantij\u0101m vai apliecin\u0101jumiem, tie\u0161\u0101m vai netie\u0161\u0101m. BPTPS negarant\u0113 nek\u0101das inform\u0101cijas, kas tiek sniegta, izmantojot t\u0101 pakalpojumus, precizit\u0101ti, piln\u012bgumu vai uzticam\u012bbu.<\/p>\n\n\n\n<p class=\"has-medium-font-size\">\u00a0\u00a0\u00a0<strong> Atbild\u012bbas ierobe\u017eojums<\/strong><\/p>\n\n\n\n<p>BPTPS nav atbild\u012bgs par jebk\u0101diem tie\u0161iem, netie\u0161iem, nejau\u0161iem, \u012bpa\u0161iem vai izrieto\u0161iem zaud\u0113jumiem, kas radu\u0161ies no t\u0101 pakalpojumu lieto\u0161anas vai jebk\u0101d\u0101 veid\u0101 saist\u012bti ar to, pat ja BPTPS ir inform\u0113ts par \u0161\u0101du boj\u0101jumu iesp\u0113jam\u012bbu.<\/p>\n\n\n\n<p class=\"has-medium-font-size\">\u00a0\u00a0\u00a0<strong> Noteikumu groz\u012b\u0161ana<\/strong><\/p>\n\n\n\n<p>BPTPS patur ties\u012bbas jebkur\u0101 laik\u0101 bez iepriek\u0161\u0113ja br\u012bdin\u0101juma main\u012bt vai atjaunin\u0101t \u0161os Lieto\u0161anas nosac\u012bjumus. J\u016bsu turpm\u0101ka m\u016bsu pakalpojumu izmanto\u0161ana p\u0113c jebk\u0101d\u0101m izmai\u0146\u0101m liecina, ka piekr\u012btat atjaunin\u0101tajiem noteikumiem.<\/p>\n\n\n\n<p class=\"has-medium-font-size\">\u00a0\u00a0\u00a0 <strong>Vado\u0161ais likums<\/strong><\/p>\n\n\n\n<p>\u0160os lieto\u0161anas nosac\u012bjumus regul\u0113 un interpret\u0113 saska\u0146\u0101 ar [Jurisdikcijas] likumiem, ne\u0146emot v\u0113r\u0101 to ties\u012bbu kol\u012bzijas noteikumus.<\/p>\n\n\n\n<p>Ja jums ir k\u0101di jaut\u0101jumi vai neskaidr\u012bbas par \u0161iem lieto\u0161anas nosac\u012bjumiem, l\u016bdzu, sazinieties ar mums [Kontaktinform\u0101cija].<\/p>\n\n\n\n<p>P\u0113d\u0113j\u0101s p\u0101rskat\u012b\u0161anas datums: 2024-04-14<\/p>","protected":false},"excerpt":{"rendered":"<p>\u00a0\u00a0\u00a0 Noteikumu pie\u0146em\u0161ana Piek\u013c\u016bstot vai izmantojot jebkurus Baltijas Playback Theater and Psychodrama School (BPTPS) sniegtos pakalpojumus, j\u016bs piekr\u012btat iev\u0113rot \u0161os Lieto\u0161anas noteikumus. Ja [\u2026]<\/p>","protected":false},"author":2,"featured_media":0,"parent":0,"menu_order":0,"comment_status":"closed","ping_status":"closed","template":"","meta":{"_et_pb_use_builder":"off","_et_pb_old_content":"","_et_gb_content_width":"1080","_price":"","_stock":"","_tribe_ticket_header":"","_tribe_default_ticket_provider":"","_tribe_ticket_capacity":"0","_ticket_start_date":"","_ticket_end_date":"","_tribe_ticket_show_description":"","_tribe_ticket_show_not_going":false,"_tribe_ticket_use_global_stock":"","_tribe_ticket_global_stock_level":"","_global_stock_mode":"","_global_stock_cap":"","_tribe_rsvp_for_event":"","_tribe_ticket_going_count":"","_tribe_ticket_not_going_count":"","_tribe_tickets_list":"[]","_tribe_ticket_has_attendee_info_fields":false,"footnotes":"","_tec_slr_enabled":"","_tec_slr_layout":""},"class_list":["post-172","page","type-page","status-publish","hentry"],"yoast_head":"<!-- This site is optimized with the Yoast SEO plugin v26.1.1 - https:\/\/yoast.com\/wordpress\/plugins\/seo\/ -->\n<title>Conditions of Use - Baltic Playback Theatre and Psychodrama School<\/title>\n<meta name=\"description\" content=\"y accessing or using any services provided by Baltic Playback Theater and Psychodrama School (BPTPS), you agree to be bound by these Conditions of Use.\" \/>\n<meta name=\"robots\" content=\"index, follow, max-snippet:-1, max-image-preview:large, max-video-preview:-1\" \/>\n<link rel=\"canonical\" href=\"https:\/\/bptps.lv\/lv\/conditions-of-use\/\" \/>\n<meta property=\"og:locale\" content=\"lv_LV\" \/>\n<meta property=\"og:type\" content=\"article\" \/>\n<meta property=\"og:title\" content=\"Conditions of Use - Baltic Playback Theatre and Psychodrama School\" \/>\n<meta property=\"og:description\" content=\"y accessing or using any services provided by Baltic Playback Theater and Psychodrama School (BPTPS), you agree to be bound by these Conditions of Use.\" \/>\n<meta property=\"og:url\" content=\"https:\/\/bptps.lv\/lv\/conditions-of-use\/\" \/>\n<meta property=\"og:site_name\" content=\"Baltic Playback Theatre and Psychodrama School\" \/>\n<meta property=\"article:publisher\" content=\"https:\/\/www.facebook.com\/profile.php?id=61558483709834\" \/>\n<meta property=\"article:modified_time\" content=\"2024-12-23T10:42:29+00:00\" \/>\n<meta name=\"twitter:card\" content=\"summary_large_image\" \/>\n<meta name=\"twitter:site\" content=\"@bptps_lv\" \/>\n<meta name=\"twitter:label1\" content=\"Est. reading time\" \/>\n\t<meta name=\"twitter:data1\" content=\"2 min\u016btes\" \/>\n<script type=\"application\/ld+json\" class=\"yoast-schema-graph\">{\"@context\":\"https:\/\/schema.org\",\"@graph\":[{\"@type\":\"WebPage\",\"@id\":\"https:\/\/bptps.lv\/conditions-of-use\/\",\"url\":\"https:\/\/bptps.lv\/conditions-of-use\/\",\"name\":\"Conditions of Use - Baltic Playback Theatre and Psychodrama School\",\"isPartOf\":{\"@id\":\"https:\/\/bptps.lv\/#website\"},\"datePublished\":\"2024-04-14T11:13:57+00:00\",\"dateModified\":\"2024-12-23T10:42:29+00:00\",\"description\":\"y accessing or using any services provided by Baltic Playback Theater and Psychodrama School (BPTPS), you agree to be bound by these Conditions of Use.\",\"breadcrumb\":{\"@id\":\"https:\/\/bptps.lv\/conditions-of-use\/#breadcrumb\"},\"inLanguage\":\"lv-LV\",\"potentialAction\":[{\"@type\":\"ReadAction\",\"target\":[\"https:\/\/bptps.lv\/conditions-of-use\/\"]}]},{\"@type\":\"BreadcrumbList\",\"@id\":\"https:\/\/bptps.lv\/conditions-of-use\/#breadcrumb\",\"itemListElement\":[{\"@type\":\"ListItem\",\"position\":1,\"name\":\"Home\",\"item\":\"https:\/\/bptps.lv\/\"},{\"@type\":\"ListItem\",\"position\":2,\"name\":\"Conditions of Use\"}]},{\"@type\":\"WebSite\",\"@id\":\"https:\/\/bptps.lv\/#website\",\"url\":\"https:\/\/bptps.lv\/\",\"name\":\"Baltic Playback Theatre and Psychodrama School\",\"description\":\"Baltic Playback Theatre and Psychodrama School\",\"publisher\":{\"@id\":\"https:\/\/bptps.lv\/#organization\"},\"potentialAction\":[{\"@type\":\"SearchAction\",\"target\":{\"@type\":\"EntryPoint\",\"urlTemplate\":\"https:\/\/bptps.lv\/?s={search_term_string}\"},\"query-input\":{\"@type\":\"PropertyValueSpecification\",\"valueRequired\":true,\"valueName\":\"search_term_string\"}}],\"inLanguage\":\"lv-LV\"},{\"@type\":\"Organization\",\"@id\":\"https:\/\/bptps.lv\/#organization\",\"name\":\"Baltic Playback Theatre and Psychodrama School\",\"url\":\"https:\/\/bptps.lv\/\",\"logo\":{\"@type\":\"ImageObject\",\"inLanguage\":\"lv-LV\",\"@id\":\"https:\/\/bptps.lv\/#\/schema\/logo\/image\/\",\"url\":\"https:\/\/bptps.lv\/wp-content\/uploads\/2024\/04\/BPTPS-logo1.jpg\",\"contentUrl\":\"https:\/\/bptps.lv\/wp-content\/uploads\/2024\/04\/BPTPS-logo1.jpg\",\"width\":1599,\"height\":1600,\"caption\":\"Baltic Playback Theatre and Psychodrama School\"},\"image\":{\"@id\":\"https:\/\/bptps.lv\/#\/schema\/logo\/image\/\"},\"sameAs\":[\"https:\/\/www.facebook.com\/profile.php?id=61558483709834\",\"https:\/\/x.com\/bptps_lv\",\"https:\/\/www.instagram.com\/bptps.lv\/\",\"https:\/\/www.linkedin.com\/in\/bptps-797117338\/\",\"https:\/\/t.me\/bptps_lv\",\"https:\/\/www.youtube.com\/@BPTPS_LV\"]}]}<\/script>\n<!-- \/ Yoast SEO plugin. -->","yoast_head_json":{"title":"Conditions of Use - Baltic Playback Theatre and Psychodrama School","description":"y accessing or using any services provided by Baltic Playback Theater and Psychodrama School (BPTPS), you agree to be bound by these Conditions of Use.","robots":{"index":"index","follow":"follow","max-snippet":"max-snippet:-1","max-image-preview":"max-image-preview:large","max-video-preview":"max-video-preview:-1"},"canonical":"https:\/\/bptps.lv\/lv\/conditions-of-use\/","og_locale":"lv_LV","og_type":"article","og_title":"Conditions of Use - Baltic Playback Theatre and Psychodrama School","og_description":"y accessing or using any services provided by Baltic Playback Theater and Psychodrama School (BPTPS), you agree to be bound by these Conditions of Use.","og_url":"https:\/\/bptps.lv\/lv\/conditions-of-use\/","og_site_name":"Baltic Playback Theatre and Psychodrama School","article_publisher":"https:\/\/www.facebook.com\/profile.php?id=61558483709834","article_modified_time":"2024-12-23T10:42:29+00:00","twitter_card":"summary_large_image","twitter_site":"@bptps_lv","twitter_misc":{"Est. reading time":"2 min\u016btes"},"schema":{"@context":"https:\/\/schema.org","@graph":[{"@type":"WebPage","@id":"https:\/\/bptps.lv\/conditions-of-use\/","url":"https:\/\/bptps.lv\/conditions-of-use\/","name":"Conditions of Use - Baltic Playback Theatre and Psychodrama School","isPartOf":{"@id":"https:\/\/bptps.lv\/#website"},"datePublished":"2024-04-14T11:13:57+00:00","dateModified":"2024-12-23T10:42:29+00:00","description":"y accessing or using any services provided by Baltic Playback Theater and Psychodrama School (BPTPS), you agree to be bound by these Conditions of Use.","breadcrumb":{"@id":"https:\/\/bptps.lv\/conditions-of-use\/#breadcrumb"},"inLanguage":"lv-LV","potentialAction":[{"@type":"ReadAction","target":["https:\/\/bptps.lv\/conditions-of-use\/"]}]},{"@type":"BreadcrumbList","@id":"https:\/\/bptps.lv\/conditions-of-use\/#breadcrumb","itemListElement":[{"@type":"ListItem","position":1,"name":"Home","item":"https:\/\/bptps.lv\/"},{"@type":"ListItem","position":2,"name":"Conditions of Use"}]},{"@type":"WebSite","@id":"https:\/\/bptps.lv\/#website","url":"https:\/\/bptps.lv\/","name":"Baltic Playback Theatre and Psychodrama School","description":"Baltic Playback Theatre and Psychodrama School","publisher":{"@id":"https:\/\/bptps.lv\/#organization"},"potentialAction":[{"@type":"SearchAction","target":{"@type":"EntryPoint","urlTemplate":"https:\/\/bptps.lv\/?s={search_term_string}"},"query-input":{"@type":"PropertyValueSpecification","valueRequired":true,"valueName":"search_term_string"}}],"inLanguage":"lv-LV"},{"@type":"Organization","@id":"https:\/\/bptps.lv\/#organization","name":"Baltic Playback Theatre and Psychodrama School","url":"https:\/\/bptps.lv\/","logo":{"@type":"ImageObject","inLanguage":"lv-LV","@id":"https:\/\/bptps.lv\/#\/schema\/logo\/image\/","url":"https:\/\/bptps.lv\/wp-content\/uploads\/2024\/04\/BPTPS-logo1.jpg","contentUrl":"https:\/\/bptps.lv\/wp-content\/uploads\/2024\/04\/BPTPS-logo1.jpg","width":1599,"height":1600,"caption":"Baltic Playback Theatre and Psychodrama School"},"image":{"@id":"https:\/\/bptps.lv\/#\/schema\/logo\/image\/"},"sameAs":["https:\/\/www.facebook.com\/profile.php?id=61558483709834","https:\/\/x.com\/bptps_lv","https:\/\/www.instagram.com\/bptps.lv\/","https:\/\/www.linkedin.com\/in\/bptps-797117338\/","https:\/\/t.me\/bptps_lv","https:\/\/www.youtube.com\/@BPTPS_LV"]}]}},"ticketed":false,"_links":{"self":[{"href":"https:\/\/bptps.lv\/lv\/wp-json\/wp\/v2\/pages\/172","targetHints":{"allow":["GET"]}}],"collection":[{"href":"https:\/\/bptps.lv\/lv\/wp-json\/wp\/v2\/pages"}],"about":[{"href":"https:\/\/bptps.lv\/lv\/wp-json\/wp\/v2\/types\/page"}],"author":[{"embeddable":true,"href":"https:\/\/bptps.lv\/lv\/wp-json\/wp\/v2\/users\/2"}],"replies":[{"embeddable":true,"href":"https:\/\/bptps.lv\/lv\/wp-json\/wp\/v2\/comments?post=172"}],"version-history":[{"count":1,"href":"https:\/\/bptps.lv\/lv\/wp-json\/wp\/v2\/pages\/172\/revisions"}],"predecessor-version":[{"id":173,"href":"https:\/\/bptps.lv\/lv\/wp-json\/wp\/v2\/pages\/172\/revisions\/173"}],"wp:attachment":[{"href":"https:\/\/bptps.lv\/lv\/wp-json\/wp\/v2\/media?parent=172"}],"curies":[{"name":"wp","href":"https:\/\/api.w.org\/{rel}","templated":true}]}}