{"id":236,"date":"2024-04-20T18:18:12","date_gmt":"2024-04-20T18:18:12","guid":{"rendered":"https:\/\/bptps.lv\/?page_id=236"},"modified":"2024-12-23T12:34:50","modified_gmt":"2024-12-23T10:34:50","slug":"academic-philosophy","status":"publish","type":"page","link":"https:\/\/bptps.lv\/lt\/academic-philosophy\/","title":{"rendered":"Akademin\u0117 filosofija"},"content":{"rendered":"[et_pb_section fb_built=\u201d1\u2033 admin_label=\u201dAntra\u0161t\u0117\u201d _builder_version=\u201d4.22.1\u2033 _module_preset=\u201ddefault\u201d use_background_color_gradient=\u201don\u201d background_color_gradient_stops=\u201drgba,(49,4.7) 0%|#000000 100%\u201d background_color_gradient_overlays_image=\u201don\u201d background_image=\u201dhttps:\/\/bptps.lv\/wp-content\/uploads\/2024\/01\/online-university-21.jpg\u201d da_disable_devices=\u201dcollapsedoff=\u201d global_colors_info=\u201d{}\u201d da_is_popup=\u201doff\u201d da_exit_intent=\u201doff\u201d da_has_close=\u201don\u201d da_alt_close=\u201doff\u201d da_dark_close=\u201doff\u201d da_not_modal=\u201don\u201d da_is_singular=\u201doff\u201d da_off=\u201doff\u201d da_off da_has_shadow=\u201don\u201d][et_pb_row column_structure=\u201d2_3,1_3\u2033 _builder_version=\u201d4.24.3\u2033 _module_preset=\u201ddefault\u201d width=\u201d85%\u201d global_colors_info=\u201d{}\u201d][et_pb_col_3\u2033\u2033=2_col_3\u2033 _builder_version=\u201d4.19.2\u2033 _module_preset=\u201ddefault\u201d global_colors_info=\u201d{}\u201d][et_pb_text _builder_version=\u201d4.24.3\u2033 _module_preset=\u201dcdabf446-f986-4b7a-6ea3d0c446-f986-4b7a-9c3c header_text_color=\u201d#FFFFFF\u201d header_font_size=\u201d64px\u201d width=\u201d100%\u201d custom_margin=\u201d||10px||false|false\u201d custom_padding=\u201d|0px||||\u201d global_colors_info=\u201d{}\u201d]<h1>Akademin\u0117 filosofija<\/h1>[\/et_pb_text][et_pb_text module_class=\u201ddivi-toggle-text\u201d _builder_version=\u201d4.24.3\u2033 _module_preset=\u201d83b54b2c-74f1-4fe8-b305-d7ca2a4f90bd=\u201dFF1\u201dTFF_FF text_font_size=\u201d19px\u201d width=\u201d100%\u201d custom_margin=\u201d|-373px||||\u201d custom_padding=\u201d|0px||||\u201d hover_enabled=\u201d0\u2033 global_colors_info=\u201d{}\u201d sticky_enabled=\u201d0\u2033]<p style=\"text-align: justify;\">M\u016bs\u0173 akademin\u0117 filosofija Baltijos Playback Theatre and Psychodrama School (BPTPS) grind\u017eiama \u012fsitikinimu, kad \u0161vietimas yra transformuojantis ir \u012fgalinantis procesas. Mes \u017ei\u016brime \u012f mokym\u0105si kaip \u012f sav\u0119s atradimo ir augimo kelion\u0119, kai \u017emon\u0117s skatinami tyrin\u0117ti savo k\u016brybi\u0161kum\u0105, lavinti \u012fg\u016bd\u017eius ir gilinti sav\u0119s bei supan\u010dio pasaulio supratim\u0105.<\/p>\n<p style=\"text-align: justify;\">Svarbiausia m\u016bs\u0173 filosofijoje yra id\u0117ja, kad \u0161vietimas turi b\u016bti holistinis ir \u012ftraukus, apimantis \u012fvairias perspektyvas ir patirt\u012f. Mes vertiname patyrimin\u012f mokym\u0105si, aktyv\u0173 dalyvavim\u0105 ir praktin\u0119 praktik\u0105 kaip esminius veiksmingo ugdymo komponentus. Susid\u016br\u0119 su realaus pasaulio i\u0161\u0161\u016bkiais ir galimyb\u0117mis, studentai \u012fgyja praktini\u0173 \u012fg\u016bd\u017ei\u0173 ir \u017eini\u0173, kurias gali pritaikyti asmeniniame ir profesiniame gyvenime.<\/p>\n<p style=\"text-align: justify;\">BPTPS pabr\u0117\u017eiame palankios ir bendradarbiaujan\u010dios mokymosi aplinkos skatinimo svarb\u0105. Mes tikime bendruomen\u0117s ir kolektyvin\u0117s i\u0161minties galia, kai mokiniai mokosi vieni i\u0161 kit\u0173, dalijasi savo \u012f\u017evalgomis ir remia vieni kitus j\u0173 mokymosi kelion\u0117je.<\/p>\n<p style=\"text-align: justify;\">Be to, esame \u012fsipareigoj\u0119 skatinti socialin\u012f teisingum\u0105, teisingum\u0105 ir \u012ftraukties \u012f visus m\u016bs\u0173 akademini\u0173 program\u0173 aspektus. Pripa\u017e\u012fstame \u012fvairov\u0117s svarb\u0105 ir siekiame sukurti mokymosi aplink\u0105, kurioje b\u016bt\u0173 gerbiamos ir \u0161ven\u010diamos kiekvieno asmens unikalios tapatyb\u0117s ir patirtis.<\/p>\n<p style=\"text-align: justify;\">Apskritai, m\u016bs\u0173 akademin\u0117 filosofija vadovaujasi \u012fsipareigojimu siekti meistri\u0161kumo, s\u0105\u017einingumo ir mokymosi vis\u0105 gyvenim\u0105. Mes siekiame suteikti \u017emon\u0117ms galimyb\u0119 i\u0161naudoti vis\u0105 savo potencial\u0105, reik\u0161mingai prisid\u0117ti prie visuomen\u0117s ir sukurti teigiamus poky\u010dius pasaulyje.<\/p>[\/et_pb_text][\/et_pb_column][et_pb_column type=&#8221;1_3&#8243; _builder_version=&#8221;4.19.2&#8243; _module_preset=&#8221;default&#8221; global_colors_info=&#8221;{}&#8221;][\/et_pb_column][\/et_pb_row][\/et_pb_section][et_pb_section fb_built=&#8221;1&#8243; admin_label=&#8221;Call to Action&#8221; _builder_version=&#8221;4.22.1&#8243; _module_preset=&#8221;default&#8221; background_color=&#8221;#000000&#8243; use_background_color_gradient=&#8221;on&#8221; background_color_gradient_direction=&#8221;90deg&#8221; background_color_gradient_stops=&#8221;gcid-18a7d06a-1ed9-4e8b-bef0-ea365f6c384a 50%|#000000 50%&#8221; custom_padding=&#8221;0px||0px||true|false&#8221; background_last_edited=&#8221;on|desktop&#8221; use_background_color_gradient_tablet=&#8221;off&#8221; da_disable_devices=&#8221;off|off|off&#8221; locked=&#8221;off&#8221; collapsed=&#8221;off&#8221; global_colors_info=&#8221;{}&#8221; da_is_popup=&#8221;off&#8221; da_exit_intent=&#8221;off&#8221; da_has_close=&#8221;on&#8221; da_alt_close=&#8221;off&#8221; da_dark_close=&#8221;off&#8221; da_not_modal=&#8221;on&#8221; da_is_singular=&#8221;off&#8221; da_with_loader=&#8221;off&#8221; da_has_shadow=&#8221;on&#8221;][et_pb_row column_structure=&#8221;1_3,2_3&#8243; use_custom_gutter=&#8221;on&#8221; gutter_width=&#8221;1&#8243; make_equal=&#8221;on&#8221; _builder_version=&#8221;4.21.0&#8243; _module_preset=&#8221;default&#8221; custom_padding=&#8221;0px||0px||true|false&#8221; global_colors_info=&#8221;{}&#8221;][et_pb_column type=&#8221;1_3&#8243; _builder_version=&#8221;4.19.1&#8243; _module_preset=&#8221;default&#8221; global_colors_info=&#8221;{}&#8221;][et_pb_image src=&#8221;https:\/\/bptps.lv\/wp-content\/uploads\/2024\/05\/20240502_224337-1-scaled.jpg&#8221; title_text=&#8221;20240502_224337-1&#8243; _builder_version=&#8221;4.24.3&#8243; _module_preset=&#8221;default&#8221; custom_margin=&#8221;|||-24vw|false|false&#8221; custom_margin_tablet=&#8221;||30px|0vw|false|false&#8221; custom_margin_phone=&#8221;||30px|0vw|false|false&#8221; custom_margin_last_edited=&#8221;on|desktop&#8221; border_radii=&#8221;off|||30px|&#8221; global_colors_info=&#8221;{}&#8221;][\/et_pb_image][\/et_pb_column][et_pb_column type=&#8221;2_3&#8243; _builder_version=&#8221;4.21.0&#8243; _module_preset=&#8221;default&#8221; background_color=&#8221;gcid-18a7d06a-1ed9-4e8b-bef0-ea365f6c384a&#8221; custom_padding=&#8221;60px|60px|60px|60px|true|true&#8221; custom_padding_tablet=&#8221;30px|30px|30px|30px|true|true&#8221; custom_padding_phone=&#8221;20px|20px|20px|20px|true|true&#8221; custom_padding_last_edited=&#8221;on|tablet&#8221; border_radii=&#8221;off||30px||&#8221; global_colors_info=&#8221;{%22gcid-18a7d06a-1ed9-4e8b-bef0-ea365f6c384a%22:%91%22background_color%22%93}&#8221;][et_pb_text _builder_version=&#8221;4.21.0&#8243; _module_preset=&#8221;21c197a6-ebf4-4ccd-bf64-995217b0b0b8&#8243; global_colors_info=&#8221;{}&#8221;]<h2>Treniruot\u0117s metu<\/h2>[\/et_pb_text][et_pb_text _builder_version=\u201d4.24.3\u2033 _module_preset=\u201d83b54b2c-74f1-4fe8-b305-d7ca2a4f90bd\u201d text_font_size=\u201d18px\u201d|custom_margin=false| hover_enabled=\u201d0\u2033 global_colors_info=\u201d{}\u201d sticky_enabled=\u201d0\u2033 custom_padding=\u201d||0px|||\u201d]<p style=\"text-align: justify;\">Atk\u016brimo teatro metodai leis jums tapti daugiau:<\/p>\n<table style=\"border-collapse: collapse; width: 100%;\" border=\"1\">\n<tbody>\n<tr>\n<td style=\"width: 50%;\">\n<p>Asmeniniame tobul\u0117jime<\/p>\n<ul>\n<li>Autenti\u0161kas<\/li>\n<li>Spontani\u0161kas<\/li>\n<li>Laisvas<\/li>\n<li>Pasitik\u0117jimas<\/li>\n<li>K\u016brybi\u0161kas<\/li>\n<li>I\u0161radingas<\/li>\n<li>Lankstus<\/li>\n<li>\u012esitikin\u0119s<\/li>\n<li>Atviras<\/li>\n<li>I\u0161rai\u0161kingas<\/li>\n<li>\u012edomus<\/li>\n<\/ul>\n<\/td>\n<td style=\"width: 50%;\">\n<p>Socialiniuose santykiuose<\/p>\n<ul>\n<li>Ramus<\/li>\n<li>Pri\u0117mimas<\/li>\n<li>Subalansuota<\/li>\n<li>I\u0161mintingas<\/li>\n<li>Aktyvus<\/li>\n<li>Toleranti\u0161kas<\/li>\n<li>Draugi\u0161kas bendravimui<\/li>\n<li>Suvokia socialini\u0173 proces\u0173 sud\u0117tingum\u0105 ir gilum\u0105<\/li>\n<\/ul>\n<\/td>\n<\/tr>\n<\/tbody>\n<\/table>\n<p style=\"text-align: justify;\">Spektaklio teatro mokymo programa garantuoja tobul\u0117jim\u0105:<\/p>\n<ul style=\"text-align: justify;\">\n<li>Autenti\u0161kumas \u2013 i\u0161tikimyb\u0117 sau,<\/li>\n<li>Prisitaikymas \u2013 pasitik\u0117jimas bet kokioje situacijoje,<\/li>\n<li>\u017dmogi\u0161kumas \u2013 bet kokioje situacijoje.<\/li>\n<\/ul>\n<p style=\"text-align: justify;\">Baigus \u0161\u012f kurs\u0105 ne\u012fmanoma nepasikeisti.<\/p>[\/et_pb_text][\/et_pb_column][\/et_pb_row][\/et_pb_section]","protected":false},"excerpt":{"rendered":"<p>Akademin\u0117 filosofija M\u016bs\u0173 akademin\u0117 filosofija Baltic Playback Theatre and Psychodrama School (BPTPS) remiasi \u012fsitikinimu, kad ugdymas yra transformuojantis ir \u012fgalinantis procesas. Mokym\u0105si vertiname kaip [\u2026]<\/p>","protected":false},"author":2,"featured_media":0,"parent":0,"menu_order":0,"comment_status":"closed","ping_status":"closed","template":"","meta":{"_et_pb_use_builder":"on","_et_pb_old_content":"","_et_gb_content_width":"","_price":"","_stock":"","_tribe_ticket_header":"","_tribe_default_ticket_provider":"","_tribe_ticket_capacity":"0","_ticket_start_date":"","_ticket_end_date":"","_tribe_ticket_show_description":"","_tribe_ticket_show_not_going":false,"_tribe_ticket_use_global_stock":"","_tribe_ticket_global_stock_level":"","_global_stock_mode":"","_global_stock_cap":"","_tribe_rsvp_for_event":"","_tribe_ticket_going_count":"","_tribe_ticket_not_going_count":"","_tribe_tickets_list":"[]","_tribe_ticket_has_attendee_info_fields":false,"footnotes":"","_tec_slr_enabled":"","_tec_slr_layout":""},"class_list":["post-236","page","type-page","status-publish","hentry"],"yoast_head":"<!-- This site is optimized with the Yoast SEO plugin v26.1.1 - https:\/\/yoast.com\/wordpress\/plugins\/seo\/ -->\n<title>Academic Philosophy - Baltic Playback Theatre and Psychodrama School<\/title>\n<meta name=\"description\" content=\"Our academic philosophy at Baltic Playback Theater and Psychodrama School is rooted in the belief that education is a transformative and empowering process.\" \/>\n<meta name=\"robots\" content=\"index, follow, max-snippet:-1, max-image-preview:large, max-video-preview:-1\" \/>\n<link rel=\"canonical\" href=\"https:\/\/bptps.lv\/lt\/academic-philosophy\/\" \/>\n<meta property=\"og:locale\" content=\"lt_LT\" \/>\n<meta property=\"og:type\" content=\"article\" \/>\n<meta property=\"og:title\" content=\"Academic Philosophy - Baltic Playback Theatre and Psychodrama School\" \/>\n<meta property=\"og:description\" content=\"Our academic philosophy at Baltic Playback Theater and Psychodrama School is rooted in the belief that education is a transformative and empowering process.\" \/>\n<meta property=\"og:url\" content=\"https:\/\/bptps.lv\/lt\/academic-philosophy\/\" \/>\n<meta property=\"og:site_name\" content=\"Baltic Playback Theatre and Psychodrama School\" \/>\n<meta property=\"article:publisher\" content=\"https:\/\/www.facebook.com\/profile.php?id=61558483709834\" \/>\n<meta property=\"article:modified_time\" content=\"2024-12-23T10:34:50+00:00\" \/>\n<meta name=\"twitter:card\" content=\"summary_large_image\" \/>\n<meta name=\"twitter:site\" content=\"@bptps_lv\" \/>\n<meta name=\"twitter:label1\" content=\"Est. reading time\" \/>\n\t<meta name=\"twitter:data1\" content=\"2 minut\u0117s\" \/>\n<script type=\"application\/ld+json\" class=\"yoast-schema-graph\">{\"@context\":\"https:\/\/schema.org\",\"@graph\":[{\"@type\":\"WebPage\",\"@id\":\"https:\/\/bptps.lv\/academic-philosophy\/\",\"url\":\"https:\/\/bptps.lv\/academic-philosophy\/\",\"name\":\"Academic Philosophy - Baltic Playback Theatre and Psychodrama School\",\"isPartOf\":{\"@id\":\"https:\/\/bptps.lv\/#website\"},\"datePublished\":\"2024-04-20T18:18:12+00:00\",\"dateModified\":\"2024-12-23T10:34:50+00:00\",\"description\":\"Our academic philosophy at Baltic Playback Theater and Psychodrama School is rooted in the belief that education is a transformative and empowering process.\",\"breadcrumb\":{\"@id\":\"https:\/\/bptps.lv\/academic-philosophy\/#breadcrumb\"},\"inLanguage\":\"lt-LT\",\"potentialAction\":[{\"@type\":\"ReadAction\",\"target\":[\"https:\/\/bptps.lv\/academic-philosophy\/\"]}]},{\"@type\":\"BreadcrumbList\",\"@id\":\"https:\/\/bptps.lv\/academic-philosophy\/#breadcrumb\",\"itemListElement\":[{\"@type\":\"ListItem\",\"position\":1,\"name\":\"Home\",\"item\":\"https:\/\/bptps.lv\/\"},{\"@type\":\"ListItem\",\"position\":2,\"name\":\"Academic Philosophy\"}]},{\"@type\":\"WebSite\",\"@id\":\"https:\/\/bptps.lv\/#website\",\"url\":\"https:\/\/bptps.lv\/\",\"name\":\"Baltic Playback Theatre and Psychodrama School\",\"description\":\"Baltic Playback Theatre and Psychodrama School\",\"publisher\":{\"@id\":\"https:\/\/bptps.lv\/#organization\"},\"potentialAction\":[{\"@type\":\"SearchAction\",\"target\":{\"@type\":\"EntryPoint\",\"urlTemplate\":\"https:\/\/bptps.lv\/?s={search_term_string}\"},\"query-input\":{\"@type\":\"PropertyValueSpecification\",\"valueRequired\":true,\"valueName\":\"search_term_string\"}}],\"inLanguage\":\"lt-LT\"},{\"@type\":\"Organization\",\"@id\":\"https:\/\/bptps.lv\/#organization\",\"name\":\"Baltic Playback Theatre and Psychodrama School\",\"url\":\"https:\/\/bptps.lv\/\",\"logo\":{\"@type\":\"ImageObject\",\"inLanguage\":\"lt-LT\",\"@id\":\"https:\/\/bptps.lv\/#\/schema\/logo\/image\/\",\"url\":\"https:\/\/bptps.lv\/wp-content\/uploads\/2024\/04\/BPTPS-logo1.jpg\",\"contentUrl\":\"https:\/\/bptps.lv\/wp-content\/uploads\/2024\/04\/BPTPS-logo1.jpg\",\"width\":1599,\"height\":1600,\"caption\":\"Baltic Playback Theatre and Psychodrama School\"},\"image\":{\"@id\":\"https:\/\/bptps.lv\/#\/schema\/logo\/image\/\"},\"sameAs\":[\"https:\/\/www.facebook.com\/profile.php?id=61558483709834\",\"https:\/\/x.com\/bptps_lv\",\"https:\/\/www.instagram.com\/bptps.lv\/\",\"https:\/\/www.linkedin.com\/in\/bptps-797117338\/\",\"https:\/\/t.me\/bptps_lv\",\"https:\/\/www.youtube.com\/@BPTPS_LV\"]}]}<\/script>\n<!-- \/ Yoast SEO plugin. -->","yoast_head_json":{"title":"Academic Philosophy - Baltic Playback Theatre and Psychodrama School","description":"Our academic philosophy at Baltic Playback Theater and Psychodrama School is rooted in the belief that education is a transformative and empowering process.","robots":{"index":"index","follow":"follow","max-snippet":"max-snippet:-1","max-image-preview":"max-image-preview:large","max-video-preview":"max-video-preview:-1"},"canonical":"https:\/\/bptps.lv\/lt\/academic-philosophy\/","og_locale":"lt_LT","og_type":"article","og_title":"Academic Philosophy - Baltic Playback Theatre and Psychodrama School","og_description":"Our academic philosophy at Baltic Playback Theater and Psychodrama School is rooted in the belief that education is a transformative and empowering process.","og_url":"https:\/\/bptps.lv\/lt\/academic-philosophy\/","og_site_name":"Baltic Playback Theatre and Psychodrama School","article_publisher":"https:\/\/www.facebook.com\/profile.php?id=61558483709834","article_modified_time":"2024-12-23T10:34:50+00:00","twitter_card":"summary_large_image","twitter_site":"@bptps_lv","twitter_misc":{"Est. reading time":"2 minut\u0117s"},"schema":{"@context":"https:\/\/schema.org","@graph":[{"@type":"WebPage","@id":"https:\/\/bptps.lv\/academic-philosophy\/","url":"https:\/\/bptps.lv\/academic-philosophy\/","name":"Academic Philosophy - Baltic Playback Theatre and Psychodrama School","isPartOf":{"@id":"https:\/\/bptps.lv\/#website"},"datePublished":"2024-04-20T18:18:12+00:00","dateModified":"2024-12-23T10:34:50+00:00","description":"Our academic philosophy at Baltic Playback Theater and Psychodrama School is rooted in the belief that education is a transformative and empowering process.","breadcrumb":{"@id":"https:\/\/bptps.lv\/academic-philosophy\/#breadcrumb"},"inLanguage":"lt-LT","potentialAction":[{"@type":"ReadAction","target":["https:\/\/bptps.lv\/academic-philosophy\/"]}]},{"@type":"BreadcrumbList","@id":"https:\/\/bptps.lv\/academic-philosophy\/#breadcrumb","itemListElement":[{"@type":"ListItem","position":1,"name":"Home","item":"https:\/\/bptps.lv\/"},{"@type":"ListItem","position":2,"name":"Academic Philosophy"}]},{"@type":"WebSite","@id":"https:\/\/bptps.lv\/#website","url":"https:\/\/bptps.lv\/","name":"Baltic Playback Theatre and Psychodrama School","description":"Baltic Playback Theatre and Psychodrama School","publisher":{"@id":"https:\/\/bptps.lv\/#organization"},"potentialAction":[{"@type":"SearchAction","target":{"@type":"EntryPoint","urlTemplate":"https:\/\/bptps.lv\/?s={search_term_string}"},"query-input":{"@type":"PropertyValueSpecification","valueRequired":true,"valueName":"search_term_string"}}],"inLanguage":"lt-LT"},{"@type":"Organization","@id":"https:\/\/bptps.lv\/#organization","name":"Baltic Playback Theatre and Psychodrama School","url":"https:\/\/bptps.lv\/","logo":{"@type":"ImageObject","inLanguage":"lt-LT","@id":"https:\/\/bptps.lv\/#\/schema\/logo\/image\/","url":"https:\/\/bptps.lv\/wp-content\/uploads\/2024\/04\/BPTPS-logo1.jpg","contentUrl":"https:\/\/bptps.lv\/wp-content\/uploads\/2024\/04\/BPTPS-logo1.jpg","width":1599,"height":1600,"caption":"Baltic Playback Theatre and Psychodrama School"},"image":{"@id":"https:\/\/bptps.lv\/#\/schema\/logo\/image\/"},"sameAs":["https:\/\/www.facebook.com\/profile.php?id=61558483709834","https:\/\/x.com\/bptps_lv","https:\/\/www.instagram.com\/bptps.lv\/","https:\/\/www.linkedin.com\/in\/bptps-797117338\/","https:\/\/t.me\/bptps_lv","https:\/\/www.youtube.com\/@BPTPS_LV"]}]}},"ticketed":false,"_links":{"self":[{"href":"https:\/\/bptps.lv\/lt\/wp-json\/wp\/v2\/pages\/236","targetHints":{"allow":["GET"]}}],"collection":[{"href":"https:\/\/bptps.lv\/lt\/wp-json\/wp\/v2\/pages"}],"about":[{"href":"https:\/\/bptps.lv\/lt\/wp-json\/wp\/v2\/types\/page"}],"author":[{"embeddable":true,"href":"https:\/\/bptps.lv\/lt\/wp-json\/wp\/v2\/users\/2"}],"replies":[{"embeddable":true,"href":"https:\/\/bptps.lv\/lt\/wp-json\/wp\/v2\/comments?post=236"}],"version-history":[{"count":13,"href":"https:\/\/bptps.lv\/lt\/wp-json\/wp\/v2\/pages\/236\/revisions"}],"predecessor-version":[{"id":1076,"href":"https:\/\/bptps.lv\/lt\/wp-json\/wp\/v2\/pages\/236\/revisions\/1076"}],"wp:attachment":[{"href":"https:\/\/bptps.lv\/lt\/wp-json\/wp\/v2\/media?parent=236"}],"curies":[{"name":"wp","href":"https:\/\/api.w.org\/{rel}","templated":true}]}}