{"id":172,"date":"2024-04-14T11:13:57","date_gmt":"2024-04-14T11:13:57","guid":{"rendered":"https:\/\/bptps.lv\/?page_id=172"},"modified":"2024-12-23T12:42:29","modified_gmt":"2024-12-23T10:42:29","slug":"conditions-of-use","status":"publish","type":"page","link":"https:\/\/bptps.lv\/lt\/conditions-of-use\/","title":{"rendered":"Naudojimo s\u0105lygos"},"content":{"rendered":"<p class=\"has-medium-font-size\">\u00a0\u00a0\u00a0 <strong>S\u0105lyg\u0173 pri\u0117mimas<\/strong><\/p>\n\n\n\n<p>Naudodamiesi bet kokiomis \u201eBaltic Playback Theatre and Psychodrama School\u201c (BPTPS) teikiamomis paslaugomis, sutinkate laikytis \u0161i\u0173 naudojimo s\u0105lyg\u0173. Jei nesutinkate su bet kuria i\u0161 \u0161i\u0173 s\u0105lyg\u0173, negalite pasiekti ar naudotis m\u016bs\u0173 paslaugomis.<\/p>\n\n\n\n<p class=\"has-medium-font-size\">\u00a0\u00a0\u00a0 <strong>Med\u017eiag\u0173 naudojimas<\/strong><\/p>\n\n\n\n<p>Visa BPTPS pateikta med\u017eiaga, \u012fskaitant, bet neapsiribojant, tekstus, vaizdus, vaizdo \u012fra\u0161us ir garso \u012fra\u0161us, yra saugoma autori\u0173 teisi\u0173 ir kit\u0173 intelektin\u0117s nuosavyb\u0117s \u012fstatym\u0173. \u0160i\u0105 med\u017eiag\u0105 galite naudoti tik asmeniniais, nekomerciniais tikslais ir negalite jos atgaminti, platinti ar keisti be i\u0161ankstinio ra\u0161ti\u0161ko BPTPS sutikimo.<\/p>\n\n\n\n<p class=\"has-medium-font-size\">\u00a0\u00a0\u00a0 <strong>Vartotojo elgesys<\/strong><\/p>\n\n\n\n<p>J\u016bs sutinkate naudoti BPTPS paslaugas teis\u0117tu, pagarbiai ir laikantis \u0161i\u0173 naudojimo s\u0105lyg\u0173. J\u016bs neturite imtis jokio elgesio, kuris gali sutrikdyti ar trukdyti m\u016bs\u0173 paslaug\u0173 veikimui arba kit\u0173 vartotoj\u0173 patir\u010diai.<\/p>\n\n\n\n<p class=\"has-medium-font-size\">\u00a0\u00a0\u00a0 <strong>Privatumas<\/strong><\/p>\n\n\n\n<p>BPTPS gerbia j\u016bs\u0173 privatum\u0105 ir yra \u012fsipareigojusi apsaugoti j\u016bs\u0173 asmenin\u0119 informacij\u0105. Nor\u0117dami su\u017einoti daugiau apie tai, kaip renkame, naudojame ir atskleid\u017eiame j\u016bs\u0173 informacij\u0105, \u017er. m\u016bs\u0173 privatumo politik\u0105.<\/p>\n\n\n\n<p class=\"has-medium-font-size\">\u00a0\u00a0\u00a0 <strong>Tre\u010di\u0173j\u0173 \u0161ali\u0173 nuorodos<\/strong><\/p>\n\n\n\n<p>BPTPS paslaugose gali b\u016bti nuorod\u0173 \u012f tre\u010di\u0173j\u0173 \u0161ali\u0173 svetaines arba i\u0161teklius. \u0160ios nuorodos pateikiamos tik j\u016bs\u0173 patogumui, o BPTPS neatsako u\u017e \u0161i\u0173 svetaini\u0173 turin\u012f ar prieinamum\u0105. Naudojantis tre\u010di\u0173j\u0173 \u0161ali\u0173 svetain\u0117mis taikomos atitinkamos j\u0173 s\u0105lygos.<\/p>\n\n\n\n<p class=\"has-medium-font-size\">\u00a0\u00a0\u00a0 <strong>Garantij\u0173 atsisakymas<\/strong><\/p>\n\n\n\n<p>BPTPS paslaugos teikiamos \u201etokia, kokia yra\u201c ir \u201ekaip prieinama\u201c, be joki\u0173 garantij\u0173 ar parei\u0161kim\u0173, tiesiogini\u0173 ar numanom\u0173. BPTPS negarantuoja bet kokios informacijos, pateiktos per jos paslaugas, tikslumo, i\u0161samumo ar patikimumo.<\/p>\n\n\n\n<p class=\"has-medium-font-size\">\u00a0\u00a0\u00a0<strong> Atsakomyb\u0117s apribojimas<\/strong><\/p>\n\n\n\n<p>BPTPS neprisiima atsakomyb\u0117s u\u017e jokius tiesioginius, netiesioginius, atsitiktinius, specialius ar pasekminius nuostolius, kylan\u010dius d\u0117l j\u016bs\u0173 naudojimosi jos paslaugomis arba bet kokiu b\u016bdu su jomis susijusius, net jei BPTPS buvo informuotas apie toki\u0173 nuostoli\u0173 galimyb\u0119.<\/p>\n\n\n\n<p class=\"has-medium-font-size\">\u00a0\u00a0\u00a0<strong> S\u0105lyg\u0173 keitimas<\/strong><\/p>\n\n\n\n<p>BPTPS pasilieka teis\u0119 bet kuriuo metu be i\u0161ankstinio \u012fsp\u0117jimo keisti arba atnaujinti \u0161ias Naudojimo s\u0105lygas. J\u016bs\u0173 tolesnis naudojimasis m\u016bs\u0173 paslaugomis po bet koki\u0173 pakeitim\u0173 rei\u0161kia, kad sutinkate su atnaujintomis s\u0105lygomis.<\/p>\n\n\n\n<p class=\"has-medium-font-size\">\u00a0\u00a0\u00a0 <strong>Reglamentuojantys teis\u0117s aktai<\/strong><\/p>\n\n\n\n<p>\u0160ios naudojimo s\u0105lygos yra reglamentuojamos ir ai\u0161kinamos pagal [Jurisdikcijos] \u012fstatymus, neatsi\u017evelgiant \u012f j\u0173 \u012fstatym\u0173 kolizijos nuostatas.<\/p>\n\n\n\n<p>Jei turite klausim\u0173 ar r\u016bpes\u010di\u0173 d\u0117l \u0161i\u0173 naudojimo s\u0105lyg\u0173, susisiekite su mumis [Kontaktin\u0117 informacija].<\/p>\n\n\n\n<p>Paskutinio per\u017ei\u016br\u0117jimo data: 2024-04-14<\/p>","protected":false},"excerpt":{"rendered":"<p>\u00a0\u00a0\u00a0 Acceptance of Terms By accessing or using any services provided by Baltic Playback Theater and Psychodrama School (BPTPS), you agree to be bound by these Conditions of Use. If [&hellip;]<\/p>","protected":false},"author":2,"featured_media":0,"parent":0,"menu_order":0,"comment_status":"closed","ping_status":"closed","template":"","meta":{"_et_pb_use_builder":"off","_et_pb_old_content":"","_et_gb_content_width":"1080","_price":"","_stock":"","_tribe_ticket_header":"","_tribe_default_ticket_provider":"","_tribe_ticket_capacity":"0","_ticket_start_date":"","_ticket_end_date":"","_tribe_ticket_show_description":"","_tribe_ticket_show_not_going":false,"_tribe_ticket_use_global_stock":"","_tribe_ticket_global_stock_level":"","_global_stock_mode":"","_global_stock_cap":"","_tribe_rsvp_for_event":"","_tribe_ticket_going_count":"","_tribe_ticket_not_going_count":"","_tribe_tickets_list":"[]","_tribe_ticket_has_attendee_info_fields":false,"footnotes":"","_tec_slr_enabled":"","_tec_slr_layout":""},"class_list":["post-172","page","type-page","status-publish","hentry"],"yoast_head":"<!-- This site is optimized with the Yoast SEO plugin v26.1.1 - https:\/\/yoast.com\/wordpress\/plugins\/seo\/ -->\n<title>Conditions of Use - Baltic Playback Theatre and Psychodrama School<\/title>\n<meta name=\"description\" content=\"y accessing or using any services provided by Baltic Playback Theater and Psychodrama School (BPTPS), you agree to be bound by these Conditions of Use.\" \/>\n<meta name=\"robots\" content=\"index, follow, max-snippet:-1, max-image-preview:large, max-video-preview:-1\" \/>\n<link rel=\"canonical\" href=\"https:\/\/bptps.lv\/lt\/conditions-of-use\/\" \/>\n<meta property=\"og:locale\" content=\"lt_LT\" \/>\n<meta property=\"og:type\" content=\"article\" \/>\n<meta property=\"og:title\" content=\"Conditions of Use - Baltic Playback Theatre and Psychodrama School\" \/>\n<meta property=\"og:description\" content=\"y accessing or using any services provided by Baltic Playback Theater and Psychodrama School (BPTPS), you agree to be bound by these Conditions of Use.\" \/>\n<meta property=\"og:url\" content=\"https:\/\/bptps.lv\/lt\/conditions-of-use\/\" \/>\n<meta property=\"og:site_name\" content=\"Baltic Playback Theatre and Psychodrama School\" \/>\n<meta property=\"article:publisher\" content=\"https:\/\/www.facebook.com\/profile.php?id=61558483709834\" \/>\n<meta property=\"article:modified_time\" content=\"2024-12-23T10:42:29+00:00\" \/>\n<meta name=\"twitter:card\" content=\"summary_large_image\" \/>\n<meta name=\"twitter:site\" content=\"@bptps_lv\" \/>\n<meta name=\"twitter:label1\" content=\"Est. reading time\" \/>\n\t<meta name=\"twitter:data1\" content=\"2 minut\u0117s\" \/>\n<script type=\"application\/ld+json\" class=\"yoast-schema-graph\">{\"@context\":\"https:\/\/schema.org\",\"@graph\":[{\"@type\":\"WebPage\",\"@id\":\"https:\/\/bptps.lv\/conditions-of-use\/\",\"url\":\"https:\/\/bptps.lv\/conditions-of-use\/\",\"name\":\"Conditions of Use - Baltic Playback Theatre and Psychodrama School\",\"isPartOf\":{\"@id\":\"https:\/\/bptps.lv\/#website\"},\"datePublished\":\"2024-04-14T11:13:57+00:00\",\"dateModified\":\"2024-12-23T10:42:29+00:00\",\"description\":\"y accessing or using any services provided by Baltic Playback Theater and Psychodrama School (BPTPS), you agree to be bound by these Conditions of Use.\",\"breadcrumb\":{\"@id\":\"https:\/\/bptps.lv\/conditions-of-use\/#breadcrumb\"},\"inLanguage\":\"lt-LT\",\"potentialAction\":[{\"@type\":\"ReadAction\",\"target\":[\"https:\/\/bptps.lv\/conditions-of-use\/\"]}]},{\"@type\":\"BreadcrumbList\",\"@id\":\"https:\/\/bptps.lv\/conditions-of-use\/#breadcrumb\",\"itemListElement\":[{\"@type\":\"ListItem\",\"position\":1,\"name\":\"Home\",\"item\":\"https:\/\/bptps.lv\/\"},{\"@type\":\"ListItem\",\"position\":2,\"name\":\"Conditions of Use\"}]},{\"@type\":\"WebSite\",\"@id\":\"https:\/\/bptps.lv\/#website\",\"url\":\"https:\/\/bptps.lv\/\",\"name\":\"Baltic Playback Theatre and Psychodrama School\",\"description\":\"Baltic Playback Theatre and Psychodrama School\",\"publisher\":{\"@id\":\"https:\/\/bptps.lv\/#organization\"},\"potentialAction\":[{\"@type\":\"SearchAction\",\"target\":{\"@type\":\"EntryPoint\",\"urlTemplate\":\"https:\/\/bptps.lv\/?s={search_term_string}\"},\"query-input\":{\"@type\":\"PropertyValueSpecification\",\"valueRequired\":true,\"valueName\":\"search_term_string\"}}],\"inLanguage\":\"lt-LT\"},{\"@type\":\"Organization\",\"@id\":\"https:\/\/bptps.lv\/#organization\",\"name\":\"Baltic Playback Theatre and Psychodrama School\",\"url\":\"https:\/\/bptps.lv\/\",\"logo\":{\"@type\":\"ImageObject\",\"inLanguage\":\"lt-LT\",\"@id\":\"https:\/\/bptps.lv\/#\/schema\/logo\/image\/\",\"url\":\"https:\/\/bptps.lv\/wp-content\/uploads\/2024\/04\/BPTPS-logo1.jpg\",\"contentUrl\":\"https:\/\/bptps.lv\/wp-content\/uploads\/2024\/04\/BPTPS-logo1.jpg\",\"width\":1599,\"height\":1600,\"caption\":\"Baltic Playback Theatre and Psychodrama School\"},\"image\":{\"@id\":\"https:\/\/bptps.lv\/#\/schema\/logo\/image\/\"},\"sameAs\":[\"https:\/\/www.facebook.com\/profile.php?id=61558483709834\",\"https:\/\/x.com\/bptps_lv\",\"https:\/\/www.instagram.com\/bptps.lv\/\",\"https:\/\/www.linkedin.com\/in\/bptps-797117338\/\",\"https:\/\/t.me\/bptps_lv\",\"https:\/\/www.youtube.com\/@BPTPS_LV\"]}]}<\/script>\n<!-- \/ Yoast SEO plugin. -->","yoast_head_json":{"title":"Conditions of Use - Baltic Playback Theatre and Psychodrama School","description":"y accessing or using any services provided by Baltic Playback Theater and Psychodrama School (BPTPS), you agree to be bound by these Conditions of Use.","robots":{"index":"index","follow":"follow","max-snippet":"max-snippet:-1","max-image-preview":"max-image-preview:large","max-video-preview":"max-video-preview:-1"},"canonical":"https:\/\/bptps.lv\/lt\/conditions-of-use\/","og_locale":"lt_LT","og_type":"article","og_title":"Conditions of Use - Baltic Playback Theatre and Psychodrama School","og_description":"y accessing or using any services provided by Baltic Playback Theater and Psychodrama School (BPTPS), you agree to be bound by these Conditions of Use.","og_url":"https:\/\/bptps.lv\/lt\/conditions-of-use\/","og_site_name":"Baltic Playback Theatre and Psychodrama School","article_publisher":"https:\/\/www.facebook.com\/profile.php?id=61558483709834","article_modified_time":"2024-12-23T10:42:29+00:00","twitter_card":"summary_large_image","twitter_site":"@bptps_lv","twitter_misc":{"Est. reading time":"2 minut\u0117s"},"schema":{"@context":"https:\/\/schema.org","@graph":[{"@type":"WebPage","@id":"https:\/\/bptps.lv\/conditions-of-use\/","url":"https:\/\/bptps.lv\/conditions-of-use\/","name":"Conditions of Use - Baltic Playback Theatre and Psychodrama School","isPartOf":{"@id":"https:\/\/bptps.lv\/#website"},"datePublished":"2024-04-14T11:13:57+00:00","dateModified":"2024-12-23T10:42:29+00:00","description":"y accessing or using any services provided by Baltic Playback Theater and Psychodrama School (BPTPS), you agree to be bound by these Conditions of Use.","breadcrumb":{"@id":"https:\/\/bptps.lv\/conditions-of-use\/#breadcrumb"},"inLanguage":"lt-LT","potentialAction":[{"@type":"ReadAction","target":["https:\/\/bptps.lv\/conditions-of-use\/"]}]},{"@type":"BreadcrumbList","@id":"https:\/\/bptps.lv\/conditions-of-use\/#breadcrumb","itemListElement":[{"@type":"ListItem","position":1,"name":"Home","item":"https:\/\/bptps.lv\/"},{"@type":"ListItem","position":2,"name":"Conditions of Use"}]},{"@type":"WebSite","@id":"https:\/\/bptps.lv\/#website","url":"https:\/\/bptps.lv\/","name":"Baltic Playback Theatre and Psychodrama School","description":"Baltic Playback Theatre and Psychodrama School","publisher":{"@id":"https:\/\/bptps.lv\/#organization"},"potentialAction":[{"@type":"SearchAction","target":{"@type":"EntryPoint","urlTemplate":"https:\/\/bptps.lv\/?s={search_term_string}"},"query-input":{"@type":"PropertyValueSpecification","valueRequired":true,"valueName":"search_term_string"}}],"inLanguage":"lt-LT"},{"@type":"Organization","@id":"https:\/\/bptps.lv\/#organization","name":"Baltic Playback Theatre and Psychodrama School","url":"https:\/\/bptps.lv\/","logo":{"@type":"ImageObject","inLanguage":"lt-LT","@id":"https:\/\/bptps.lv\/#\/schema\/logo\/image\/","url":"https:\/\/bptps.lv\/wp-content\/uploads\/2024\/04\/BPTPS-logo1.jpg","contentUrl":"https:\/\/bptps.lv\/wp-content\/uploads\/2024\/04\/BPTPS-logo1.jpg","width":1599,"height":1600,"caption":"Baltic Playback Theatre and Psychodrama School"},"image":{"@id":"https:\/\/bptps.lv\/#\/schema\/logo\/image\/"},"sameAs":["https:\/\/www.facebook.com\/profile.php?id=61558483709834","https:\/\/x.com\/bptps_lv","https:\/\/www.instagram.com\/bptps.lv\/","https:\/\/www.linkedin.com\/in\/bptps-797117338\/","https:\/\/t.me\/bptps_lv","https:\/\/www.youtube.com\/@BPTPS_LV"]}]}},"ticketed":false,"_links":{"self":[{"href":"https:\/\/bptps.lv\/lt\/wp-json\/wp\/v2\/pages\/172","targetHints":{"allow":["GET"]}}],"collection":[{"href":"https:\/\/bptps.lv\/lt\/wp-json\/wp\/v2\/pages"}],"about":[{"href":"https:\/\/bptps.lv\/lt\/wp-json\/wp\/v2\/types\/page"}],"author":[{"embeddable":true,"href":"https:\/\/bptps.lv\/lt\/wp-json\/wp\/v2\/users\/2"}],"replies":[{"embeddable":true,"href":"https:\/\/bptps.lv\/lt\/wp-json\/wp\/v2\/comments?post=172"}],"version-history":[{"count":1,"href":"https:\/\/bptps.lv\/lt\/wp-json\/wp\/v2\/pages\/172\/revisions"}],"predecessor-version":[{"id":173,"href":"https:\/\/bptps.lv\/lt\/wp-json\/wp\/v2\/pages\/172\/revisions\/173"}],"wp:attachment":[{"href":"https:\/\/bptps.lv\/lt\/wp-json\/wp\/v2\/media?parent=172"}],"curies":[{"name":"wp","href":"https:\/\/api.w.org\/{rel}","templated":true}]}}