{"id":236,"date":"2024-04-20T18:18:12","date_gmt":"2024-04-20T18:18:12","guid":{"rendered":"https:\/\/bptps.lv\/?page_id=236"},"modified":"2024-12-23T12:34:50","modified_gmt":"2024-12-23T10:34:50","slug":"academic-philosophy","status":"publish","type":"page","link":"https:\/\/bptps.lv\/ee\/academic-philosophy\/","title":{"rendered":"Akadeemiline filosoofia"},"content":{"rendered":"[et_pb_section fb_built=\u201d1\u2033 admin_label=\u201dP\u00e4is\u201d _builder_version=\u201d4.22.1\u2033 _module_preset=\u201ddefault\u201d use_background_color_gradient=\u201don\u201d background_color_gradient_stops=\u201drgba,(49,4.7) 0%|#000000 100%\u201d background_color_gradient_overlays_image=\u201don\u201d background_image=\u201dhttps:\/\/bptps.lv\/wp-content\/uploads\/2024\/01\/online-university-21.jpg\u201d da_disable_devices=\u201dcoll global_colors_info=\u201d{}\u201d da_is_popup=\u201doff\u201d da_exit_intent=\u201doff\u201d da_has_close=\u201don\u201d da_alt_close=\u201doff\u201d da_dark_close=\u201doff\u201d da_not_modal=\u201don\u201d da_is_singular=\u201doff\u201d da_off\u201dwith\u201d da_has_shadow=\u201don\u201d][et_pb_row column_structure=\u201d2_3,1_3\u2033 _builder_version=\u201d4.24.3\u2033 _module_preset=\u201ddefault\u201d width=\u201d85%\u201d global_colors_info=\u201d{}\u201d][et_pb\u201d_col_3\u2033 type=2_col_3 _builder_version=\u201d4.19.2\u2033 _module_preset=\u201ddefault\u201d global_colors_info=\u201d{}\u201d][et_pb_text _builder_version=\u201d4.24.3\u2033 _module_preset=\u201dcdabf446-f986-4b7a-6ee9c6d0c446-8c3 header_text_color=\u201d#FFFFFF\u201d header_font_size=\u201d64px\u201d width=\u201d100%\u201d custom_margin=\u201d||10px||false|false\u201d custom_padding=\u201d|0px||||\u201d global_colors_info=\u201d{}\u201d]<h1>Akadeemiline filosoofia<\/h1>[\/et_pb_text][et_pb_text module_class=\u201ddivi-toggle-text\u201d _builder_version=\u201d4.24.3\u2033 _module_preset=\u201d83b54b2c-74f1-4fe8-b305-d7ca2a4f90bd=\u201dFF1\u201dTFF_FF text_font_size=\u201d19px\u201d width=\u201d100%\u201d custom_margin=\u201d|-373px||||\u201d custom_padding=\u201d|0px||||\u201d hover_enabled=\u201d0\u2033 global_colors_info=\u201d{}\u201d sticky_enabled=\u201d0\u2033]<p style=\"text-align: justify;\">Meie akadeemiline filosoofia Baltic Playback Theatre and Psychodrama Schoolis (BPTPS) p\u00f5hineb veendumusel, et haridus on muutev ja j\u00f5udu andev protsess. N\u00e4eme \u00f5ppimist eneseavastamise ja kasvu teekonnana, kus inimesi julgustatakse uurima oma loovust, arendama oma oskusi ning s\u00fcvendama arusaamist iseendast ja \u00fcmbritsevast maailmast.<\/p>\n<p style=\"text-align: justify;\">Meie filosoofia kesksel kohal on idee, et haridus peaks olema terviklik ja kaasav, h\u00f5lmates erinevaid vaatenurki ja kogemusi. T\u00f5husa hariduse olulisteks komponentideks v\u00e4\u00e4rtustame kogemuslikku \u00f5ppimist, aktiivset osalemist ja praktilist praktikat. Tegeledes tegelike v\u00e4ljakutsete ja v\u00f5imalustega, omandavad \u00f5pilased praktilisi oskusi ja teadmisi, mida nad saavad rakendada oma isiklikus ja t\u00f6\u00f6elus.<\/p>\n<p style=\"text-align: justify;\">BPTPS-is r\u00f5hutame toetava ja koost\u00f6\u00f6l p\u00f5hineva \u00f5pikeskkonna edendamise t\u00e4htsust. Usume kogukonna ja kollektiivse tarkuse j\u00f5usse, kus \u00f5pilased \u00f5pivad \u00fcksteiselt, jagavad oma teadmisi ja toetavad \u00fcksteist nende haridusteekonnal.<\/p>\n<p style=\"text-align: justify;\">Lisaks oleme p\u00fchendunud sotsiaalse \u00f5igluse, v\u00f5rdsuse ja kaasamise edendamisele meie akadeemiliste programmide k\u00f5igis aspektides. M\u00f5istame mitmekesisuse t\u00e4htsust ja p\u00fc\u00fcame luua \u00f5pikeskkondi, mis austavad ja t\u00e4histavad iga inimese ainulaadset identiteeti ja kogemusi.<\/p>\n<p style=\"text-align: justify;\">\u00dcldiselt juhindub meie akadeemiline filosoofia p\u00fchendumisest tipptasemele, terviklikkusele ja elukestvale \u00f5ppele. Meie eesm\u00e4rk on anda inimestele v\u00f5imalus kasutada oma t\u00e4ielikku potentsiaali, anda t\u00e4hendusrikast panust \u00fchiskonda ja luua maailmas positiivseid muutusi.<\/p>[\/et_pb_text][\/et_pb_column][et_pb_column type=&#8221;1_3&#8243; _builder_version=&#8221;4.19.2&#8243; _module_preset=&#8221;default&#8221; global_colors_info=&#8221;{}&#8221;][\/et_pb_column][\/et_pb_row][\/et_pb_section][et_pb_section fb_built=&#8221;1&#8243; admin_label=&#8221;Call to Action&#8221; _builder_version=&#8221;4.22.1&#8243; _module_preset=&#8221;default&#8221; background_color=&#8221;#000000&#8243; use_background_color_gradient=&#8221;on&#8221; background_color_gradient_direction=&#8221;90deg&#8221; background_color_gradient_stops=&#8221;gcid-18a7d06a-1ed9-4e8b-bef0-ea365f6c384a 50%|#000000 50%&#8221; custom_padding=&#8221;0px||0px||true|false&#8221; background_last_edited=&#8221;on|desktop&#8221; use_background_color_gradient_tablet=&#8221;off&#8221; da_disable_devices=&#8221;off|off|off&#8221; locked=&#8221;off&#8221; collapsed=&#8221;off&#8221; global_colors_info=&#8221;{}&#8221; da_is_popup=&#8221;off&#8221; da_exit_intent=&#8221;off&#8221; da_has_close=&#8221;on&#8221; da_alt_close=&#8221;off&#8221; da_dark_close=&#8221;off&#8221; da_not_modal=&#8221;on&#8221; da_is_singular=&#8221;off&#8221; da_with_loader=&#8221;off&#8221; da_has_shadow=&#8221;on&#8221;][et_pb_row column_structure=&#8221;1_3,2_3&#8243; use_custom_gutter=&#8221;on&#8221; gutter_width=&#8221;1&#8243; make_equal=&#8221;on&#8221; _builder_version=&#8221;4.21.0&#8243; _module_preset=&#8221;default&#8221; custom_padding=&#8221;0px||0px||true|false&#8221; global_colors_info=&#8221;{}&#8221;][et_pb_column type=&#8221;1_3&#8243; _builder_version=&#8221;4.19.1&#8243; _module_preset=&#8221;default&#8221; global_colors_info=&#8221;{}&#8221;][et_pb_image src=&#8221;https:\/\/bptps.lv\/wp-content\/uploads\/2024\/05\/20240502_224337-1-scaled.jpg&#8221; title_text=&#8221;20240502_224337-1&#8243; _builder_version=&#8221;4.24.3&#8243; _module_preset=&#8221;default&#8221; custom_margin=&#8221;|||-24vw|false|false&#8221; custom_margin_tablet=&#8221;||30px|0vw|false|false&#8221; custom_margin_phone=&#8221;||30px|0vw|false|false&#8221; custom_margin_last_edited=&#8221;on|desktop&#8221; border_radii=&#8221;off|||30px|&#8221; global_colors_info=&#8221;{}&#8221;][\/et_pb_image][\/et_pb_column][et_pb_column type=&#8221;2_3&#8243; _builder_version=&#8221;4.21.0&#8243; _module_preset=&#8221;default&#8221; background_color=&#8221;gcid-18a7d06a-1ed9-4e8b-bef0-ea365f6c384a&#8221; custom_padding=&#8221;60px|60px|60px|60px|true|true&#8221; custom_padding_tablet=&#8221;30px|30px|30px|30px|true|true&#8221; custom_padding_phone=&#8221;20px|20px|20px|20px|true|true&#8221; custom_padding_last_edited=&#8221;on|tablet&#8221; border_radii=&#8221;off||30px||&#8221; global_colors_info=&#8221;{%22gcid-18a7d06a-1ed9-4e8b-bef0-ea365f6c384a%22:%91%22background_color%22%93}&#8221;][et_pb_text _builder_version=&#8221;4.21.0&#8243; _module_preset=&#8221;21c197a6-ebf4-4ccd-bf64-995217b0b0b8&#8243; global_colors_info=&#8221;{}&#8221;]<h2>Koolituse ajal<\/h2>[\/et_pb_text][et_pb_text _builder_version=\u201d4.24.3\u2033 _module_preset=\u201d83b54b2c-74f1-4fe8-b305-d7ca2a4f90bd\u201d text_font_size=\u201d18px\u201d| custom_fal0pxse| hover_enabled=\u201d0\u2033 global_colors_info=\u201d{}\u201d sticky_enabled=\u201d0\u2033 custom_padding=\u201d||0px|||\u201d]<p style=\"text-align: justify;\">Taasesitusteatri meetodid v\u00f5imaldavad teil saada rohkem:<\/p>\n<table style=\"border-collapse: collapse; width: 100%;\" border=\"1\">\n<tbody>\n<tr>\n<td style=\"width: 50%;\">\n<p>Isiklikus arengus<\/p>\n<ul>\n<li>Autentne<\/li>\n<li>Spontaanne<\/li>\n<li>Tasuta<\/li>\n<li>Usaldades<\/li>\n<li>Loominguline<\/li>\n<li>Leidlik<\/li>\n<li>Paindlik<\/li>\n<li>Enesekindel<\/li>\n<li>Avatud<\/li>\n<li>Ekspressiivne<\/li>\n<li>Huvitav<\/li>\n<\/ul>\n<\/td>\n<td style=\"width: 50%;\">\n<p>Sotsiaalsetes suhetes<\/p>\n<ul>\n<li>Rahune<\/li>\n<li>Aktsepteerimine<\/li>\n<li>Tasakaalustatud<\/li>\n<li>Tark<\/li>\n<li>Aktiivne<\/li>\n<li>Tolerantne<\/li>\n<li>Suhtlemiss\u00f5bralik<\/li>\n<li>Teadlik sotsiaalsete protsesside keerukusest ja s\u00fcgavusest<\/li>\n<\/ul>\n<\/td>\n<\/tr>\n<\/tbody>\n<\/table>\n<p style=\"text-align: justify;\">M\u00e4nguteatri koolitusprogramm tagab arengu:<\/p>\n<ul style=\"text-align: justify;\">\n<li>Autentsus \u2013 iseendale truu olemine,<\/li>\n<li>Kohanemisv\u00f5ime \u2013 enesekindlus igas olukorras,<\/li>\n<li>Inimlikkus \u2013 igas olukorras.<\/li>\n<\/ul>\n<p style=\"text-align: justify;\">P\u00e4rast selle kursuse l\u00e4bimist on v\u00f5imatu mitte muuta.<\/p>[\/et_pb_text][\/et_pb_column][\/et_pb_row][\/et_pb_section]","protected":false},"excerpt":{"rendered":"<p>Akadeemiline filosoofia Meie akadeemiline filosoofia Baltic Playback Theatre and Psychodrama Schoolis (BPTPS) p\u00f5hineb veendumusel, et haridus on muutev ja j\u00f5udu andev protsess. Me k\u00e4sitleme \u00f5ppimist kui [\u2026]<\/p>","protected":false},"author":2,"featured_media":0,"parent":0,"menu_order":0,"comment_status":"closed","ping_status":"closed","template":"","meta":{"_et_pb_use_builder":"on","_et_pb_old_content":"","_et_gb_content_width":"","_price":"","_stock":"","_tribe_ticket_header":"","_tribe_default_ticket_provider":"","_tribe_ticket_capacity":"0","_ticket_start_date":"","_ticket_end_date":"","_tribe_ticket_show_description":"","_tribe_ticket_show_not_going":false,"_tribe_ticket_use_global_stock":"","_tribe_ticket_global_stock_level":"","_global_stock_mode":"","_global_stock_cap":"","_tribe_rsvp_for_event":"","_tribe_ticket_going_count":"","_tribe_ticket_not_going_count":"","_tribe_tickets_list":"[]","_tribe_ticket_has_attendee_info_fields":false,"footnotes":"","_tec_slr_enabled":"","_tec_slr_layout":""},"class_list":["post-236","page","type-page","status-publish","hentry"],"yoast_head":"<!-- This site is optimized with the Yoast SEO plugin v26.1.1 - https:\/\/yoast.com\/wordpress\/plugins\/seo\/ -->\n<title>Academic Philosophy - Baltic Playback Theatre and Psychodrama School<\/title>\n<meta name=\"description\" content=\"Our academic philosophy at Baltic Playback Theater and Psychodrama School is rooted in the belief that education is a transformative and empowering process.\" \/>\n<meta name=\"robots\" content=\"index, follow, max-snippet:-1, max-image-preview:large, max-video-preview:-1\" \/>\n<link rel=\"canonical\" href=\"https:\/\/bptps.lv\/ee\/academic-philosophy\/\" \/>\n<meta property=\"og:locale\" content=\"et_EE\" \/>\n<meta property=\"og:type\" content=\"article\" \/>\n<meta property=\"og:title\" content=\"Academic Philosophy - Baltic Playback Theatre and Psychodrama School\" \/>\n<meta property=\"og:description\" content=\"Our academic philosophy at Baltic Playback Theater and Psychodrama School is rooted in the belief that education is a transformative and empowering process.\" \/>\n<meta property=\"og:url\" content=\"https:\/\/bptps.lv\/ee\/academic-philosophy\/\" \/>\n<meta property=\"og:site_name\" content=\"Baltic Playback Theatre and Psychodrama School\" \/>\n<meta property=\"article:publisher\" content=\"https:\/\/www.facebook.com\/profile.php?id=61558483709834\" \/>\n<meta property=\"article:modified_time\" content=\"2024-12-23T10:34:50+00:00\" \/>\n<meta name=\"twitter:card\" content=\"summary_large_image\" \/>\n<meta name=\"twitter:site\" content=\"@bptps_lv\" \/>\n<meta name=\"twitter:label1\" content=\"Est. reading time\" \/>\n\t<meta name=\"twitter:data1\" content=\"2 minutit\" \/>\n<script type=\"application\/ld+json\" class=\"yoast-schema-graph\">{\"@context\":\"https:\/\/schema.org\",\"@graph\":[{\"@type\":\"WebPage\",\"@id\":\"https:\/\/bptps.lv\/academic-philosophy\/\",\"url\":\"https:\/\/bptps.lv\/academic-philosophy\/\",\"name\":\"Academic Philosophy - Baltic Playback Theatre and Psychodrama School\",\"isPartOf\":{\"@id\":\"https:\/\/bptps.lv\/#website\"},\"datePublished\":\"2024-04-20T18:18:12+00:00\",\"dateModified\":\"2024-12-23T10:34:50+00:00\",\"description\":\"Our academic philosophy at Baltic Playback Theater and Psychodrama School is rooted in the belief that education is a transformative and empowering process.\",\"breadcrumb\":{\"@id\":\"https:\/\/bptps.lv\/academic-philosophy\/#breadcrumb\"},\"inLanguage\":\"et\",\"potentialAction\":[{\"@type\":\"ReadAction\",\"target\":[\"https:\/\/bptps.lv\/academic-philosophy\/\"]}]},{\"@type\":\"BreadcrumbList\",\"@id\":\"https:\/\/bptps.lv\/academic-philosophy\/#breadcrumb\",\"itemListElement\":[{\"@type\":\"ListItem\",\"position\":1,\"name\":\"Home\",\"item\":\"https:\/\/bptps.lv\/\"},{\"@type\":\"ListItem\",\"position\":2,\"name\":\"Academic Philosophy\"}]},{\"@type\":\"WebSite\",\"@id\":\"https:\/\/bptps.lv\/#website\",\"url\":\"https:\/\/bptps.lv\/\",\"name\":\"Baltic Playback Theatre and Psychodrama School\",\"description\":\"Baltic Playback Theatre and Psychodrama School\",\"publisher\":{\"@id\":\"https:\/\/bptps.lv\/#organization\"},\"potentialAction\":[{\"@type\":\"SearchAction\",\"target\":{\"@type\":\"EntryPoint\",\"urlTemplate\":\"https:\/\/bptps.lv\/?s={search_term_string}\"},\"query-input\":{\"@type\":\"PropertyValueSpecification\",\"valueRequired\":true,\"valueName\":\"search_term_string\"}}],\"inLanguage\":\"et\"},{\"@type\":\"Organization\",\"@id\":\"https:\/\/bptps.lv\/#organization\",\"name\":\"Baltic Playback Theatre and Psychodrama School\",\"url\":\"https:\/\/bptps.lv\/\",\"logo\":{\"@type\":\"ImageObject\",\"inLanguage\":\"et\",\"@id\":\"https:\/\/bptps.lv\/#\/schema\/logo\/image\/\",\"url\":\"https:\/\/bptps.lv\/wp-content\/uploads\/2024\/04\/BPTPS-logo1.jpg\",\"contentUrl\":\"https:\/\/bptps.lv\/wp-content\/uploads\/2024\/04\/BPTPS-logo1.jpg\",\"width\":1599,\"height\":1600,\"caption\":\"Baltic Playback Theatre and Psychodrama School\"},\"image\":{\"@id\":\"https:\/\/bptps.lv\/#\/schema\/logo\/image\/\"},\"sameAs\":[\"https:\/\/www.facebook.com\/profile.php?id=61558483709834\",\"https:\/\/x.com\/bptps_lv\",\"https:\/\/www.instagram.com\/bptps.lv\/\",\"https:\/\/www.linkedin.com\/in\/bptps-797117338\/\",\"https:\/\/t.me\/bptps_lv\",\"https:\/\/www.youtube.com\/@BPTPS_LV\"]}]}<\/script>\n<!-- \/ Yoast SEO plugin. -->","yoast_head_json":{"title":"Academic Philosophy - Baltic Playback Theatre and Psychodrama School","description":"Our academic philosophy at Baltic Playback Theater and Psychodrama School is rooted in the belief that education is a transformative and empowering process.","robots":{"index":"index","follow":"follow","max-snippet":"max-snippet:-1","max-image-preview":"max-image-preview:large","max-video-preview":"max-video-preview:-1"},"canonical":"https:\/\/bptps.lv\/ee\/academic-philosophy\/","og_locale":"et_EE","og_type":"article","og_title":"Academic Philosophy - Baltic Playback Theatre and Psychodrama School","og_description":"Our academic philosophy at Baltic Playback Theater and Psychodrama School is rooted in the belief that education is a transformative and empowering process.","og_url":"https:\/\/bptps.lv\/ee\/academic-philosophy\/","og_site_name":"Baltic Playback Theatre and Psychodrama School","article_publisher":"https:\/\/www.facebook.com\/profile.php?id=61558483709834","article_modified_time":"2024-12-23T10:34:50+00:00","twitter_card":"summary_large_image","twitter_site":"@bptps_lv","twitter_misc":{"Est. reading time":"2 minutit"},"schema":{"@context":"https:\/\/schema.org","@graph":[{"@type":"WebPage","@id":"https:\/\/bptps.lv\/academic-philosophy\/","url":"https:\/\/bptps.lv\/academic-philosophy\/","name":"Academic Philosophy - Baltic Playback Theatre and Psychodrama School","isPartOf":{"@id":"https:\/\/bptps.lv\/#website"},"datePublished":"2024-04-20T18:18:12+00:00","dateModified":"2024-12-23T10:34:50+00:00","description":"Our academic philosophy at Baltic Playback Theater and Psychodrama School is rooted in the belief that education is a transformative and empowering process.","breadcrumb":{"@id":"https:\/\/bptps.lv\/academic-philosophy\/#breadcrumb"},"inLanguage":"et","potentialAction":[{"@type":"ReadAction","target":["https:\/\/bptps.lv\/academic-philosophy\/"]}]},{"@type":"BreadcrumbList","@id":"https:\/\/bptps.lv\/academic-philosophy\/#breadcrumb","itemListElement":[{"@type":"ListItem","position":1,"name":"Home","item":"https:\/\/bptps.lv\/"},{"@type":"ListItem","position":2,"name":"Academic Philosophy"}]},{"@type":"WebSite","@id":"https:\/\/bptps.lv\/#website","url":"https:\/\/bptps.lv\/","name":"Baltic Playback Theatre and Psychodrama School","description":"Baltic Playback Theatre and Psychodrama School","publisher":{"@id":"https:\/\/bptps.lv\/#organization"},"potentialAction":[{"@type":"SearchAction","target":{"@type":"EntryPoint","urlTemplate":"https:\/\/bptps.lv\/?s={search_term_string}"},"query-input":{"@type":"PropertyValueSpecification","valueRequired":true,"valueName":"search_term_string"}}],"inLanguage":"et"},{"@type":"Organization","@id":"https:\/\/bptps.lv\/#organization","name":"Baltic Playback Theatre and Psychodrama School","url":"https:\/\/bptps.lv\/","logo":{"@type":"ImageObject","inLanguage":"et","@id":"https:\/\/bptps.lv\/#\/schema\/logo\/image\/","url":"https:\/\/bptps.lv\/wp-content\/uploads\/2024\/04\/BPTPS-logo1.jpg","contentUrl":"https:\/\/bptps.lv\/wp-content\/uploads\/2024\/04\/BPTPS-logo1.jpg","width":1599,"height":1600,"caption":"Baltic Playback Theatre and Psychodrama School"},"image":{"@id":"https:\/\/bptps.lv\/#\/schema\/logo\/image\/"},"sameAs":["https:\/\/www.facebook.com\/profile.php?id=61558483709834","https:\/\/x.com\/bptps_lv","https:\/\/www.instagram.com\/bptps.lv\/","https:\/\/www.linkedin.com\/in\/bptps-797117338\/","https:\/\/t.me\/bptps_lv","https:\/\/www.youtube.com\/@BPTPS_LV"]}]}},"ticketed":false,"_links":{"self":[{"href":"https:\/\/bptps.lv\/ee\/wp-json\/wp\/v2\/pages\/236","targetHints":{"allow":["GET"]}}],"collection":[{"href":"https:\/\/bptps.lv\/ee\/wp-json\/wp\/v2\/pages"}],"about":[{"href":"https:\/\/bptps.lv\/ee\/wp-json\/wp\/v2\/types\/page"}],"author":[{"embeddable":true,"href":"https:\/\/bptps.lv\/ee\/wp-json\/wp\/v2\/users\/2"}],"replies":[{"embeddable":true,"href":"https:\/\/bptps.lv\/ee\/wp-json\/wp\/v2\/comments?post=236"}],"version-history":[{"count":13,"href":"https:\/\/bptps.lv\/ee\/wp-json\/wp\/v2\/pages\/236\/revisions"}],"predecessor-version":[{"id":1076,"href":"https:\/\/bptps.lv\/ee\/wp-json\/wp\/v2\/pages\/236\/revisions\/1076"}],"wp:attachment":[{"href":"https:\/\/bptps.lv\/ee\/wp-json\/wp\/v2\/media?parent=236"}],"curies":[{"name":"wp","href":"https:\/\/api.w.org\/{rel}","templated":true}]}}