{"id":174,"date":"2024-04-14T11:15:52","date_gmt":"2024-04-14T11:15:52","guid":{"rendered":"https:\/\/bptps.lv\/?page_id=174"},"modified":"2024-12-23T12:49:36","modified_gmt":"2024-12-23T10:49:36","slug":"privacy-policy","status":"publish","type":"page","link":"https:\/\/bptps.lv\/ee\/privacy-policy\/","title":{"rendered":"Privaatsuspoliitika"},"content":{"rendered":"<p>Baltic Playback Theatre and Psychodrama Schoolis (BPTPS) oleme p\u00fchendunud teie privaatsuse ja teie isikuandmete kaitsmisele. See privaatsuspoliitika kirjeldab, kuidas me kogume, kasutame ja avaldame teavet, mille meile meie teenustele juurde p\u00e4\u00e4sedes v\u00f5i seda kasutades annate.<\/p>\n\n\n\n<p class=\"has-medium-font-size\">\u00a0\u00a0<strong>\u00a0 Kogutav teave:<\/strong><\/p>\n\n\n\n<p>&nbsp;&nbsp;&nbsp;&nbsp;&nbsp;&nbsp;&nbsp; Isikuandmed: v\u00f5ime koguda isikuandmeid, nagu teie nimi, e-posti aadress ja kontaktandmed, kui registreerute meie programmidele, t\u00f6\u00f6tubadele v\u00f5i s\u00fcndmustele.<\/p>\n\n\n\n<p>&nbsp;&nbsp;&nbsp;&nbsp;&nbsp;&nbsp;&nbsp; Makseteave: kui maksate meie teenuste eest, v\u00f5ime teie tehingu turvaliseks t\u00f6\u00f6tlemiseks koguda makseteavet, n\u00e4iteks krediitkaardiandmeid.<\/p>\n\n\n\n<p>&nbsp;&nbsp;&nbsp;&nbsp;&nbsp;&nbsp;&nbsp; Kasutusandmed: v\u00f5ime koguda kasutusandmeid, sealhulgas teie IP-aadressi, brauseri t\u00fc\u00fcpi ja seadme teavet, et anal\u00fc\u00fcsida suundumusi, hallata oma veebisaiti ja t\u00e4iustada oma teenuseid.<\/p>\n\n\n\n<p class=\"has-medium-font-size\">\u00a0\u00a0\u00a0 <strong>Kuidas me teie teavet kasutame:<\/strong><\/p>\n\n\n\n<p>&nbsp;&nbsp;&nbsp;&nbsp;&nbsp;&nbsp;&nbsp; Teenuste pakkumine: kasutame teie teavet teie soovitud teenuste osutamiseks, n\u00e4iteks registreerimiste t\u00f6\u00f6tlemiseks, t\u00f6\u00f6tubade h\u00f5lbustamiseks ja teiega suhtlemiseks eelseisvate s\u00fcndmuste kohta.<\/p>\n\n\n\n<p>&nbsp;&nbsp;&nbsp;&nbsp;&nbsp;&nbsp;&nbsp; Oma teenuste t\u00e4iustamiseks: v\u00f5ime kasutada teie teavet kasutajate suundumuste anal\u00fc\u00fcsimiseks, teie kasutuskogemuse isikup\u00e4rastamiseks ning programmide ja ressursside kvaliteedi parandamiseks.<\/p>\n\n\n\n<p>&nbsp;&nbsp;&nbsp;&nbsp;&nbsp;&nbsp;&nbsp; Turunduseesm\u00e4rkidel: teie n\u00f5usolekul v\u00f5ime saata teile meie teenuste, s\u00fcndmuste ja eripakkumiste kohta reklaammeile v\u00f5i uudiskirju.<\/p>\n\n\n\n<p class=\"has-medium-font-size\">\u00a0\u00a0<strong>\u00a0 Teabe jagamine ja avalikustamine:<\/strong><\/p>\n\n\n\n<p>&nbsp;&nbsp;&nbsp;&nbsp;&nbsp;&nbsp;&nbsp; V\u00f5ime jagada teie teavet usaldusv\u00e4\u00e4rsete kolmandate osapooltega, kes abistavad meid meie teenuste osutamisel, n\u00e4iteks maksete t\u00f6\u00f6tlejad v\u00f5i turundusteenuste pakkujad. Need kolmandad osapooled on kohustatud hoidma teie teabe konfidentsiaalsust ja turvalisust.<\/p>\n\n\n\n<p>&nbsp;&nbsp;&nbsp;&nbsp;&nbsp;&nbsp;&nbsp; V\u00f5ime avaldada teie teavet vastusena juriidilisele taotlusele, nagu kohtum\u00e4\u00e4rus v\u00f5i kohtukutse, v\u00f5i kohaldatavate seaduste ja m\u00e4\u00e4ruste j\u00e4rgimiseks.<\/p>\n\n\n\n<p class=\"has-medium-font-size\">\u00a0\u00a0\u00a0<strong> Andmeturve:<\/strong><\/p>\n\n\n\n<p>&nbsp;&nbsp;&nbsp;&nbsp;&nbsp;&nbsp;&nbsp; Rakendame asjakohaseid turvameetmeid, et kaitsta teie isikuandmeid volitamata juurdep\u00e4\u00e4su, muutmise, avalikustamise v\u00f5i h\u00e4vitamise eest.<\/p>\n\n\n\n<p>&nbsp;&nbsp;&nbsp;&nbsp;&nbsp;&nbsp;&nbsp; \u00dckski Interneti- v\u00f5i elektrooniline salvestusviis ei ole siiski t\u00e4iesti turvaline. Seet\u00f5ttu ei saa me garanteerida teie teabe absoluutset turvalisust.<\/p>\n\n\n\n<p class=\"has-medium-font-size\">\u00a0\u00a0<strong>\u00a0 Teie valikud ja \u00f5igused:<\/strong><\/p>\n\n\n\n<p>&nbsp;&nbsp;&nbsp;&nbsp;&nbsp;&nbsp;&nbsp; Teil on \u00f5igus oma isikuandmetele juurde p\u00e4\u00e4seda, neid v\u00e4rskendada v\u00f5i kustutada. Kui soovite oma teabes muudatusi teha v\u00f5i turundusteadete saamisest loobuda, v\u00f5tke meiega \u00fchendust aadressil [Kontaktandmed].<\/p>\n\n\n\n<p>&nbsp;&nbsp;&nbsp;&nbsp;&nbsp;&nbsp;&nbsp; Samuti v\u00f5ite meie reklaammeilide tellimusest loobuda, j\u00e4rgides meilis toodud juhiseid.<\/p>\n\n\n\n<p class=\"has-medium-font-size\">\u00a0\u00a0\u00a0<strong> Laste privaatsus:<\/strong><\/p>\n\n\n\n<p>&nbsp;&nbsp;&nbsp;&nbsp;&nbsp;&nbsp;&nbsp; Meie teenused ei ole m\u00f5eldud alla 13-aastastele lastele. Me ei kogu teadlikult lastelt isikuandmeid ja kui saame teada, et oleme sellist teavet kogemata kogunud, v\u00f5tame meetmed selle kustutamiseks.<\/p>\n\n\n\n<p class=\"has-medium-font-size\">\u00a0\u00a0\u00a0<strong> Selle poliitika muudatused:<\/strong><\/p>\n\n\n\n<p>&nbsp;&nbsp;&nbsp;&nbsp;&nbsp;&nbsp;&nbsp; V\u00f5ime seda privaatsuspoliitikat aeg-ajalt v\u00e4rskendada, et kajastada muudatusi meie tavades v\u00f5i juriidilistes n\u00f5uetes. Teavitame teid k\u00f5igist olulistest muudatustest, postitades uuendatud poliitika meie veebisaidile.<\/p>\n\n\n\n<p>Kui teil on selle privaatsuspoliitika kohta k\u00fcsimusi v\u00f5i muresid, v\u00f5tke meiega \u00fchendust aadressil [Kontaktandmed].<\/p>\n\n\n\n<p>Viimase l\u00e4bivaatamise kuup\u00e4ev: 2024-04-14<\/p>","protected":false},"excerpt":{"rendered":"<p>Baltic Playback Theatre and Psychodrama Schoolis (BPTPS) oleme p\u00fchendunud teie privaatsuse ja teie isikuandmete kaitsmisele. See privaatsuspoliitika kirjeldab, kuidas me kogume, kasutame ja avaldame [\u2026]<\/p>","protected":false},"author":2,"featured_media":0,"parent":0,"menu_order":0,"comment_status":"closed","ping_status":"closed","template":"","meta":{"_et_pb_use_builder":"off","_et_pb_old_content":"","_et_gb_content_width":"","_price":"","_stock":"","_tribe_ticket_header":"","_tribe_default_ticket_provider":"","_tribe_ticket_capacity":"0","_ticket_start_date":"","_ticket_end_date":"","_tribe_ticket_show_description":"","_tribe_ticket_show_not_going":false,"_tribe_ticket_use_global_stock":"","_tribe_ticket_global_stock_level":"","_global_stock_mode":"","_global_stock_cap":"","_tribe_rsvp_for_event":"","_tribe_ticket_going_count":"","_tribe_ticket_not_going_count":"","_tribe_tickets_list":"[]","_tribe_ticket_has_attendee_info_fields":false,"footnotes":"","_tec_slr_enabled":"","_tec_slr_layout":""},"class_list":["post-174","page","type-page","status-publish","hentry"],"yoast_head":"<!-- This site is optimized with the Yoast SEO plugin v26.1.1 - https:\/\/yoast.com\/wordpress\/plugins\/seo\/ -->\n<title>Privacy Policy - Baltic Playback Theatre and Psychodrama School<\/title>\n<meta name=\"description\" content=\"At Baltic Playback Theater and Psychodrama School (BPTPS), we are committed to protecting your privacy and safeguarding your personal information.\" \/>\n<meta name=\"robots\" content=\"index, follow, max-snippet:-1, max-image-preview:large, max-video-preview:-1\" \/>\n<link rel=\"canonical\" href=\"https:\/\/bptps.lv\/ee\/privacy-policy\/\" \/>\n<meta property=\"og:locale\" content=\"et_EE\" \/>\n<meta property=\"og:type\" content=\"article\" \/>\n<meta property=\"og:title\" content=\"Privacy Policy - Baltic Playback Theatre and Psychodrama School\" \/>\n<meta property=\"og:description\" content=\"At Baltic Playback Theater and Psychodrama School (BPTPS), we are committed to protecting your privacy and safeguarding your personal information.\" \/>\n<meta property=\"og:url\" content=\"https:\/\/bptps.lv\/ee\/privacy-policy\/\" \/>\n<meta property=\"og:site_name\" content=\"Baltic Playback Theatre and Psychodrama School\" \/>\n<meta property=\"article:publisher\" content=\"https:\/\/www.facebook.com\/profile.php?id=61558483709834\" \/>\n<meta property=\"article:modified_time\" content=\"2024-12-23T10:49:36+00:00\" \/>\n<meta name=\"twitter:card\" content=\"summary_large_image\" \/>\n<meta name=\"twitter:site\" content=\"@bptps_lv\" \/>\n<meta name=\"twitter:label1\" content=\"Est. reading time\" \/>\n\t<meta name=\"twitter:data1\" content=\"3 minutit\" \/>\n<script type=\"application\/ld+json\" class=\"yoast-schema-graph\">{\"@context\":\"https:\/\/schema.org\",\"@graph\":[{\"@type\":\"WebPage\",\"@id\":\"https:\/\/bptps.lv\/privacy-policy\/\",\"url\":\"https:\/\/bptps.lv\/privacy-policy\/\",\"name\":\"Privacy Policy - Baltic Playback Theatre and Psychodrama School\",\"isPartOf\":{\"@id\":\"https:\/\/bptps.lv\/#website\"},\"datePublished\":\"2024-04-14T11:15:52+00:00\",\"dateModified\":\"2024-12-23T10:49:36+00:00\",\"description\":\"At Baltic Playback Theater and Psychodrama School (BPTPS), we are committed to protecting your privacy and safeguarding your personal information.\",\"breadcrumb\":{\"@id\":\"https:\/\/bptps.lv\/privacy-policy\/#breadcrumb\"},\"inLanguage\":\"et\",\"potentialAction\":[{\"@type\":\"ReadAction\",\"target\":[\"https:\/\/bptps.lv\/privacy-policy\/\"]}]},{\"@type\":\"BreadcrumbList\",\"@id\":\"https:\/\/bptps.lv\/privacy-policy\/#breadcrumb\",\"itemListElement\":[{\"@type\":\"ListItem\",\"position\":1,\"name\":\"Home\",\"item\":\"https:\/\/bptps.lv\/\"},{\"@type\":\"ListItem\",\"position\":2,\"name\":\"Privacy Policy\"}]},{\"@type\":\"WebSite\",\"@id\":\"https:\/\/bptps.lv\/#website\",\"url\":\"https:\/\/bptps.lv\/\",\"name\":\"Baltic Playback Theatre and Psychodrama School\",\"description\":\"Baltic Playback Theatre and Psychodrama School\",\"publisher\":{\"@id\":\"https:\/\/bptps.lv\/#organization\"},\"potentialAction\":[{\"@type\":\"SearchAction\",\"target\":{\"@type\":\"EntryPoint\",\"urlTemplate\":\"https:\/\/bptps.lv\/?s={search_term_string}\"},\"query-input\":{\"@type\":\"PropertyValueSpecification\",\"valueRequired\":true,\"valueName\":\"search_term_string\"}}],\"inLanguage\":\"et\"},{\"@type\":\"Organization\",\"@id\":\"https:\/\/bptps.lv\/#organization\",\"name\":\"Baltic Playback Theatre and Psychodrama School\",\"url\":\"https:\/\/bptps.lv\/\",\"logo\":{\"@type\":\"ImageObject\",\"inLanguage\":\"et\",\"@id\":\"https:\/\/bptps.lv\/#\/schema\/logo\/image\/\",\"url\":\"https:\/\/bptps.lv\/wp-content\/uploads\/2024\/04\/BPTPS-logo1.jpg\",\"contentUrl\":\"https:\/\/bptps.lv\/wp-content\/uploads\/2024\/04\/BPTPS-logo1.jpg\",\"width\":1599,\"height\":1600,\"caption\":\"Baltic Playback Theatre and Psychodrama School\"},\"image\":{\"@id\":\"https:\/\/bptps.lv\/#\/schema\/logo\/image\/\"},\"sameAs\":[\"https:\/\/www.facebook.com\/profile.php?id=61558483709834\",\"https:\/\/x.com\/bptps_lv\",\"https:\/\/www.instagram.com\/bptps.lv\/\",\"https:\/\/www.linkedin.com\/in\/bptps-797117338\/\",\"https:\/\/t.me\/bptps_lv\",\"https:\/\/www.youtube.com\/@BPTPS_LV\"]}]}<\/script>\n<!-- \/ Yoast SEO plugin. -->","yoast_head_json":{"title":"Privacy Policy - Baltic Playback Theatre and Psychodrama School","description":"At Baltic Playback Theater and Psychodrama School (BPTPS), we are committed to protecting your privacy and safeguarding your personal information.","robots":{"index":"index","follow":"follow","max-snippet":"max-snippet:-1","max-image-preview":"max-image-preview:large","max-video-preview":"max-video-preview:-1"},"canonical":"https:\/\/bptps.lv\/ee\/privacy-policy\/","og_locale":"et_EE","og_type":"article","og_title":"Privacy Policy - Baltic Playback Theatre and Psychodrama School","og_description":"At Baltic Playback Theater and Psychodrama School (BPTPS), we are committed to protecting your privacy and safeguarding your personal information.","og_url":"https:\/\/bptps.lv\/ee\/privacy-policy\/","og_site_name":"Baltic Playback Theatre and Psychodrama School","article_publisher":"https:\/\/www.facebook.com\/profile.php?id=61558483709834","article_modified_time":"2024-12-23T10:49:36+00:00","twitter_card":"summary_large_image","twitter_site":"@bptps_lv","twitter_misc":{"Est. reading time":"3 minutit"},"schema":{"@context":"https:\/\/schema.org","@graph":[{"@type":"WebPage","@id":"https:\/\/bptps.lv\/privacy-policy\/","url":"https:\/\/bptps.lv\/privacy-policy\/","name":"Privacy Policy - Baltic Playback Theatre and Psychodrama School","isPartOf":{"@id":"https:\/\/bptps.lv\/#website"},"datePublished":"2024-04-14T11:15:52+00:00","dateModified":"2024-12-23T10:49:36+00:00","description":"At Baltic Playback Theater and Psychodrama School (BPTPS), we are committed to protecting your privacy and safeguarding your personal information.","breadcrumb":{"@id":"https:\/\/bptps.lv\/privacy-policy\/#breadcrumb"},"inLanguage":"et","potentialAction":[{"@type":"ReadAction","target":["https:\/\/bptps.lv\/privacy-policy\/"]}]},{"@type":"BreadcrumbList","@id":"https:\/\/bptps.lv\/privacy-policy\/#breadcrumb","itemListElement":[{"@type":"ListItem","position":1,"name":"Home","item":"https:\/\/bptps.lv\/"},{"@type":"ListItem","position":2,"name":"Privacy Policy"}]},{"@type":"WebSite","@id":"https:\/\/bptps.lv\/#website","url":"https:\/\/bptps.lv\/","name":"Baltic Playback Theatre and Psychodrama School","description":"Baltic Playback Theatre and Psychodrama School","publisher":{"@id":"https:\/\/bptps.lv\/#organization"},"potentialAction":[{"@type":"SearchAction","target":{"@type":"EntryPoint","urlTemplate":"https:\/\/bptps.lv\/?s={search_term_string}"},"query-input":{"@type":"PropertyValueSpecification","valueRequired":true,"valueName":"search_term_string"}}],"inLanguage":"et"},{"@type":"Organization","@id":"https:\/\/bptps.lv\/#organization","name":"Baltic Playback Theatre and Psychodrama School","url":"https:\/\/bptps.lv\/","logo":{"@type":"ImageObject","inLanguage":"et","@id":"https:\/\/bptps.lv\/#\/schema\/logo\/image\/","url":"https:\/\/bptps.lv\/wp-content\/uploads\/2024\/04\/BPTPS-logo1.jpg","contentUrl":"https:\/\/bptps.lv\/wp-content\/uploads\/2024\/04\/BPTPS-logo1.jpg","width":1599,"height":1600,"caption":"Baltic Playback Theatre and Psychodrama School"},"image":{"@id":"https:\/\/bptps.lv\/#\/schema\/logo\/image\/"},"sameAs":["https:\/\/www.facebook.com\/profile.php?id=61558483709834","https:\/\/x.com\/bptps_lv","https:\/\/www.instagram.com\/bptps.lv\/","https:\/\/www.linkedin.com\/in\/bptps-797117338\/","https:\/\/t.me\/bptps_lv","https:\/\/www.youtube.com\/@BPTPS_LV"]}]}},"ticketed":false,"_links":{"self":[{"href":"https:\/\/bptps.lv\/ee\/wp-json\/wp\/v2\/pages\/174","targetHints":{"allow":["GET"]}}],"collection":[{"href":"https:\/\/bptps.lv\/ee\/wp-json\/wp\/v2\/pages"}],"about":[{"href":"https:\/\/bptps.lv\/ee\/wp-json\/wp\/v2\/types\/page"}],"author":[{"embeddable":true,"href":"https:\/\/bptps.lv\/ee\/wp-json\/wp\/v2\/users\/2"}],"replies":[{"embeddable":true,"href":"https:\/\/bptps.lv\/ee\/wp-json\/wp\/v2\/comments?post=174"}],"version-history":[{"count":1,"href":"https:\/\/bptps.lv\/ee\/wp-json\/wp\/v2\/pages\/174\/revisions"}],"predecessor-version":[{"id":175,"href":"https:\/\/bptps.lv\/ee\/wp-json\/wp\/v2\/pages\/174\/revisions\/175"}],"wp:attachment":[{"href":"https:\/\/bptps.lv\/ee\/wp-json\/wp\/v2\/media?parent=174"}],"curies":[{"name":"wp","href":"https:\/\/api.w.org\/{rel}","templated":true}]}}