{"id":172,"date":"2024-04-14T11:13:57","date_gmt":"2024-04-14T11:13:57","guid":{"rendered":"https:\/\/bptps.lv\/?page_id=172"},"modified":"2024-12-23T12:42:29","modified_gmt":"2024-12-23T10:42:29","slug":"conditions-of-use","status":"publish","type":"page","link":"https:\/\/bptps.lv\/ee\/conditions-of-use\/","title":{"rendered":"Kasutustingimused"},"content":{"rendered":"<p class=\"has-medium-font-size\">\u00a0\u00a0\u00a0 <strong>Tingimustega n\u00f5ustumine<\/strong><\/p>\n\n\n\n<p>Baltic Playback Theatre and Psychodrama School (BPTPS) pakutavatele teenustele juurde p\u00e4\u00e4sedes v\u00f5i neid kasutades n\u00f5ustute j\u00e4rgima neid kasutustingimusi. Kui te ei n\u00f5ustu m\u00f5ne nende tingimustega, ei tohi te meie teenustele juurde p\u00e4\u00e4seda ega neid kasutada.<\/p>\n\n\n\n<p class=\"has-medium-font-size\">\u00a0\u00a0\u00a0 <strong>Materjalide kasutamine<\/strong><\/p>\n\n\n\n<p>K\u00f5ik BPTPS-i pakutavad materjalid, sealhulgas, kuid mitte ainult, tekst, pildid, videod ja helisalvestised, on kaitstud autori\u00f5iguse ja muude intellektuaalomandi seadustega. Saate neid materjale kasutada ainult isiklikel, mitte\u00e4rilistel eesm\u00e4rkidel ega tohi neid reprodutseerida, levitada ega muuta ilma BPTPS-i eelneva kirjaliku n\u00f5usolekuta.<\/p>\n\n\n\n<p class=\"has-medium-font-size\">\u00a0\u00a0\u00a0 <strong>Kasutaja k\u00e4itumine<\/strong><\/p>\n\n\n\n<p>N\u00f5ustute kasutama BPTPS-i teenuseid seaduslikul, lugupidaval viisil ja koosk\u00f5las k\u00e4esolevate kasutustingimustega. Te ei tohi osaleda k\u00e4itumises, mis v\u00f5ib h\u00e4irida v\u00f5i segada meie teenuste t\u00f6\u00f6d v\u00f5i teiste kasutajate kogemusi.<\/p>\n\n\n\n<p class=\"has-medium-font-size\">\u00a0\u00a0\u00a0 <strong>Privaatsus<\/strong><\/p>\n\n\n\n<p>BPTPS austab teie privaatsust ja on p\u00fchendunud teie isikuandmete kaitsmisele. Lisateavet selle kohta, kuidas me teie teavet kogume, kasutame ja avaldame, vaadake meie privaatsuspoliitikast.<\/p>\n\n\n\n<p class=\"has-medium-font-size\">\u00a0\u00a0\u00a0 <strong>Kolmandate osapoolte lingid<\/strong><\/p>\n\n\n\n<p>BPTPS-teenused v\u00f5ivad sisaldada linke kolmandate osapoolte veebisaitidele v\u00f5i ressurssidele. Need lingid on esitatud ainult teie mugavuse huvides ja BPTPS ei vastuta nende saitide sisu ega saadavuse eest. Kolmandate osapoolte veebisaitide kasutamisele kehtivad nende vastavad n\u00f5uded ja tingimused.<\/p>\n\n\n\n<p class=\"has-medium-font-size\">\u00a0\u00a0\u00a0 <strong>Garantiidest loobumine<\/strong><\/p>\n\n\n\n<p>BPTPS-i teenuseid osutatakse p\u00f5him\u00f5ttel &quot;nagu on&quot; ja &quot;nagu saadaval&quot;, ilma igasuguste otseste v\u00f5i kaudsete garantiide v\u00f5i kinnitusteta. BPTPS ei garanteeri tema teenuste kaudu pakutava teabe t\u00e4psust, t\u00e4ielikkust ega usaldusv\u00e4\u00e4rsust.<\/p>\n\n\n\n<p class=\"has-medium-font-size\">\u00a0\u00a0\u00a0<strong> Vastutuse piirang<\/strong><\/p>\n\n\n\n<p>BPTPS ei vastuta otseste, kaudsete, juhuslike, eriliste v\u00f5i kaudsete kahjude eest, mis tulenevad tema teenuste kasutamisest v\u00f5i sellega mingil viisil seotud, isegi kui BPTPS-i on selliste kahjude v\u00f5imalikkusest teavitatud.<\/p>\n\n\n\n<p class=\"has-medium-font-size\">\u00a0\u00a0\u00a0<strong> Tingimuste muutmine<\/strong><\/p>\n\n\n\n<p>BPTPS j\u00e4tab endale \u00f5iguse k\u00e4esolevaid kasutustingimusi igal ajal ilma ette teatamata muuta v\u00f5i uuendada. Teie j\u00e4tkuv meie teenuste kasutamine p\u00e4rast muudatusi n\u00e4itab, et n\u00f5ustute v\u00e4rskendatud tingimustega.<\/p>\n\n\n\n<p class=\"has-medium-font-size\">\u00a0\u00a0\u00a0 <strong>Kehtiv seadus<\/strong><\/p>\n\n\n\n<p>Neid kasutustingimusi reguleerivad ja t\u00f5lgendatakse vastavalt [jurisdiktsiooni] seadustele, arvestamata selle kollisiooninorme.<\/p>\n\n\n\n<p>Kui teil on nende kasutustingimuste kohta k\u00fcsimusi v\u00f5i muresid, v\u00f5tke meiega \u00fchendust aadressil [Kontaktandmed].<\/p>\n\n\n\n<p>Viimase l\u00e4bivaatamise kuup\u00e4ev: 2024-04-14<\/p>","protected":false},"excerpt":{"rendered":"<p>\u00a0\u00a0\u00a0 Acceptance of Terms By accessing or using any services provided by Baltic Playback Theater and Psychodrama School (BPTPS), you agree to be bound by these Conditions of Use. If [&hellip;]<\/p>","protected":false},"author":2,"featured_media":0,"parent":0,"menu_order":0,"comment_status":"closed","ping_status":"closed","template":"","meta":{"_et_pb_use_builder":"off","_et_pb_old_content":"","_et_gb_content_width":"1080","_price":"","_stock":"","_tribe_ticket_header":"","_tribe_default_ticket_provider":"","_tribe_ticket_capacity":"0","_ticket_start_date":"","_ticket_end_date":"","_tribe_ticket_show_description":"","_tribe_ticket_show_not_going":false,"_tribe_ticket_use_global_stock":"","_tribe_ticket_global_stock_level":"","_global_stock_mode":"","_global_stock_cap":"","_tribe_rsvp_for_event":"","_tribe_ticket_going_count":"","_tribe_ticket_not_going_count":"","_tribe_tickets_list":"[]","_tribe_ticket_has_attendee_info_fields":false,"footnotes":"","_tec_slr_enabled":"","_tec_slr_layout":""},"class_list":["post-172","page","type-page","status-publish","hentry"],"yoast_head":"<!-- This site is optimized with the Yoast SEO plugin v26.1.1 - https:\/\/yoast.com\/wordpress\/plugins\/seo\/ -->\n<title>Conditions of Use - Baltic Playback Theatre and Psychodrama School<\/title>\n<meta name=\"description\" content=\"y accessing or using any services provided by Baltic Playback Theater and Psychodrama School (BPTPS), you agree to be bound by these Conditions of Use.\" \/>\n<meta name=\"robots\" content=\"index, follow, max-snippet:-1, max-image-preview:large, max-video-preview:-1\" \/>\n<link rel=\"canonical\" href=\"https:\/\/bptps.lv\/ee\/conditions-of-use\/\" \/>\n<meta property=\"og:locale\" content=\"et_EE\" \/>\n<meta property=\"og:type\" content=\"article\" \/>\n<meta property=\"og:title\" content=\"Conditions of Use - Baltic Playback Theatre and Psychodrama School\" \/>\n<meta property=\"og:description\" content=\"y accessing or using any services provided by Baltic Playback Theater and Psychodrama School (BPTPS), you agree to be bound by these Conditions of Use.\" \/>\n<meta property=\"og:url\" content=\"https:\/\/bptps.lv\/ee\/conditions-of-use\/\" \/>\n<meta property=\"og:site_name\" content=\"Baltic Playback Theatre and Psychodrama School\" \/>\n<meta property=\"article:publisher\" content=\"https:\/\/www.facebook.com\/profile.php?id=61558483709834\" \/>\n<meta property=\"article:modified_time\" content=\"2024-12-23T10:42:29+00:00\" \/>\n<meta name=\"twitter:card\" content=\"summary_large_image\" \/>\n<meta name=\"twitter:site\" content=\"@bptps_lv\" \/>\n<meta name=\"twitter:label1\" content=\"Est. reading time\" \/>\n\t<meta name=\"twitter:data1\" content=\"2 minutit\" \/>\n<script type=\"application\/ld+json\" class=\"yoast-schema-graph\">{\"@context\":\"https:\/\/schema.org\",\"@graph\":[{\"@type\":\"WebPage\",\"@id\":\"https:\/\/bptps.lv\/conditions-of-use\/\",\"url\":\"https:\/\/bptps.lv\/conditions-of-use\/\",\"name\":\"Conditions of Use - Baltic Playback Theatre and Psychodrama School\",\"isPartOf\":{\"@id\":\"https:\/\/bptps.lv\/#website\"},\"datePublished\":\"2024-04-14T11:13:57+00:00\",\"dateModified\":\"2024-12-23T10:42:29+00:00\",\"description\":\"y accessing or using any services provided by Baltic Playback Theater and Psychodrama School (BPTPS), you agree to be bound by these Conditions of Use.\",\"breadcrumb\":{\"@id\":\"https:\/\/bptps.lv\/conditions-of-use\/#breadcrumb\"},\"inLanguage\":\"et\",\"potentialAction\":[{\"@type\":\"ReadAction\",\"target\":[\"https:\/\/bptps.lv\/conditions-of-use\/\"]}]},{\"@type\":\"BreadcrumbList\",\"@id\":\"https:\/\/bptps.lv\/conditions-of-use\/#breadcrumb\",\"itemListElement\":[{\"@type\":\"ListItem\",\"position\":1,\"name\":\"Home\",\"item\":\"https:\/\/bptps.lv\/\"},{\"@type\":\"ListItem\",\"position\":2,\"name\":\"Conditions of Use\"}]},{\"@type\":\"WebSite\",\"@id\":\"https:\/\/bptps.lv\/#website\",\"url\":\"https:\/\/bptps.lv\/\",\"name\":\"Baltic Playback Theatre and Psychodrama School\",\"description\":\"Baltic Playback Theatre and Psychodrama School\",\"publisher\":{\"@id\":\"https:\/\/bptps.lv\/#organization\"},\"potentialAction\":[{\"@type\":\"SearchAction\",\"target\":{\"@type\":\"EntryPoint\",\"urlTemplate\":\"https:\/\/bptps.lv\/?s={search_term_string}\"},\"query-input\":{\"@type\":\"PropertyValueSpecification\",\"valueRequired\":true,\"valueName\":\"search_term_string\"}}],\"inLanguage\":\"et\"},{\"@type\":\"Organization\",\"@id\":\"https:\/\/bptps.lv\/#organization\",\"name\":\"Baltic Playback Theatre and Psychodrama School\",\"url\":\"https:\/\/bptps.lv\/\",\"logo\":{\"@type\":\"ImageObject\",\"inLanguage\":\"et\",\"@id\":\"https:\/\/bptps.lv\/#\/schema\/logo\/image\/\",\"url\":\"https:\/\/bptps.lv\/wp-content\/uploads\/2024\/04\/BPTPS-logo1.jpg\",\"contentUrl\":\"https:\/\/bptps.lv\/wp-content\/uploads\/2024\/04\/BPTPS-logo1.jpg\",\"width\":1599,\"height\":1600,\"caption\":\"Baltic Playback Theatre and Psychodrama School\"},\"image\":{\"@id\":\"https:\/\/bptps.lv\/#\/schema\/logo\/image\/\"},\"sameAs\":[\"https:\/\/www.facebook.com\/profile.php?id=61558483709834\",\"https:\/\/x.com\/bptps_lv\",\"https:\/\/www.instagram.com\/bptps.lv\/\",\"https:\/\/www.linkedin.com\/in\/bptps-797117338\/\",\"https:\/\/t.me\/bptps_lv\",\"https:\/\/www.youtube.com\/@BPTPS_LV\"]}]}<\/script>\n<!-- \/ Yoast SEO plugin. -->","yoast_head_json":{"title":"Conditions of Use - Baltic Playback Theatre and Psychodrama School","description":"y accessing or using any services provided by Baltic Playback Theater and Psychodrama School (BPTPS), you agree to be bound by these Conditions of Use.","robots":{"index":"index","follow":"follow","max-snippet":"max-snippet:-1","max-image-preview":"max-image-preview:large","max-video-preview":"max-video-preview:-1"},"canonical":"https:\/\/bptps.lv\/ee\/conditions-of-use\/","og_locale":"et_EE","og_type":"article","og_title":"Conditions of Use - Baltic Playback Theatre and Psychodrama School","og_description":"y accessing or using any services provided by Baltic Playback Theater and Psychodrama School (BPTPS), you agree to be bound by these Conditions of Use.","og_url":"https:\/\/bptps.lv\/ee\/conditions-of-use\/","og_site_name":"Baltic Playback Theatre and Psychodrama School","article_publisher":"https:\/\/www.facebook.com\/profile.php?id=61558483709834","article_modified_time":"2024-12-23T10:42:29+00:00","twitter_card":"summary_large_image","twitter_site":"@bptps_lv","twitter_misc":{"Est. reading time":"2 minutit"},"schema":{"@context":"https:\/\/schema.org","@graph":[{"@type":"WebPage","@id":"https:\/\/bptps.lv\/conditions-of-use\/","url":"https:\/\/bptps.lv\/conditions-of-use\/","name":"Conditions of Use - Baltic Playback Theatre and Psychodrama School","isPartOf":{"@id":"https:\/\/bptps.lv\/#website"},"datePublished":"2024-04-14T11:13:57+00:00","dateModified":"2024-12-23T10:42:29+00:00","description":"y accessing or using any services provided by Baltic Playback Theater and Psychodrama School (BPTPS), you agree to be bound by these Conditions of Use.","breadcrumb":{"@id":"https:\/\/bptps.lv\/conditions-of-use\/#breadcrumb"},"inLanguage":"et","potentialAction":[{"@type":"ReadAction","target":["https:\/\/bptps.lv\/conditions-of-use\/"]}]},{"@type":"BreadcrumbList","@id":"https:\/\/bptps.lv\/conditions-of-use\/#breadcrumb","itemListElement":[{"@type":"ListItem","position":1,"name":"Home","item":"https:\/\/bptps.lv\/"},{"@type":"ListItem","position":2,"name":"Conditions of Use"}]},{"@type":"WebSite","@id":"https:\/\/bptps.lv\/#website","url":"https:\/\/bptps.lv\/","name":"Baltic Playback Theatre and Psychodrama School","description":"Baltic Playback Theatre and Psychodrama School","publisher":{"@id":"https:\/\/bptps.lv\/#organization"},"potentialAction":[{"@type":"SearchAction","target":{"@type":"EntryPoint","urlTemplate":"https:\/\/bptps.lv\/?s={search_term_string}"},"query-input":{"@type":"PropertyValueSpecification","valueRequired":true,"valueName":"search_term_string"}}],"inLanguage":"et"},{"@type":"Organization","@id":"https:\/\/bptps.lv\/#organization","name":"Baltic Playback Theatre and Psychodrama School","url":"https:\/\/bptps.lv\/","logo":{"@type":"ImageObject","inLanguage":"et","@id":"https:\/\/bptps.lv\/#\/schema\/logo\/image\/","url":"https:\/\/bptps.lv\/wp-content\/uploads\/2024\/04\/BPTPS-logo1.jpg","contentUrl":"https:\/\/bptps.lv\/wp-content\/uploads\/2024\/04\/BPTPS-logo1.jpg","width":1599,"height":1600,"caption":"Baltic Playback Theatre and Psychodrama School"},"image":{"@id":"https:\/\/bptps.lv\/#\/schema\/logo\/image\/"},"sameAs":["https:\/\/www.facebook.com\/profile.php?id=61558483709834","https:\/\/x.com\/bptps_lv","https:\/\/www.instagram.com\/bptps.lv\/","https:\/\/www.linkedin.com\/in\/bptps-797117338\/","https:\/\/t.me\/bptps_lv","https:\/\/www.youtube.com\/@BPTPS_LV"]}]}},"ticketed":false,"_links":{"self":[{"href":"https:\/\/bptps.lv\/ee\/wp-json\/wp\/v2\/pages\/172","targetHints":{"allow":["GET"]}}],"collection":[{"href":"https:\/\/bptps.lv\/ee\/wp-json\/wp\/v2\/pages"}],"about":[{"href":"https:\/\/bptps.lv\/ee\/wp-json\/wp\/v2\/types\/page"}],"author":[{"embeddable":true,"href":"https:\/\/bptps.lv\/ee\/wp-json\/wp\/v2\/users\/2"}],"replies":[{"embeddable":true,"href":"https:\/\/bptps.lv\/ee\/wp-json\/wp\/v2\/comments?post=172"}],"version-history":[{"count":1,"href":"https:\/\/bptps.lv\/ee\/wp-json\/wp\/v2\/pages\/172\/revisions"}],"predecessor-version":[{"id":173,"href":"https:\/\/bptps.lv\/ee\/wp-json\/wp\/v2\/pages\/172\/revisions\/173"}],"wp:attachment":[{"href":"https:\/\/bptps.lv\/ee\/wp-json\/wp\/v2\/media?parent=172"}],"curies":[{"name":"wp","href":"https:\/\/api.w.org\/{rel}","templated":true}]}}